{"id":9979,"date":"2024-01-10T15:12:01","date_gmt":"2024-01-10T18:12:01","guid":{"rendered":"http:\/\/tecgraf.com.br\/?page_id=9979"},"modified":"2024-07-30T15:10:18","modified_gmt":"2024-07-30T18:10:18","slug":"quem-somos","status":"publish","type":"page","link":"https:\/\/tecgraf.com.br\/es\/quem-somos\/","title":{"rendered":"QUEM SOMOS"},"content":{"rendered":"<div data-elementor-type=\"wp-page\" data-elementor-id=\"9979\" class=\"elementor elementor-9979\" data-elementor-post-type=\"page\">\n\t\t\t\t\t\t<section class=\"elementor-section elementor-top-section elementor-element elementor-element-9a696e7 elementor-section-full_width elementor-section-height-default elementor-section-height-default\" data-id=\"9a696e7\" data-element_type=\"section\">\n\t\t\t\t\t\t<div class=\"elementor-container elementor-column-gap-no\">\n\t\t\t\t\t<div class=\"elementor-column elementor-col-100 elementor-top-column elementor-element elementor-element-ff2c729\" data-id=\"ff2c729\" data-element_type=\"column\">\n\t\t\t<div class=\"elementor-widget-wrap elementor-element-populated\">\n\t\t\t\t\t\t<div class=\"elementor-element elementor-element-f1aa872 elementor-widget__width-inherit elementor-widget elementor-widget-image\" data-id=\"f1aa872\" data-element_type=\"widget\" data-widget_type=\"image.default\">\n\t\t\t\t<div class=\"elementor-widget-container\">\n\t\t\t\t\t\t\t\t\t\t\t\t\t\t\t<img fetchpriority=\"high\" decoding=\"async\" width=\"1600\" height=\"530\" src=\"http:\/\/tecgraf.com.br\/wp-content\/uploads\/2024\/10\/cabecalhos_site_espanhol-01_quemsomos-1.jpg\" class=\"attachment-full size-full wp-image-9985\" alt=\"\" srcset=\"https:\/\/tecgraf.com.br\/wp-content\/uploads\/2024\/10\/cabecalhos_site_espanhol-01_quemsomos-1.jpg 1600w, https:\/\/tecgraf.com.br\/wp-content\/uploads\/2024\/10\/cabecalhos_site_espanhol-01_quemsomos-1-300x99.jpg 300w, https:\/\/tecgraf.com.br\/wp-content\/uploads\/2024\/10\/cabecalhos_site_espanhol-01_quemsomos-1-1024x339.jpg 1024w, https:\/\/tecgraf.com.br\/wp-content\/uploads\/2024\/10\/cabecalhos_site_espanhol-01_quemsomos-1-768x254.jpg 768w, https:\/\/tecgraf.com.br\/wp-content\/uploads\/2024\/10\/cabecalhos_site_espanhol-01_quemsomos-1-1536x509.jpg 1536w, https:\/\/tecgraf.com.br\/wp-content\/uploads\/2024\/10\/cabecalhos_site_espanhol-01_quemsomos-1-18x6.jpg 18w\" sizes=\"(max-width: 1600px) 100vw, 1600px\" \/>\t\t\t\t\t\t\t\t\t\t\t\t\t\t\t<\/div>\n\t\t\t\t<\/div>\n\t\t\t\t\t<\/div>\n\t\t<\/div>\n\t\t\t\t\t<\/div>\n\t\t<\/section>\n\t\t\t\t<section class=\"elementor-section elementor-top-section elementor-element elementor-element-51ca30c elementor-section-boxed elementor-section-height-default elementor-section-height-default\" data-id=\"51ca30c\" data-element_type=\"section\">\n\t\t\t\t\t\t<div class=\"elementor-container elementor-column-gap-default\">\n\t\t\t\t\t<div class=\"elementor-column elementor-col-100 elementor-top-column elementor-element elementor-element-e64f828\" data-id=\"e64f828\" data-element_type=\"column\">\n\t\t\t<div class=\"elementor-widget-wrap elementor-element-populated\">\n\t\t\t\t\t\t<div class=\"elementor-element elementor-element-b0333c0 elementor-widget elementor-widget-spacer\" data-id=\"b0333c0\" data-element_type=\"widget\" data-widget_type=\"spacer.default\">\n\t\t\t\t<div class=\"elementor-widget-container\">\n\t\t\t\t\t\t\t<div class=\"elementor-spacer\">\n\t\t\t<div class=\"elementor-spacer-inner\"><\/div>\n\t\t<\/div>\n\t\t\t\t\t\t<\/div>\n\t\t\t\t<\/div>\n\t\t\t\t\t<\/div>\n\t\t<\/div>\n\t\t\t\t\t<\/div>\n\t\t<\/section>\n\t\t\t\t<section class=\"elementor-section elementor-top-section elementor-element elementor-element-5b93ac4 elementor-section-boxed elementor-section-height-default elementor-section-height-default\" data-id=\"5b93ac4\" data-element_type=\"section\">\n\t\t\t\t\t\t<div class=\"elementor-container elementor-column-gap-default\">\n\t\t\t\t\t<div class=\"elementor-column elementor-col-100 elementor-top-column elementor-element elementor-element-c22024c\" data-id=\"c22024c\" data-element_type=\"column\">\n\t\t\t<div class=\"elementor-widget-wrap elementor-element-populated\">\n\t\t\t\t\t\t<div class=\"elementor-element elementor-element-436eafb elementor-widget elementor-widget-heading\" data-id=\"436eafb\" data-element_type=\"widget\" data-widget_type=\"heading.default\">\n\t\t\t\t<div class=\"elementor-widget-container\">\n\t\t\t\t\t<h2 class=\"elementor-heading-title elementor-size-default\"><span style=\"color: var( --e-global-color-primary )\">Institucional<\/span><\/h2>\t\t\t\t<\/div>\n\t\t\t\t<\/div>\n\t\t\t\t<div class=\"elementor-element elementor-element-d43fb0c elementor-widget elementor-widget-text-editor\" data-id=\"d43fb0c\" data-element_type=\"widget\" data-widget_type=\"text-editor.default\">\n\t\t\t\t<div class=\"elementor-widget-container\">\n\t\t\t\t\t\t\t\t\t<p style=\"color: #000000; font-size: 18px; letter-spacing: 0.5px;\" class=\" translation-block\">TECGRAF AGRO nace en 1990 con el objetivo de brindar soluciones en tecnolog\u00edas CAD. Hacia el a\u00f1o 2010, en un intento por satisfacer las necesidades de los productores que buscaban adaptarse a las nuevas tecnolog\u00edas en el campo, como la aplicaci\u00f3n de GPS y pilotos autom\u00e1ticos, TECGRAF AGRO comenz\u00f3 a desarrollar soluciones para proyectos agr\u00edcolas avanzados.<\/p>\n<p style=\"color: #000000; font-size: 18px; letter-spacing: 0.5px;\" class=\" translation-block\">Somos pioneros en este tipo de soluciones y nuestro \u00e9xito en el mercado se debe principalmente a nuestra dedicaci\u00f3n por entender a nuestros clientes y desarrollar soluciones que realmente satisfagan sus necesidades en el campo, aumentando la productividad y rentabilidad de sus cultivos.<\/p>\n<p style=\"color: #000000; font-size: 18px; letter-spacing: 0.5px;\" class=\" translation-block\">Estamos presentes en todo Brasil y en otros 17 pa\u00edses de los cinco continentes. Nos basamos en la \u00e9tica, la seriedad, la innovaci\u00f3n y el compromiso con lo que se combina para brindar una experiencia altamente positiva a nuestros clientes en todos los \u00e1mbitos de nuestra empresa.<\/p>\n<p style=\"color: #000000; font-size: 18px; letter-spacing: 0.5px;\" class=\" translation-block\">Guiados por nuestros valores, mantenemos actualizados nuestros productos basados \u200b\u200ben nuevas tecnolog\u00edas vinculadas a las actividades agr\u00edcolas, brindamos capacitaci\u00f3n y soporte t\u00e9cnico de alto nivel, difundimos novedades y mejoramos continuamente el modelo de negocio para que todos los clientes tengan f\u00e1cil acceso a nuestros productos, con condiciones comerciales claras y accesibles.<\/p>\t\t\t\t\t\t\t\t<\/div>\n\t\t\t\t<\/div>\n\t\t\t\t\t<\/div>\n\t\t<\/div>\n\t\t\t\t\t<\/div>\n\t\t<\/section>\n\t\t\t\t<section class=\"elementor-section elementor-top-section elementor-element elementor-element-51bea4d elementor-section-boxed elementor-section-height-default elementor-section-height-default\" data-id=\"51bea4d\" data-element_type=\"section\">\n\t\t\t\t\t\t<div class=\"elementor-container elementor-column-gap-default\">\n\t\t\t\t\t<div class=\"elementor-column elementor-col-100 elementor-top-column elementor-element elementor-element-a7a6765\" data-id=\"a7a6765\" data-element_type=\"column\">\n\t\t\t<div class=\"elementor-widget-wrap elementor-element-populated\">\n\t\t\t\t\t\t<div class=\"elementor-element elementor-element-1adc0fd elementor-widget elementor-widget-spacer\" data-id=\"1adc0fd\" data-element_type=\"widget\" data-widget_type=\"spacer.default\">\n\t\t\t\t<div class=\"elementor-widget-container\">\n\t\t\t\t\t\t\t<div class=\"elementor-spacer\">\n\t\t\t<div class=\"elementor-spacer-inner\"><\/div>\n\t\t<\/div>\n\t\t\t\t\t\t<\/div>\n\t\t\t\t<\/div>\n\t\t\t\t\t<\/div>\n\t\t<\/div>\n\t\t\t\t\t<\/div>\n\t\t<\/section>\n\t\t\t\t<\/div>","protected":false},"excerpt":{"rendered":"<p>Institucional A&nbsp;TECGRAF AGRO&nbsp;nasceu em 1990 com o objetivo de fornecer solu\u00e7\u00f5es em tecnologias CAD. Por volta de 2010, em busca de atender as necessidades de produtores que procuravam se adaptar \u00e0s novas tecnologias no campo, como a aplica\u00e7\u00e3o do GPS &hellip; <a href=\"https:\/\/tecgraf.com.br\/es\/quem-somos\/\">Continuar<\/a><\/p>","protected":false},"author":2,"featured_media":0,"parent":0,"menu_order":0,"comment_status":"closed","ping_status":"closed","template":"elementor_header_footer","meta":{"kt_blocks_editor_width":"","_joinchat":[],"footnotes":""},"class_list":["post-9979","page","type-page","status-publish","hentry"],"_links":{"self":[{"href":"https:\/\/tecgraf.com.br\/es\/wp-json\/wp\/v2\/pages\/9979"}],"collection":[{"href":"https:\/\/tecgraf.com.br\/es\/wp-json\/wp\/v2\/pages"}],"about":[{"href":"https:\/\/tecgraf.com.br\/es\/wp-json\/wp\/v2\/types\/page"}],"author":[{"embeddable":true,"href":"https:\/\/tecgraf.com.br\/es\/wp-json\/wp\/v2\/users\/2"}],"replies":[{"embeddable":true,"href":"https:\/\/tecgraf.com.br\/es\/wp-json\/wp\/v2\/comments?post=9979"}],"version-history":[{"count":86,"href":"https:\/\/tecgraf.com.br\/es\/wp-json\/wp\/v2\/pages\/9979\/revisions"}],"predecessor-version":[{"id":11463,"href":"https:\/\/tecgraf.com.br\/es\/wp-json\/wp\/v2\/pages\/9979\/revisions\/11463"}],"wp:attachment":[{"href":"https:\/\/tecgraf.com.br\/es\/wp-json\/wp\/v2\/media?parent=9979"}],"curies":[{"name":"wp","href":"https:\/\/api.w.org\/{rel}","templated":true}]}}