{"id":9603,"date":"2023-07-19T22:52:37","date_gmt":"2023-07-20T01:52:37","guid":{"rendered":"https:\/\/tecgraf.com.br\/?page_id=9603"},"modified":"2024-05-15T15:40:45","modified_gmt":"2024-05-15T18:40:45","slug":"autodesk","status":"publish","type":"page","link":"https:\/\/tecgraf.com.br\/es\/autodesk\/","title":{"rendered":"Autodesk nova"},"content":{"rendered":"<div data-elementor-type=\"wp-page\" data-elementor-id=\"9603\" class=\"elementor elementor-9603\" data-elementor-post-type=\"page\">\n\t\t\t\t\t\t<section class=\"elementor-section elementor-top-section elementor-element elementor-element-dc6b78e elementor-section-full_width elementor-section-height-default elementor-section-height-default\" data-id=\"dc6b78e\" data-element_type=\"section\">\n\t\t\t\t\t\t<div class=\"elementor-container elementor-column-gap-no\">\n\t\t\t\t\t<div class=\"elementor-column elementor-col-100 elementor-top-column elementor-element elementor-element-47a993b\" data-id=\"47a993b\" data-element_type=\"column\">\n\t\t\t<div class=\"elementor-widget-wrap elementor-element-populated\">\n\t\t\t\t\t\t<div class=\"elementor-element elementor-element-7c48b1e elementor-widget elementor-widget-image\" data-id=\"7c48b1e\" data-element_type=\"widget\" data-widget_type=\"image.default\">\n\t\t\t\t<div class=\"elementor-widget-container\">\n\t\t\t\t\t\t\t\t\t\t\t\t\t\t\t<img fetchpriority=\"high\" decoding=\"async\" width=\"1600\" height=\"530\" src=\"https:\/\/tecgraf.com.br\/wp-content\/uploads\/2024\/04\/cabecalhos_site-10.jpg\" class=\"attachment-full size-full wp-image-10442\" alt=\"\" srcset=\"https:\/\/tecgraf.com.br\/wp-content\/uploads\/2024\/04\/cabecalhos_site-10.jpg 1600w, https:\/\/tecgraf.com.br\/wp-content\/uploads\/2024\/04\/cabecalhos_site-10-300x99.jpg 300w, https:\/\/tecgraf.com.br\/wp-content\/uploads\/2024\/04\/cabecalhos_site-10-1024x339.jpg 1024w, https:\/\/tecgraf.com.br\/wp-content\/uploads\/2024\/04\/cabecalhos_site-10-768x254.jpg 768w, https:\/\/tecgraf.com.br\/wp-content\/uploads\/2024\/04\/cabecalhos_site-10-1536x509.jpg 1536w, https:\/\/tecgraf.com.br\/wp-content\/uploads\/2024\/04\/cabecalhos_site-10-16x5.jpg 16w\" sizes=\"(max-width: 1600px) 100vw, 1600px\" \/>\t\t\t\t\t\t\t\t\t\t\t\t\t\t\t<\/div>\n\t\t\t\t<\/div>\n\t\t\t\t<section class=\"elementor-section elementor-inner-section elementor-element elementor-element-b5d0d85 elementor-section-boxed elementor-section-height-default elementor-section-height-default\" data-id=\"b5d0d85\" data-element_type=\"section\">\n\t\t\t\t\t\t<div class=\"elementor-container elementor-column-gap-default\">\n\t\t\t\t\t<div class=\"elementor-column elementor-col-50 elementor-inner-column elementor-element elementor-element-421f156\" data-id=\"421f156\" data-element_type=\"column\">\n\t\t\t<div class=\"elementor-widget-wrap elementor-element-populated\">\n\t\t\t\t\t\t<div class=\"elementor-element elementor-element-6111643 elementor-widget elementor-widget-text-editor\" data-id=\"6111643\" data-element_type=\"widget\" data-widget_type=\"text-editor.default\">\n\t\t\t\t<div class=\"elementor-widget-container\">\n\t\t\t\t\t\t\t\t\t<p class=\" translation-block\">Tecgraf Agro es el revendedor oficial de los productos de Autodesk y es l\u00edder mundial en tecnolog\u00eda de dise\u00f1o y creaci\u00f3n.\n Con los productos de Autodesk, es posible dise\u00f1ar y crear un mundo mejor para todos.\n \u00a1Ponte en contacto con el equipo comercial de Tecgraf Agro y conoce los mejores productos de Autodesk para ti!<\/p>\t\t\t\t\t\t\t\t<\/div>\n\t\t\t\t<\/div>\n\t\t\t\t<div class=\"elementor-element elementor-element-157a5b2 elementor-align-center elementor-widget elementor-widget-button\" data-id=\"157a5b2\" data-element_type=\"widget\" data-widget_type=\"button.default\">\n\t\t\t\t<div class=\"elementor-widget-container\">\n\t\t\t\t\t\t\t\t\t<div class=\"elementor-button-wrapper\">\n\t\t\t\t\t<a class=\"elementor-button elementor-button-link elementor-size-lg\" href=\"https:\/\/tecgraf.com.br\/es\/contato-comercial-autodesk\/\">\n\t\t\t\t\t\t<span class=\"elementor-button-content-wrapper\">\n\t\t\t\t\t\t\t\t\t<span class=\"elementor-button-text\">Solicitar propuesta comercial<\/span>\n\t\t\t\t\t<\/span>\n\t\t\t\t\t<\/a>\n\t\t\t\t<\/div>\n\t\t\t\t\t\t\t\t<\/div>\n\t\t\t\t<\/div>\n\t\t\t\t\t<\/div>\n\t\t<\/div>\n\t\t\t\t<div class=\"elementor-column elementor-col-50 elementor-inner-column elementor-element elementor-element-0777bfe\" data-id=\"0777bfe\" data-element_type=\"column\">\n\t\t\t<div class=\"elementor-widget-wrap elementor-element-populated\">\n\t\t\t\t\t\t<div class=\"elementor-element elementor-element-7b4a1c7 elementor-widget elementor-widget-video\" data-id=\"7b4a1c7\" data-element_type=\"widget\" data-settings=\"{&quot;youtube_url&quot;:&quot;https:\\\/\\\/www.youtube.com\\\/watch?v=7ZYfRn0-NN0&quot;,&quot;autoplay&quot;:&quot;yes&quot;,&quot;video_type&quot;:&quot;youtube&quot;,&quot;controls&quot;:&quot;yes&quot;}\" data-widget_type=\"video.default\">\n\t\t\t\t<div class=\"elementor-widget-container\">\n\t\t\t\t\t\t\t<div class=\"elementor-wrapper elementor-open-inline\">\n\t\t\t<div class=\"elementor-video\"><\/div>\t\t<\/div>\n\t\t\t\t\t\t<\/div>\n\t\t\t\t<\/div>\n\t\t\t\t\t<\/div>\n\t\t<\/div>\n\t\t\t\t\t<\/div>\n\t\t<\/section>\n\t\t\t\t\t<\/div>\n\t\t<\/div>\n\t\t\t\t\t<\/div>\n\t\t<\/section>\n\t\t\t\t<section class=\"elementor-section elementor-top-section elementor-element elementor-element-85a3b9c elementor-section-boxed elementor-section-height-default elementor-section-height-default\" data-id=\"85a3b9c\" data-element_type=\"section\">\n\t\t\t\t\t\t<div class=\"elementor-container elementor-column-gap-default\">\n\t\t\t\t\t<div class=\"elementor-column elementor-col-100 elementor-top-column elementor-element elementor-element-0d1f7c6\" data-id=\"0d1f7c6\" data-element_type=\"column\">\n\t\t\t<div class=\"elementor-widget-wrap\">\n\t\t\t\t\t\t\t<\/div>\n\t\t<\/div>\n\t\t\t\t\t<\/div>\n\t\t<\/section>\n\t\t\t\t<\/div>","protected":false},"excerpt":{"rendered":"<p>A Tecgraf Agro \u00e9 revenda oficial dos produtos Autodesk que \u00e9 l\u00edder global em tecnologia de projetos e cria\u00e7\u00e3o.A partir dos produtos Autodesk \u00e9 poss\u00edvel projetar e criar um mundo melhor para todos.Entre em contato com o time comercial da &hellip; <a href=\"https:\/\/tecgraf.com.br\/es\/autodesk\/\">Continuar<\/a><\/p>","protected":false},"author":2,"featured_media":0,"parent":0,"menu_order":0,"comment_status":"closed","ping_status":"closed","template":"elementor_header_footer","meta":{"kt_blocks_editor_width":"","_joinchat":[],"footnotes":""},"class_list":["post-9603","page","type-page","status-publish","hentry"],"_links":{"self":[{"href":"https:\/\/tecgraf.com.br\/es\/wp-json\/wp\/v2\/pages\/9603"}],"collection":[{"href":"https:\/\/tecgraf.com.br\/es\/wp-json\/wp\/v2\/pages"}],"about":[{"href":"https:\/\/tecgraf.com.br\/es\/wp-json\/wp\/v2\/types\/page"}],"author":[{"embeddable":true,"href":"https:\/\/tecgraf.com.br\/es\/wp-json\/wp\/v2\/users\/2"}],"replies":[{"embeddable":true,"href":"https:\/\/tecgraf.com.br\/es\/wp-json\/wp\/v2\/comments?post=9603"}],"version-history":[{"count":38,"href":"https:\/\/tecgraf.com.br\/es\/wp-json\/wp\/v2\/pages\/9603\/revisions"}],"predecessor-version":[{"id":11062,"href":"https:\/\/tecgraf.com.br\/es\/wp-json\/wp\/v2\/pages\/9603\/revisions\/11062"}],"wp:attachment":[{"href":"https:\/\/tecgraf.com.br\/es\/wp-json\/wp\/v2\/media?parent=9603"}],"curies":[{"name":"wp","href":"https:\/\/api.w.org\/{rel}","templated":true}]}}