{"id":9176,"date":"2023-02-02T13:43:47","date_gmt":"2023-02-02T16:43:47","guid":{"rendered":"https:\/\/tecgraf.com.br\/?page_id=9176"},"modified":"2024-06-26T15:56:24","modified_gmt":"2024-06-26T18:56:24","slug":"treinamento-em-mapas-e-documentacoes-agrocad360","status":"publish","type":"page","link":"https:\/\/tecgraf.com.br\/es\/treinamento-em-mapas-e-documentacoes-agrocad360\/","title":{"rendered":"Treinamento em Mapas e Documenta\u00e7\u00f5es &#8211; AgroCAD"},"content":{"rendered":"<div data-elementor-type=\"wp-page\" data-elementor-id=\"9176\" class=\"elementor elementor-9176\" data-elementor-post-type=\"page\">\n\t\t\t\t\t\t<section class=\"elementor-section elementor-top-section elementor-element elementor-element-d8143df elementor-section-full_width elementor-section-height-default elementor-section-height-default\" data-id=\"d8143df\" data-element_type=\"section\">\n\t\t\t\t\t\t<div class=\"elementor-container elementor-column-gap-default\">\n\t\t\t\t\t<div class=\"elementor-column elementor-col-100 elementor-top-column elementor-element elementor-element-86cc1e2\" data-id=\"86cc1e2\" data-element_type=\"column\">\n\t\t\t<div class=\"elementor-widget-wrap elementor-element-populated\">\n\t\t\t\t\t\t<div class=\"elementor-element elementor-element-ea42f56 elementor-widget elementor-widget-image\" data-id=\"ea42f56\" data-element_type=\"widget\" data-widget_type=\"image.default\">\n\t\t\t\t<div class=\"elementor-widget-container\">\n\t\t\t\t\t\t\t\t\t\t\t\t\t\t\t<img fetchpriority=\"high\" decoding=\"async\" width=\"2560\" height=\"848\" src=\"https:\/\/tecgraf.com.br\/wp-content\/uploads\/2024\/05\/testeiras_treinamento_1600x5303-scaled.jpg\" class=\"attachment-full size-full wp-image-10865\" alt=\"\" srcset=\"https:\/\/tecgraf.com.br\/wp-content\/uploads\/2024\/05\/testeiras_treinamento_1600x5303-scaled.jpg 2560w, https:\/\/tecgraf.com.br\/wp-content\/uploads\/2024\/05\/testeiras_treinamento_1600x5303-300x99.jpg 300w, https:\/\/tecgraf.com.br\/wp-content\/uploads\/2024\/05\/testeiras_treinamento_1600x5303-1024x339.jpg 1024w, https:\/\/tecgraf.com.br\/wp-content\/uploads\/2024\/05\/testeiras_treinamento_1600x5303-768x254.jpg 768w, https:\/\/tecgraf.com.br\/wp-content\/uploads\/2024\/05\/testeiras_treinamento_1600x5303-1536x509.jpg 1536w, https:\/\/tecgraf.com.br\/wp-content\/uploads\/2024\/05\/testeiras_treinamento_1600x5303-2048x678.jpg 2048w, https:\/\/tecgraf.com.br\/wp-content\/uploads\/2024\/05\/testeiras_treinamento_1600x5303-16x5.jpg 16w\" sizes=\"(max-width: 2560px) 100vw, 2560px\" \/>\t\t\t\t\t\t\t\t\t\t\t\t\t\t\t<\/div>\n\t\t\t\t<\/div>\n\t\t\t\t\t<\/div>\n\t\t<\/div>\n\t\t\t\t\t<\/div>\n\t\t<\/section>\n\t\t\t\t<section class=\"elementor-section elementor-top-section elementor-element elementor-element-6609ec4 elementor-section-boxed elementor-section-height-default elementor-section-height-default\" data-id=\"6609ec4\" data-element_type=\"section\">\n\t\t\t\t\t\t<div class=\"elementor-container elementor-column-gap-default\">\n\t\t\t\t\t<div class=\"elementor-column elementor-col-100 elementor-top-column elementor-element elementor-element-012ff0e\" data-id=\"012ff0e\" data-element_type=\"column\">\n\t\t\t<div class=\"elementor-widget-wrap elementor-element-populated\">\n\t\t\t\t\t\t<div class=\"elementor-element elementor-element-98d3cbf elementor-widget elementor-widget-spacer\" data-id=\"98d3cbf\" data-element_type=\"widget\" data-widget_type=\"spacer.default\">\n\t\t\t\t<div class=\"elementor-widget-container\">\n\t\t\t\t\t\t\t<div class=\"elementor-spacer\">\n\t\t\t<div class=\"elementor-spacer-inner\"><\/div>\n\t\t<\/div>\n\t\t\t\t\t\t<\/div>\n\t\t\t\t<\/div>\n\t\t\t\t\t<\/div>\n\t\t<\/div>\n\t\t\t\t\t<\/div>\n\t\t<\/section>\n\t\t\t\t<section class=\"elementor-section elementor-top-section elementor-element elementor-element-ce2058a elementor-section-boxed elementor-section-height-default elementor-section-height-default\" data-id=\"ce2058a\" data-element_type=\"section\">\n\t\t\t\t\t\t<div class=\"elementor-container elementor-column-gap-default\">\n\t\t\t\t\t<div class=\"elementor-column elementor-col-100 elementor-top-column elementor-element elementor-element-30e5bd3\" data-id=\"30e5bd3\" data-element_type=\"column\">\n\t\t\t<div class=\"elementor-widget-wrap elementor-element-populated\">\n\t\t\t\t\t\t<div class=\"elementor-element elementor-element-b9fe788 elementor-widget elementor-widget-heading\" data-id=\"b9fe788\" data-element_type=\"widget\" data-widget_type=\"heading.default\">\n\t\t\t\t<div class=\"elementor-widget-container\">\n\t\t\t\t\t<h3 class=\"elementor-heading-title elementor-size-default\">Formaci\u00f3n en Mapas y Documentaci\u00f3n<\/h3>\t\t\t\t<\/div>\n\t\t\t\t<\/div>\n\t\t\t\t\t<\/div>\n\t\t<\/div>\n\t\t\t\t\t<\/div>\n\t\t<\/section>\n\t\t\t\t<section class=\"elementor-section elementor-top-section elementor-element elementor-element-bfa1626 elementor-section-boxed elementor-section-height-default elementor-section-height-default\" data-id=\"bfa1626\" data-element_type=\"section\">\n\t\t\t\t\t\t<div class=\"elementor-container elementor-column-gap-default\">\n\t\t\t\t\t<div class=\"elementor-column elementor-col-100 elementor-top-column elementor-element elementor-element-3b4e8c7\" data-id=\"3b4e8c7\" data-element_type=\"column\">\n\t\t\t<div class=\"elementor-widget-wrap elementor-element-populated\">\n\t\t\t\t\t\t<div class=\"elementor-element elementor-element-ccab909 elementor-widget elementor-widget-text-editor\" data-id=\"ccab909\" data-element_type=\"widget\" data-widget_type=\"text-editor.default\">\n\t\t\t\t<div class=\"elementor-widget-container\">\n\t\t\t\t\t\t\t\t\t<p class=\" translation-block\">Objetivos: Ser capaz de crear diferentes mapas tem\u00e1ticos a trav\u00e9s de AgroCAD.<\/p>\n<p class=\" translation-block\">Carga de trabajo: 04 horas<\/p>\n<p class=\" translation-block\">Prerrequisitos: Estar certificado en Formaci\u00f3n B\u00e1sica en AgroCAD.<\/p>\t\t\t\t\t\t\t\t<\/div>\n\t\t\t\t<\/div>\n\t\t\t\t\t<\/div>\n\t\t<\/div>\n\t\t\t\t\t<\/div>\n\t\t<\/section>\n\t\t\t\t<section class=\"elementor-section elementor-top-section elementor-element elementor-element-a58a17c elementor-section-boxed elementor-section-height-default elementor-section-height-default\" data-id=\"a58a17c\" data-element_type=\"section\">\n\t\t\t\t\t\t<div class=\"elementor-container elementor-column-gap-default\">\n\t\t\t\t\t<div class=\"elementor-column elementor-col-100 elementor-top-column elementor-element elementor-element-08324a0\" data-id=\"08324a0\" data-element_type=\"column\">\n\t\t\t<div class=\"elementor-widget-wrap elementor-element-populated\">\n\t\t\t\t\t\t<div class=\"elementor-element elementor-element-4d2e11c elementor-widget elementor-widget-text-editor\" data-id=\"4d2e11c\" data-element_type=\"widget\" data-widget_type=\"text-editor.default\">\n\t\t\t\t<div class=\"elementor-widget-container\">\n\t\t\t\t\t\t\t\t\t<p><span style=\"background-color: transparent; font-family: var( --e-global-typography-text-font-family ), Sans-serif; font-weight: 700; color: rgb(0, 0, 0); font-size: 18px;\">Temas cubiertos:<\/span><br><\/p>\t\t\t\t\t\t\t\t<\/div>\n\t\t\t\t<\/div>\n\t\t\t\t\t<\/div>\n\t\t<\/div>\n\t\t\t\t\t<\/div>\n\t\t<\/section>\n\t\t\t\t<section class=\"elementor-section elementor-top-section elementor-element elementor-element-2572074 elementor-section-boxed elementor-section-height-default elementor-section-height-default\" data-id=\"2572074\" data-element_type=\"section\">\n\t\t\t\t\t\t<div class=\"elementor-container elementor-column-gap-default\">\n\t\t\t\t\t<div class=\"elementor-column elementor-col-100 elementor-top-column elementor-element elementor-element-5b3e37d\" data-id=\"5b3e37d\" data-element_type=\"column\">\n\t\t\t<div class=\"elementor-widget-wrap elementor-element-populated\">\n\t\t\t\t\t\t<div class=\"elementor-element elementor-element-fd80a90 elementor-widget elementor-widget-text-editor\" data-id=\"fd80a90\" data-element_type=\"widget\" data-widget_type=\"text-editor.default\">\n\t\t\t\t<div class=\"elementor-widget-container\">\n\t\t\t\t\t\t\t\t\t<p>\u25cf Mapa de declividad<\/p><p>\u25cf Mapa de tasa aplicada de insumo<\/p><p>\u25cf Mapa comparativo entre tasa recomendada y tasa aplicada<\/p><p>\u25cf Mapa de velocidad de trabajo<\/p><p>\u25cf Mapa de tasas variables<\/p><p>\u25cf Exportaci\u00f3n de aplicaciones a tasas variables<\/p><p>\u25cf Mapa de pendientes longitudinales y transversales.<\/p><p>\u25cf C\u00e1lculo de \u00e1reas<\/p><p>\u25cf Interacciones con Excel<\/p>\t\t\t\t\t\t\t\t<\/div>\n\t\t\t\t<\/div>\n\t\t\t\t\t<\/div>\n\t\t<\/div>\n\t\t\t\t\t<\/div>\n\t\t<\/section>\n\t\t\t\t<section class=\"elementor-section elementor-top-section elementor-element elementor-element-6955493 elementor-section-boxed elementor-section-height-default elementor-section-height-default\" data-id=\"6955493\" data-element_type=\"section\">\n\t\t\t\t\t\t<div class=\"elementor-container elementor-column-gap-default\">\n\t\t\t\t\t<div class=\"elementor-column elementor-col-25 elementor-top-column elementor-element elementor-element-2d70143\" data-id=\"2d70143\" data-element_type=\"column\">\n\t\t\t<div class=\"elementor-widget-wrap\">\n\t\t\t\t\t\t\t<\/div>\n\t\t<\/div>\n\t\t\t\t<div class=\"elementor-column elementor-col-25 elementor-top-column elementor-element elementor-element-c1dc7b0\" data-id=\"c1dc7b0\" data-element_type=\"column\">\n\t\t\t<div class=\"elementor-widget-wrap elementor-element-populated\">\n\t\t\t\t\t\t<div class=\"elementor-element elementor-element-0f9e1f9 elementor-align-center elementor-widget elementor-widget-button\" data-id=\"0f9e1f9\" data-element_type=\"widget\" data-widget_type=\"button.default\">\n\t\t\t\t<div class=\"elementor-widget-container\">\n\t\t\t\t\t\t\t\t\t<div class=\"elementor-button-wrapper\">\n\t\t\t\t\t<a class=\"elementor-button elementor-button-link elementor-size-lg\" href=\"https:\/\/tecgraf.com.br\/es\/info-treinamentos\/\" target=\"_blank\">\n\t\t\t\t\t\t<span class=\"elementor-button-content-wrapper\">\n\t\t\t\t\t\t\t\t\t<span class=\"elementor-button-text\">M\u00e1s informaci\u00f3n<\/span>\n\t\t\t\t\t<\/span>\n\t\t\t\t\t<\/a>\n\t\t\t\t<\/div>\n\t\t\t\t\t\t\t\t<\/div>\n\t\t\t\t<\/div>\n\t\t\t\t\t<\/div>\n\t\t<\/div>\n\t\t\t\t<div class=\"elementor-column elementor-col-25 elementor-top-column elementor-element elementor-element-8ac72cc\" data-id=\"8ac72cc\" data-element_type=\"column\">\n\t\t\t<div class=\"elementor-widget-wrap elementor-element-populated\">\n\t\t\t\t\t\t<div class=\"elementor-element elementor-element-6db6dc1 elementor-align-center elementor-widget elementor-widget-button\" data-id=\"6db6dc1\" data-element_type=\"widget\" data-widget_type=\"button.default\">\n\t\t\t\t<div class=\"elementor-widget-container\">\n\t\t\t\t\t\t\t\t\t<div class=\"elementor-button-wrapper\">\n\t\t\t\t\t<a class=\"elementor-button elementor-button-link elementor-size-lg\" href=\"https:\/\/www.sympla.com.br\/produtor\/tecgrafagro\" target=\"_blank\">\n\t\t\t\t\t\t<span class=\"elementor-button-content-wrapper\">\n\t\t\t\t\t\t\t\t\t<span class=\"elementor-button-text\">Registro en l\u00ednea<\/span>\n\t\t\t\t\t<\/span>\n\t\t\t\t\t<\/a>\n\t\t\t\t<\/div>\n\t\t\t\t\t\t\t\t<\/div>\n\t\t\t\t<\/div>\n\t\t\t\t\t<\/div>\n\t\t<\/div>\n\t\t\t\t<div class=\"elementor-column elementor-col-25 elementor-top-column elementor-element elementor-element-766f7c7\" data-id=\"766f7c7\" data-element_type=\"column\">\n\t\t\t<div class=\"elementor-widget-wrap\">\n\t\t\t\t\t\t\t<\/div>\n\t\t<\/div>\n\t\t\t\t\t<\/div>\n\t\t<\/section>\n\t\t\t\t<section class=\"elementor-section elementor-top-section elementor-element elementor-element-26e7e69 elementor-section-boxed elementor-section-height-default elementor-section-height-default\" data-id=\"26e7e69\" data-element_type=\"section\">\n\t\t\t\t\t\t<div class=\"elementor-container elementor-column-gap-default\">\n\t\t\t\t\t<div class=\"elementor-column elementor-col-100 elementor-top-column elementor-element elementor-element-68e2126\" data-id=\"68e2126\" data-element_type=\"column\">\n\t\t\t<div class=\"elementor-widget-wrap elementor-element-populated\">\n\t\t\t\t\t\t<div class=\"elementor-element elementor-element-5980642 elementor-widget elementor-widget-spacer\" data-id=\"5980642\" data-element_type=\"widget\" data-widget_type=\"spacer.default\">\n\t\t\t\t<div class=\"elementor-widget-container\">\n\t\t\t\t\t\t\t<div class=\"elementor-spacer\">\n\t\t\t<div class=\"elementor-spacer-inner\"><\/div>\n\t\t<\/div>\n\t\t\t\t\t\t<\/div>\n\t\t\t\t<\/div>\n\t\t\t\t\t<\/div>\n\t\t<\/div>\n\t\t\t\t\t<\/div>\n\t\t<\/section>\n\t\t\t\t<\/div>","protected":false},"excerpt":{"rendered":"<p>Treinamento em Mapas e Documenta\u00e7\u00f5es Objetivos: Estar apto a criar diferentes mapas tem\u00e1ticos atrav\u00e9s do AgroCAD.&nbsp; Carga Hor\u00e1ria: 04 horas&nbsp; Pr\u00e9-requisitos: Ser certificado no treinamento B\u00e1sico em AgroCAD. T\u00f3picos Abordados: \u25cf Mapa de declividade \u25cf Mapa de taxa aplicada de &hellip; <a href=\"https:\/\/tecgraf.com.br\/es\/treinamento-em-mapas-e-documentacoes-agrocad360\/\">Continuar<\/a><\/p>","protected":false},"author":2,"featured_media":0,"parent":0,"menu_order":0,"comment_status":"closed","ping_status":"closed","template":"elementor_header_footer","meta":{"kt_blocks_editor_width":"","_joinchat":[],"footnotes":""},"class_list":["post-9176","page","type-page","status-publish","hentry"],"_links":{"self":[{"href":"https:\/\/tecgraf.com.br\/es\/wp-json\/wp\/v2\/pages\/9176"}],"collection":[{"href":"https:\/\/tecgraf.com.br\/es\/wp-json\/wp\/v2\/pages"}],"about":[{"href":"https:\/\/tecgraf.com.br\/es\/wp-json\/wp\/v2\/types\/page"}],"author":[{"embeddable":true,"href":"https:\/\/tecgraf.com.br\/es\/wp-json\/wp\/v2\/users\/2"}],"replies":[{"embeddable":true,"href":"https:\/\/tecgraf.com.br\/es\/wp-json\/wp\/v2\/comments?post=9176"}],"version-history":[{"count":58,"href":"https:\/\/tecgraf.com.br\/es\/wp-json\/wp\/v2\/pages\/9176\/revisions"}],"predecessor-version":[{"id":11345,"href":"https:\/\/tecgraf.com.br\/es\/wp-json\/wp\/v2\/pages\/9176\/revisions\/11345"}],"wp:attachment":[{"href":"https:\/\/tecgraf.com.br\/es\/wp-json\/wp\/v2\/media?parent=9176"}],"curies":[{"name":"wp","href":"https:\/\/api.w.org\/{rel}","templated":true}]}}