{"id":6882,"date":"2021-04-23T11:29:44","date_gmt":"2021-04-23T14:29:44","guid":{"rendered":"https:\/\/tecgraf.com.br\/?page_id=6882"},"modified":"2021-04-23T16:06:31","modified_gmt":"2021-04-23T19:06:31","slug":"software-ap","status":"publish","type":"page","link":"https:\/\/tecgraf.com.br\/es\/software-ap\/","title":{"rendered":"Software AP"},"content":{"rendered":"<div class=\"wp-block-columns is-layout-flex wp-container-core-columns-is-layout-1 wp-block-columns-is-layout-flex\">\n<div class=\"wp-block-column is-layout-flow wp-block-column-is-layout-flow\"><style id=\"kt-blocks_6de378-f1\" type=\"text\/css\">.kt-accordion-id_6de378-f1 .kt-accordion-panel-inner {background:rgba(255,255,255,0);padding:20px 20px 20px 20px;border-width:0px 0px 0px 0px;}.kt-accordion-id_6de378-f1 .wp-block-kadence-pane .kt-blocks-accordion-header {color:#fff;background:#48aa82;border-color:#000000 #000000 #000000 #000000;font-size:18px;line-height:24px;font-weight:bold;border-radius:6px 6px 6px 6px;border-width:0px 0px 0px 0px;padding:14px 16px 14px 16px;margin-top:10px;}.kt-accordion-id_6de378-f1 .kt-blocks-accordion-header .kt-btn-svg-icon svg {width:18px;height:18px;}.kt-accordion-id_6de378-f1:not( .kt-accodion-icon-style-basiccircle ):not( .kt-accodion-icon-style-xclosecircle ):not( .kt-accodion-icon-style-arrowcircle ) .kt-blocks-accordion-icon-trigger:after, .kt-accordion-id_6de378-f1:not( .kt-accodion-icon-style-basiccircle ):not( .kt-accodion-icon-style-xclosecircle ):not( .kt-accodion-icon-style-arrowcircle ) .kt-blocks-accordion-icon-trigger:before {background:#fff;}.kt-accordion-id_6de378-f1:not( .kt-accodion-icon-style-basic ):not( .kt-accodion-icon-style-xclose ):not( .kt-accodion-icon-style-arrow ) .kt-blocks-accordion-icon-trigger {background:#fff;}.kt-accordion-id_6de378-f1:not( .kt-accodion-icon-style-basic ):not( .kt-accodion-icon-style-xclose ):not( .kt-accodion-icon-style-arrow ) .kt-blocks-accordion-icon-trigger:after, .kt-accordion-id_6de378-f1:not( .kt-accodion-icon-style-basic ):not( .kt-accodion-icon-style-xclose ):not( .kt-accodion-icon-style-arrow ) .kt-blocks-accordion-icon-trigger:before {background:#48aa82;}.kt-accordion-id_6de378-f1 .kt-blocks-accordion-header:hover, .kt-accordion-id_6de378-f1 .kt-blocks-accordion-header:focus {color:#000000;background:#eac71b;border-color:#000000 #000000 #000000 #000000;}.kt-accordion-id_6de378-f1:not( .kt-accodion-icon-style-basiccircle ):not( .kt-accodion-icon-style-xclosecircle ):not( .kt-accodion-icon-style-arrowcircle ) .kt-blocks-accordion-header:hover .kt-blocks-accordion-icon-trigger:after, .kt-accordion-id_6de378-f1:not( .kt-accodion-icon-style-basiccircle ):not( .kt-accodion-icon-style-xclosecircle ):not( .kt-accodion-icon-style-arrowcircle ) .kt-blocks-accordion-header:hover .kt-blocks-accordion-icon-trigger:before, .kt-accordion-id_6de378-f1:not( .kt-accodion-icon-style-basiccircle ):not( .kt-accodion-icon-style-xclosecircle ):not( .kt-accodion-icon-style-arrowcircle ) .kt-blocks-accordion-header:focus .kt-blocks-accordion-icon-trigger:after, .kt-accordion-id_6de378-f1:not( .kt-accodion-icon-style-basiccircle ):not( .kt-accodion-icon-style-xclosecircle ):not( .kt-accodion-icon-style-arrowcircle ) .kt-blocks-accordion-header:focus .kt-blocks-accordion-icon-trigger:before {background:#000000;}.kt-accordion-id_6de378-f1:not( .kt-accodion-icon-style-basic ):not( .kt-accodion-icon-style-xclose ):not( .kt-accodion-icon-style-arrow ) .kt-blocks-accordion-header:hover .kt-blocks-accordion-icon-trigger, .kt-accordion-id_6de378-f1:not( .kt-accodion-icon-style-basic ):not( .kt-accodion-icon-style-xclose ):not( .kt-accodion-icon-style-arrow ) .kt-blocks-accordion-header:focus .kt-blocks-accordion-icon-trigger {background:#000000;}.kt-accordion-id_6de378-f1:not( .kt-accodion-icon-style-basic ):not( .kt-accodion-icon-style-xclose ):not( .kt-accodion-icon-style-arrow ) .kt-blocks-accordion-header:hover .kt-blocks-accordion-icon-trigger:after, .kt-accordion-id_6de378-f1:not( .kt-accodion-icon-style-basic ):not( .kt-accodion-icon-style-xclose ):not( .kt-accodion-icon-style-arrow ) .kt-blocks-accordion-header:hover .kt-blocks-accordion-icon-trigger:before, .kt-accordion-id_6de378-f1:not( .kt-accodion-icon-style-basic ):not( .kt-accodion-icon-style-xclose ):not( .kt-accodion-icon-style-arrow ) .kt-blocks-accordion-header:focus .kt-blocks-accordion-icon-trigger:after, .kt-accordion-id_6de378-f1:not( .kt-accodion-icon-style-basic ):not( .kt-accodion-icon-style-xclose ):not( .kt-accodion-icon-style-arrow ) .kt-blocks-accordion-header:focus .kt-blocks-accordion-icon-trigger:before {background:#eac71b;}.kt-accordion-id_6de378-f1 .kt-blocks-accordion-header.kt-accordion-panel-active {color:#ffffff;background:#48aa82;border-color:rgba(243,105,14,0) rgba(243,105,14,0) rgba(243,105,14,0) rgba(243,105,14,0);}.kt-accordion-id_6de378-f1:not( .kt-accodion-icon-style-basiccircle ):not( .kt-accodion-icon-style-xclosecircle ):not( .kt-accodion-icon-style-arrowcircle ) .kt-blocks-accordion-header.kt-accordion-panel-active .kt-blocks-accordion-icon-trigger:after, .kt-accordion-id_6de378-f1:not( .kt-accodion-icon-style-basiccircle ):not( .kt-accodion-icon-style-xclosecircle ):not( .kt-accodion-icon-style-arrowcircle ) .kt-blocks-accordion-header.kt-accordion-panel-active .kt-blocks-accordion-icon-trigger:before {background:#ffffff;}.kt-accordion-id_6de378-f1:not( .kt-accodion-icon-style-basic ):not( .kt-accodion-icon-style-xclose ):not( .kt-accodion-icon-style-arrow ) .kt-blocks-accordion-header.kt-accordion-panel-active .kt-blocks-accordion-icon-trigger {background:#ffffff;}.kt-accordion-id_6de378-f1:not( .kt-accodion-icon-style-basic ):not( .kt-accodion-icon-style-xclose ):not( .kt-accodion-icon-style-arrow ) .kt-blocks-accordion-header.kt-accordion-panel-active .kt-blocks-accordion-icon-trigger:after, .kt-accordion-id_6de378-f1:not( .kt-accodion-icon-style-basic ):not( .kt-accodion-icon-style-xclose ):not( .kt-accodion-icon-style-arrow ) .kt-blocks-accordion-header.kt-accordion-panel-active .kt-blocks-accordion-icon-trigger:before {background:#48aa82;}<\/style>\n<div class=\"wp-block-kadence-accordion alignnone\"><div class=\"kt-accordion-wrap kt-accordion-wrap kt-accordion-id_6de378-f1 kt-accordion-has-2-panes kt-active-pane-1 kt-accordion-block kt-pane-header-alignment-left kt-accodion-icon-style-none kt-accodion-icon-side-right\" style=\"max-width:none\"><div class=\"kt-accordion-inner-wrap\" data-allow-multiple-open=\"true\" data-start-open=\"1\">\n<div class=\"wp-block-kadence-pane kt-accordion-pane kt-accordion-pane-1 kt-pane_abe654-67\"><div class=\"kt-accordion-header-wrap\"><button class=\"kt-blocks-accordion-header kt-acccordion-button-label-show\"><span class=\"kt-blocks-accordion-title-wrap\"><div style=\"display:inline-flex;justify-content:center;align-items:center\" class=\"kt-btn-svg-icon kt-btn-svg-icon-fas_hand-point-right kt-btn-side-left\"><svg style=\"display:inline-block;vertical-align:middle\" viewbox=\"0 0 512 512\" height=\"24\" width=\"24\" fill=\"currentColor\" xmlns=\"http:\/\/www.w3.org\/2000\/svg\"><path d=\"M512 199.652c0 23.625-20.65 43.826-44.8 43.826h-99.851c16.34 17.048 18.346 49.766-6.299 70.944 14.288 22.829 2.147 53.017-16.45 62.315C353.574 425.878 322.654 448 272 448c-2.746 0-13.276-.203-16-.195-61.971.168-76.894-31.065-123.731-38.315C120.596 407.683 112 397.599 112 385.786V214.261l.002-.001c.011-18.366 10.607-35.889 28.464-43.845 28.886-12.994 95.413-49.038 107.534-77.323 7.797-18.194 21.384-29.084 40-29.092 34.222-.014 57.752 35.098 44.119 66.908-3.583 8.359-8.312 16.67-14.153 24.918H467.2c23.45 0 44.8 20.543 44.8 43.826zM96 200v192c0 13.255-10.745 24-24 24H24c-13.255 0-24-10.745-24-24V200c0-13.255 10.745-24 24-24h48c13.255 0 24 10.745 24 24zM68 368c0-11.046-8.954-20-20-20s-20 8.954-20 20 8.954 20 20 20 20-8.954 20-20z\"><\/path><\/svg><\/div><span class=\"kt-blocks-accordion-title\">INFORMACIONES ADICIONALES<\/span><\/span><span class=\"kt-blocks-accordion-icon-trigger\"><\/span><\/button><\/div><div class=\"kt-accordion-panel\"><div class=\"kt-accordion-panel-inner\">\n<p class=\"has-text-align-center\" style=\"font-size:30px\"><strong>\u00a1Est\u00e1 llegando nuestra primera transmisi\u00f3n en vivo por YouTube!<\/strong><\/p>\n\n\n\n<p class=\"has-text-align-center has-medium-font-size\">El viernes 7 de mayo a las 15 hs (Horario de Brasilia) haremos la primera transmisi\u00f3n en vivo del a\u00f1o para Latinoam\u00e9rica.<\/p>\n\n\n\n<p class=\"has-text-align-center\" style=\"font-size:25px\"><strong>Agricultura de Precisi\u00f3n: softwares que ayudan a producir m\u00e1s y mejor<\/strong><\/p>\n\n\n\n<p class=\"has-medium-font-size\">Temas que veremos:<\/p>\n\n\n\n<p class=\"has-medium-font-size\">1) <strong>Agricultura de Precisi\u00f3n<\/strong>. En esta primera presentaci\u00f3n se hablar\u00e1 de la agricultura de precisi\u00f3n en el mundo, su aumento e importancia, herramientas disponibles, pilotos autom\u00e1ticos.<\/p>\n\n\n\n<p class=\"has-medium-font-size\">2) <strong>Tecgraf &#8211; \u00bfQui\u00e9nes somos?<\/strong> Visi\u00f3n general de la empresa, sus integrantes e historia.<\/p>\n\n\n\n<p class=\"has-medium-font-size\">3) <strong>AgroCAD \u2013 Planificando la agricultura en CAD<\/strong>. La presentaci\u00f3n da una explicaci\u00f3n breve de AgroCAD, su uso en el proceso productivo, nuestros clientes e interfaces compatibles.<\/p>\n\n\n\n<p class=\"has-medium-font-size\">4) <strong>Tiempo de preguntas<\/strong><\/p>\n\n\n\n<p class=\"has-text-align-center has-medium-font-size\">No se lo pierdan, \u00a1los esperamos!<\/p>\n<\/div><\/div><\/div>\n\n\n\n<div class=\"wp-block-kadence-pane kt-accordion-pane kt-accordion-pane-2 kt-pane_5699af-fe\"><div class=\"kt-accordion-header-wrap\"><button class=\"kt-blocks-accordion-header kt-acccordion-button-label-show\"><span class=\"kt-blocks-accordion-title-wrap\"><span class=\"kt-blocks-accordion-title\"><\/span><\/span><span class=\"kt-blocks-accordion-icon-trigger\"><\/span><\/button><\/div><div class=\"kt-accordion-panel\"><div class=\"kt-accordion-panel-inner\">\n<figure class=\"wp-block-video aligncenter\"><video autoplay controls loop preload=\"auto\" src=\"https:\/\/tecgraf.com.br\/wp-content\/uploads\/2021\/04\/PROMO1_.mp4\"><\/video><\/figure>\n<\/div><\/div><\/div>\n<\/div><\/div><\/div>\n<\/div>\n<\/div>","protected":false},"excerpt":{"rendered":"","protected":false},"author":3,"featured_media":0,"parent":0,"menu_order":0,"comment_status":"closed","ping_status":"closed","template":"","meta":{"kt_blocks_editor_width":"","_joinchat":[],"footnotes":""},"class_list":["post-6882","page","type-page","status-publish","hentry"],"_links":{"self":[{"href":"https:\/\/tecgraf.com.br\/es\/wp-json\/wp\/v2\/pages\/6882"}],"collection":[{"href":"https:\/\/tecgraf.com.br\/es\/wp-json\/wp\/v2\/pages"}],"about":[{"href":"https:\/\/tecgraf.com.br\/es\/wp-json\/wp\/v2\/types\/page"}],"author":[{"embeddable":true,"href":"https:\/\/tecgraf.com.br\/es\/wp-json\/wp\/v2\/users\/3"}],"replies":[{"embeddable":true,"href":"https:\/\/tecgraf.com.br\/es\/wp-json\/wp\/v2\/comments?post=6882"}],"version-history":[{"count":29,"href":"https:\/\/tecgraf.com.br\/es\/wp-json\/wp\/v2\/pages\/6882\/revisions"}],"predecessor-version":[{"id":6951,"href":"https:\/\/tecgraf.com.br\/es\/wp-json\/wp\/v2\/pages\/6882\/revisions\/6951"}],"wp:attachment":[{"href":"https:\/\/tecgraf.com.br\/es\/wp-json\/wp\/v2\/media?parent=6882"}],"curies":[{"name":"wp","href":"https:\/\/api.w.org\/{rel}","templated":true}]}}