{"id":5572,"date":"2021-02-14T20:31:19","date_gmt":"2021-02-14T23:31:19","guid":{"rendered":"http:\/\/18.211.63.203.xip.io\/?page_id=5572"},"modified":"2022-05-24T15:24:25","modified_gmt":"2022-05-24T18:24:25","slug":"videos-agrocad","status":"publish","type":"page","link":"https:\/\/tecgraf.com.br\/es\/videos-agrocad\/","title":{"rendered":"V\u00eddeos AgroCAD"},"content":{"rendered":"<div data-elementor-type=\"wp-page\" data-elementor-id=\"5572\" class=\"elementor elementor-5572\" data-elementor-post-type=\"page\">\n\t\t\t\t\t\t<section class=\"elementor-section elementor-top-section elementor-element elementor-element-26aadc01 elementor-section-boxed elementor-section-height-default elementor-section-height-default\" data-id=\"26aadc01\" data-element_type=\"section\">\n\t\t\t\t\t\t<div class=\"elementor-container elementor-column-gap-default\">\n\t\t\t\t\t<div class=\"elementor-column elementor-col-100 elementor-top-column elementor-element elementor-element-139a0923\" data-id=\"139a0923\" data-element_type=\"column\">\n\t\t\t<div class=\"elementor-widget-wrap elementor-element-populated\">\n\t\t\t\t\t\t<div class=\"elementor-element elementor-element-13305f3d elementor-widget elementor-widget-text-editor\" data-id=\"13305f3d\" data-element_type=\"widget\" data-widget_type=\"text-editor.default\">\n\t\t\t\t<div class=\"elementor-widget-container\">\n\t\t\t\t\t\t\t\t\t<p><style id=\"kt-blocks_8af06c-69\" type=\"text\/css\">.kt-accordion-id_8af06c-69 .kt-accordion-panel-inner {border-color:#000;background:#fff;border-width:0px 0px 0px 0px;}.kt-accordion-id_8af06c-69 .wp-block-kadence-pane .kt-blocks-accordion-header {color:#555555;background:#f2f2f2;border-color:#555555 #555555 #555555 #555555;font-size:18px;line-height:24px;border-radius:0px 0px 0px 0px;border-width:0px 0px 0px 0px;padding:10px 14px 10px 14px;margin-top:20px;}.kt-accordion-id_8af06c-69 .kt-blocks-accordion-header .kt-btn-svg-icon svg {width:18px;height:18px;}.kt-accordion-id_8af06c-69:not( .kt-accodion-icon-style-basiccircle ):not( .kt-accodion-icon-style-xclosecircle ):not( .kt-accodion-icon-style-arrowcircle ) .kt-blocks-accordion-icon-trigger:after, .kt-accordion-id_8af06c-69:not( .kt-accodion-icon-style-basiccircle ):not( .kt-accodion-icon-style-xclosecircle ):not( .kt-accodion-icon-style-arrowcircle ) .kt-blocks-accordion-icon-trigger:before {background:#555555;}.kt-accordion-id_8af06c-69:not( .kt-accodion-icon-style-basic ):not( .kt-accodion-icon-style-xclose ):not( .kt-accodion-icon-style-arrow ) .kt-blocks-accordion-icon-trigger {background:#555555;}.kt-accordion-id_8af06c-69:not( .kt-accodion-icon-style-basic ):not( .kt-accodion-icon-style-xclose ):not( .kt-accodion-icon-style-arrow ) .kt-blocks-accordion-icon-trigger:after, .kt-accordion-id_8af06c-69:not( .kt-accodion-icon-style-basic ):not( .kt-accodion-icon-style-xclose ):not( .kt-accodion-icon-style-arrow ) .kt-blocks-accordion-icon-trigger:before {background:#f2f2f2;}.kt-accordion-id_8af06c-69 .kt-blocks-accordion-header:hover, .kt-accordion-id_8af06c-69 .kt-blocks-accordion-header:focus {color:#444444;background:#eeeeee;border-color:#eeeeee #eeeeee #eeeeee #eeeeee;}.kt-accordion-id_8af06c-69:not( .kt-accodion-icon-style-basiccircle ):not( .kt-accodion-icon-style-xclosecircle ):not( .kt-accodion-icon-style-arrowcircle ) .kt-blocks-accordion-header:hover .kt-blocks-accordion-icon-trigger:after, .kt-accordion-id_8af06c-69:not( .kt-accodion-icon-style-basiccircle ):not( .kt-accodion-icon-style-xclosecircle ):not( .kt-accodion-icon-style-arrowcircle ) .kt-blocks-accordion-header:hover .kt-blocks-accordion-icon-trigger:before, .kt-accordion-id_8af06c-69:not( .kt-accodion-icon-style-basiccircle ):not( .kt-accodion-icon-style-xclosecircle ):not( .kt-accodion-icon-style-arrowcircle ) .kt-blocks-accordion-header:focus .kt-blocks-accordion-icon-trigger:after, .kt-accordion-id_8af06c-69:not( .kt-accodion-icon-style-basiccircle ):not( .kt-accodion-icon-style-xclosecircle ):not( .kt-accodion-icon-style-arrowcircle ) .kt-blocks-accordion-header:focus .kt-blocks-accordion-icon-trigger:before {background:#444444;}.kt-accordion-id_8af06c-69:not( .kt-accodion-icon-style-basic ):not( .kt-accodion-icon-style-xclose ):not( .kt-accodion-icon-style-arrow ) .kt-blocks-accordion-header:hover .kt-blocks-accordion-icon-trigger, .kt-accordion-id_8af06c-69:not( .kt-accodion-icon-style-basic ):not( .kt-accodion-icon-style-xclose ):not( .kt-accodion-icon-style-arrow ) .kt-blocks-accordion-header:focus .kt-blocks-accordion-icon-trigger {background:#444444;}.kt-accordion-id_8af06c-69:not( .kt-accodion-icon-style-basic ):not( .kt-accodion-icon-style-xclose ):not( .kt-accodion-icon-style-arrow ) .kt-blocks-accordion-header:hover .kt-blocks-accordion-icon-trigger:after, .kt-accordion-id_8af06c-69:not( .kt-accodion-icon-style-basic ):not( .kt-accodion-icon-style-xclose ):not( .kt-accodion-icon-style-arrow ) .kt-blocks-accordion-header:hover .kt-blocks-accordion-icon-trigger:before, .kt-accordion-id_8af06c-69:not( .kt-accodion-icon-style-basic ):not( .kt-accodion-icon-style-xclose ):not( .kt-accodion-icon-style-arrow ) .kt-blocks-accordion-header:focus .kt-blocks-accordion-icon-trigger:after, .kt-accordion-id_8af06c-69:not( .kt-accodion-icon-style-basic ):not( .kt-accodion-icon-style-xclose ):not( .kt-accodion-icon-style-arrow ) .kt-blocks-accordion-header:focus .kt-blocks-accordion-icon-trigger:before {background:#eeeeee;}.kt-accordion-id_8af06c-69 .kt-blocks-accordion-header.kt-accordion-panel-active {color:#ffffff;background:#444444;border-color:#444444 #444444 #444444 #444444;}.kt-accordion-id_8af06c-69:not( .kt-accodion-icon-style-basiccircle ):not( .kt-accodion-icon-style-xclosecircle ):not( .kt-accodion-icon-style-arrowcircle ) .kt-blocks-accordion-header.kt-accordion-panel-active .kt-blocks-accordion-icon-trigger:after, .kt-accordion-id_8af06c-69:not( .kt-accodion-icon-style-basiccircle ):not( .kt-accodion-icon-style-xclosecircle ):not( .kt-accodion-icon-style-arrowcircle ) .kt-blocks-accordion-header.kt-accordion-panel-active .kt-blocks-accordion-icon-trigger:before {background:#ffffff;}.kt-accordion-id_8af06c-69:not( .kt-accodion-icon-style-basic ):not( .kt-accodion-icon-style-xclose ):not( .kt-accodion-icon-style-arrow ) .kt-blocks-accordion-header.kt-accordion-panel-active .kt-blocks-accordion-icon-trigger {background:#ffffff;}.kt-accordion-id_8af06c-69:not( .kt-accodion-icon-style-basic ):not( .kt-accodion-icon-style-xclose ):not( .kt-accodion-icon-style-arrow ) .kt-blocks-accordion-header.kt-accordion-panel-active .kt-blocks-accordion-icon-trigger:after, .kt-accordion-id_8af06c-69:not( .kt-accodion-icon-style-basic ):not( .kt-accodion-icon-style-xclose ):not( .kt-accodion-icon-style-arrow ) .kt-blocks-accordion-header.kt-accordion-panel-active .kt-blocks-accordion-icon-trigger:before {background:#444444;}<\/style><\/p>\n<div class=\"wp-block-kadence-accordion alignnone\">\n<div class=\"kt-accordion-wrap kt-accordion-wrap kt-accordion-id_8af06c-69 kt-accordion-has-3-panes kt-active-pane-1 kt-accordion-block kt-pane-header-alignment-left kt-accodion-icon-style-arrow kt-accodion-icon-side-right\" style=\"max-width: none;\">\n<div class=\"kt-accordion-inner-wrap\" data-allow-multiple-open=\"true\" data-start-open=\"1\">\n<p><\/p>\n<div class=\"wp-block-kadence-pane kt-accordion-pane kt-accordion-pane-1 kt-pane_ea5f4f-d7\">\n<div class=\"kt-accordion-header-wrap\">\n<div class=\"kt-btn-svg-icon kt-btn-svg-icon-fa_youtube kt-btn-side-left\" style=\"display: inline-flex; justify-content: center; align-items: center;\">\u00a0<\/div>\n<p><span class=\"kt-blocks-accordion-title\"> Demostraci\u00f3n General del Programa<\/span><\/p>\n<\/div>\n<div class=\"kt-accordion-panel\">\n<div class=\"kt-accordion-panel-inner\">\n<p><style id=\"kt-blocks_52cb89-17\" type=\"text\/css\">#kt-layout-id_52cb89-17 > .kt-row-column-wrap{padding-bottom:5px;}<\/style><\/p>\n<div class=\"wp-block-kadence-rowlayout alignnone\">\n<div id=\"kt-layout-id_52cb89-17\" class=\"kt-row-layout-inner kt-layout-id_52cb89-17\">\n<div class=\"kt-row-column-wrap kt-has-3-columns kt-gutter-default kt-v-gutter-default kt-row-valign-top kt-row-layout-equal kt-tab-layout-inherit kt-m-colapse-left-to-right kt-mobile-layout-row\">\n<p><\/p>\n<div class=\"wp-block-kadence-column inner-column-1 kadence-column_079d71-cf\">\n<div class=\"kt-inside-inner-col\">\n<p><\/p>\n<figure class=\"wp-block-video aligncenter\"><video src=\"\/agk\/videos\/demos\/AGROCAD%20-%20Farmsight.mp4\" controls=\"controls\" width=\"300\" height=\"150\"><\/video>\n<p>\u00a0<\/p>\n<figcaption>AGROCAD PARA ENTAIPAMENTO<\/figcaption>\n<\/figure>\n<p><\/p>\n<\/div>\n<\/div>\n<p><\/p>\n<p><\/p>\n<div class=\"wp-block-kadence-column inner-column-2 kadence-column_edb8d2-86\">\n<div class=\"kt-inside-inner-col\">\u00a0<\/div>\n<\/div>\n<p><\/p>\n<p><\/p>\n<div class=\"wp-block-kadence-column inner-column-3 kadence-column_8e5133-69\">\n<div class=\"kt-inside-inner-col\">\u00a0<\/div>\n<\/div>\n<p><\/p>\n<\/div>\n<\/div>\n<\/div>\n<p><\/p>\n<p><\/p>\n<p><\/p>\n<\/div>\n<\/div>\n<\/div>\n<p><\/p>\n<p><\/p>\n<div class=\"wp-block-kadence-pane kt-accordion-pane kt-accordion-pane-2 kt-pane_58bc37-9c\">\n<div class=\"kt-accordion-header-wrap\">\n<div class=\"kt-btn-svg-icon kt-btn-svg-icon-fa_youtube kt-btn-side-left\" style=\"display: inline-flex; justify-content: center; align-items: center;\">\u00a0<\/div>\n<p><span class=\"kt-blocks-accordion-title\">Informes y videos de clientes<\/span><\/p>\n<\/div>\n<div class=\"kt-accordion-panel\">\n<div class=\"kt-accordion-panel-inner\">\n<p><style id=\"kt-blocks_d1549e-e5\" type=\"text\/css\">#kt-layout-id_d1549e-e5 > .kt-row-column-wrap{padding-top:0px;padding-bottom:6px;}<\/style><\/p>\n<div class=\"wp-block-kadence-rowlayout alignnone\">\n<div id=\"kt-layout-id_d1549e-e5\" class=\"kt-row-layout-inner kt-layout-id_d1549e-e5\">\n<div class=\"kt-row-column-wrap kt-has-3-columns kt-gutter-default kt-v-gutter-default kt-row-valign-top kt-row-layout-equal kt-tab-layout-inherit kt-m-colapse-left-to-right kt-mobile-layout-row\">\n<p><\/p>\n<div class=\"wp-block-kadence-column inner-column-1 kadence-column_01723c-3d\">\n<div class=\"kt-inside-inner-col\">\n<p><\/p>\n<figure class=\"wp-block-video aligncenter\"><video src=\"http:\/\/www.tecgraf.com.br\/agk\/videos\/midia\/GUIMARAES.mp4\" controls=\"controls\" width=\"300\" height=\"150\"><\/video>\n<p>\u00a0<\/p>\n<figcaption>GUIMAR\u00c3ES | V\u00cdDEO PROMOCIONAL<\/figcaption>\n<\/figure>\n<p><\/p>\n<\/div>\n<\/div>\n<div class=\"wp-block-kadence-column inner-column-2 kadence-column_14ab1b-a3\">\n<div class=\"kt-inside-inner-col\">\n<figure class=\"wp-block-embed is-type-video is-provider-youtube wp-block-embed-youtube wp-embed-aspect-16-9 wp-has-aspect-ratio\">\n<div class=\"wp-block-embed__wrapper\">\n<p><iframe title=\"AGROCAD E NOVIDADES DA TECGRAF AGRO\" width=\"1140\" height=\"641\" src=\"https:\/\/www.youtube.com\/embed\/_RewIArGDQw?feature=oembed\" frameborder=\"0\" allow=\"accelerometer; autoplay; clipboard-write; encrypted-media; gyroscope; picture-in-picture\" allowfullscreen><\/iframe><\/p>\n<p><span style=\"color: var( --e-global-color-text ); font-family: var( --e-global-typography-text-font-family ), Sans-serif; font-weight: var( --e-global-typography-text-font-weight );\">LAB AGROTEC | ALGUNS RECURSOS PARA TAIPAS<\/span><\/p>\n<\/div>\n<\/figure>\n<p><\/p>\n<\/div>\n<\/div>\n<p><\/p>\n<p><\/p>\n<div class=\"wp-block-kadence-column inner-column-3 kadence-column_6fa2a5-a1\">\n<div class=\"kt-inside-inner-col\">\n<p><\/p>\n<p><\/p>\n<\/div>\n<\/div>\n<p><\/p>\n<\/div>\n<\/div>\n<\/div>\n<p><\/p>\n<p><style id=\"kt-blocks_4c4035-b0\" type=\"text\/css\">#kt-layout-id_4c4035-b0 > .kt-row-column-wrap{padding-top:0px;padding-bottom:6px;}<\/style><\/p>\n<div class=\"wp-block-kadence-rowlayout alignnone\">\n<div id=\"kt-layout-id_4c4035-b0\" class=\"kt-row-layout-inner kt-layout-id_4c4035-b0\">\n<div class=\"kt-row-column-wrap kt-has-3-columns kt-gutter-default kt-v-gutter-default kt-row-valign-top kt-row-layout-equal kt-tab-layout-inherit kt-m-colapse-left-to-right kt-mobile-layout-row\">\n<p><\/p>\n<div class=\"wp-block-kadence-column inner-column-1 kadence-column_90f504-d6\">\n<div class=\"kt-inside-inner-col\">\n<p><\/p>\n<figure class=\"wp-block-video aligncenter\"><video src=\"\/agk\/videos\/midia\/Igua%C3%A7u%20JD%20V%C3%ADdeo%20Promocional.mp4\" controls=\"controls\" width=\"300\" height=\"150\"><\/video>\n<p>\u00a0<\/p>\n<figcaption>IGUA\u00c7U M\u00c1QUINAS | V\u00cdDEO PROMOCIONAL<\/figcaption>\n<\/figure>\n<p><\/p>\n<\/div>\n<\/div>\n<p><\/p>\n<p><\/p>\n<div class=\"wp-block-kadence-column inner-column-2 kadence-column_f9bbf5-e8\">\n<div class=\"kt-inside-inner-col\">\n<p><\/p>\n<figure class=\"wp-block-video aligncenter\"><video src=\"\/agk\/videos\/midia\/AgroCAD%20no%20FARM%20SOLUTIONS%20-%20Guimar%C3%A3es%20Agr%C3%ADcola.mp4\" preload=\"auto\" controls=\"controls\" width=\"300\" height=\"150\"><\/video>\n<p>\u00a0<\/p>\n<figcaption>AGROCAD NO FARM SOLUTIONS<\/figcaption>\n<\/figure>\n<p><\/p>\n<\/div>\n<\/div>\n<p><\/p>\n<p><\/p>\n<div class=\"wp-block-kadence-column inner-column-3 kadence-column_4ed754-86\">\n<div class=\"kt-inside-inner-col\">\n<p><\/p>\n<figure class=\"wp-block-video aligncenter\"><video src=\"\/agk\/videos\/midia\/Bolsonaro-Tecnologia-%20Imagem%20produzida%20a%20campo.mp4\" preload=\"auto\" controls=\"controls\" width=\"300\" height=\"150\"><\/video>\n<p>\u00a0<\/p>\n<figcaption>IMAGEM DO PRESIDENTE BOLSONARO PROJETADA COM AGROCAD<\/figcaption>\n<\/figure>\n<p><\/p>\n<p><\/p>\n<p><\/p>\n<\/div>\n<\/div>\n<p><\/p>\n<\/div>\n<\/div>\n<\/div>\n<p><\/p>\n<p><style id=\"kt-blocks_3565ee-b2\" type=\"text\/css\">#kt-layout-id_3565ee-b2 > .kt-row-column-wrap{padding-top:0px;padding-bottom:5px;}<\/style><\/p>\n<div class=\"wp-block-kadence-rowlayout alignnone\">\n<div id=\"kt-layout-id_3565ee-b2\" class=\"kt-row-layout-inner kt-layout-id_3565ee-b2\">\n<div class=\"kt-row-column-wrap kt-has-3-columns kt-gutter-default kt-v-gutter-default kt-row-valign-top kt-row-layout-equal kt-tab-layout-inherit kt-m-colapse-left-to-right kt-mobile-layout-row\">\n<p><\/p>\n<div class=\"wp-block-kadence-column inner-column-1 kadence-column_d6f25b-58\">\n<div class=\"kt-inside-inner-col\">\n<p><\/p>\n<figure class=\"wp-block-video aligncenter\"><video src=\"\/agk\/videos\/midia\/COMID%20-%20PV%204730%20-%20Desligamento%20sess%C3%A3o.mp4\" controls=\"controls\" width=\"300\" height=\"150\"><\/video>\n<p>\u00a0<\/p>\n<figcaption>COMID | PV 4730 | DESLIGAMENTO DE SE\u00c7\u00c3O<\/figcaption>\n<\/figure>\n<p><\/p>\n<\/div>\n<\/div>\n<p><\/p>\n<p><\/p>\n<div class=\"wp-block-kadence-column inner-column-2 kadence-column_77e6ae-42\">\n<div class=\"kt-inside-inner-col\">\n<p><\/p>\n<figure class=\"wp-block-video aligncenter\"><video src=\"\/agk\/videos\/midia\/Greenwood-reduzido.mp4\" controls=\"controls\" width=\"300\" height=\"150\"><\/video>\n<p>\u00a0<\/p>\n<figcaption>GREENWOOD<\/figcaption>\n<\/figure>\n<p><\/p>\n<\/div>\n<\/div>\n<p><\/p>\n<p><\/p>\n<div class=\"wp-block-kadence-column inner-column-3 kadence-column_bd8442-68\">\n<div class=\"kt-inside-inner-col\">\n<p><\/p>\n<figure class=\"wp-block-video aligncenter\"><video src=\"\/agk\/videos\/midia\/LAVRONORTE_MA%20-%20Projeto%20com%20a%20paisagem.MP4\" controls=\"controls\" width=\"300\" height=\"150\"><\/video>\n<p>\u00a0<\/p>\n<figcaption>LAVRONORTE | PROJETO COM BELA PAISAGEM<\/figcaption>\n<\/figure>\n<p><\/p>\n<\/div>\n<\/div>\n<p><\/p>\n<\/div>\n<\/div>\n<\/div>\n<p><\/p>\n<p><style id=\"kt-blocks_7e4a9a-8d\" type=\"text\/css\">#kt-layout-id_7e4a9a-8d > .kt-row-column-wrap{padding-top:0px;padding-bottom:5px;}<\/style><\/p>\n<div class=\"wp-block-kadence-rowlayout alignnone\">\n<div id=\"kt-layout-id_7e4a9a-8d\" class=\"kt-row-layout-inner kt-layout-id_7e4a9a-8d\">\n<div class=\"kt-row-column-wrap kt-has-3-columns kt-gutter-default kt-v-gutter-default kt-row-valign-top kt-row-layout-equal kt-tab-layout-inherit kt-m-colapse-left-to-right kt-mobile-layout-row\">\n<p><\/p>\n<div class=\"wp-block-kadence-column inner-column-1 kadence-column_c8d9ce-80\">\n<div class=\"kt-inside-inner-col\">\n<p><\/p>\n<figure class=\"wp-block-video aligncenter\"><video src=\"\/agk\/videos\/midia\/LIDERMAQ%20-%20John%20Deere%20Surface%20Water%20Pro.mp4\" controls=\"controls\" width=\"300\" height=\"150\"><\/video>\n<p>\u00a0<\/p>\n<figcaption>LIDERMAQ | SURFACE WATER PRO<\/figcaption>\n<\/figure>\n<p><\/p>\n<\/div>\n<\/div>\n<p><\/p>\n<p><\/p>\n<div class=\"wp-block-kadence-column inner-column-2 kadence-column_8fd738-eb\">\n<div class=\"kt-inside-inner-col\">\n<p><\/p>\n<figure class=\"wp-block-video aligncenter\"><video src=\"\/agk\/videos\/midia\/MASSEY%20-%20Farm%20Solutions.mp4\" controls=\"controls\" width=\"300\" height=\"150\"><\/video>\n<p>\u00a0<\/p>\n<figcaption>MASSEY | FARM SOLUTIONS<\/figcaption>\n<\/figure>\n<p><\/p>\n<\/div>\n<\/div>\n<p><\/p>\n<p><\/p>\n<div class=\"wp-block-kadence-column inner-column-3 kadence-column_003494-9a\">\n<div class=\"kt-inside-inner-col\">\n<p><\/p>\n<figure class=\"wp-block-video aligncenter\"><video src=\"\/agk\/videos\/midia\/Projeto%20de%20pivot%20-%20narrado%20pelo%20cliente.mp4\" controls=\"controls\" width=\"300\" height=\"150\"><\/video>\n<p>\u00a0<\/p>\n<figcaption>PROJETO DE PIV\u00d4 NARRADO PELO CLIENTE<\/figcaption>\n<\/figure>\n<p><\/p>\n<\/div>\n<\/div>\n<p><\/p>\n<\/div>\n<\/div>\n<\/div>\n<p><\/p>\n<p><style id=\"kt-blocks_cd6c33-c9\" type=\"text\/css\">#kt-layout-id_cd6c33-c9 > .kt-row-column-wrap{padding-top:0px;padding-bottom:6px;}<\/style><\/p>\n<div class=\"wp-block-kadence-rowlayout alignnone\">\n<div id=\"kt-layout-id_cd6c33-c9\" class=\"kt-row-layout-inner kt-layout-id_cd6c33-c9\">\n<div class=\"kt-row-column-wrap kt-has-3-columns kt-gutter-default kt-v-gutter-default kt-row-valign-top kt-row-layout-equal kt-tab-layout-inherit kt-m-colapse-left-to-right kt-mobile-layout-row\">\n<p><\/p>\n<div class=\"wp-block-kadence-column inner-column-1 kadence-column_8d4c49-d2\">\n<div class=\"kt-inside-inner-col\">\n<p><\/p>\n<figure class=\"wp-block-video aligncenter\"><video src=\"\/agk\/videos\/midia\/TEICHMANN%20-%20Entaipamento.mp4\" controls=\"controls\" width=\"300\" height=\"150\"><\/video>\n<p>\u00a0<\/p>\n<figcaption>TEICHMANN | ENTAIPAMENTO<\/figcaption>\n<\/figure>\n<p><\/p>\n<\/div>\n<\/div>\n<p><\/p>\n<p><\/p>\n<div class=\"wp-block-kadence-column inner-column-2 kadence-column_373ae8-5e\">\n<div class=\"kt-inside-inner-col\">\n<p><\/p>\n<figure class=\"wp-block-video aligncenter\"><video src=\"\/agk\/videos\/midia\/USINA%20SANTA%20HELENA%20-%20Do%20escrit%C3%B3rio%20ao%20campo.mp4\" controls=\"controls\" width=\"300\" height=\"150\"><\/video>\n<p>\u00a0<\/p>\n<figcaption>USINA SANTA HELENA | DO ESCRIT\u00d3RIO AO CAMPO<\/figcaption>\n<\/figure>\n<p><\/p>\n<\/div>\n<\/div>\n<p><\/p>\n<p><\/p>\n<div class=\"wp-block-kadence-column inner-column-3 kadence-column_48ee3e-4e\">\n<div class=\"kt-inside-inner-col\">\n<p><\/p>\n<figure class=\"wp-block-video aligncenter\"><video src=\"\/agk\/videos\/midia\/V%C3%ADdeo%20AgroCAD_LAVRONORTE.mp4\" controls=\"controls\" width=\"300\" height=\"150\"><\/video>\n<p>\u00a0<\/p>\n<figcaption>LAVRONORTE | AGROCAD<\/figcaption>\n<\/figure>\n<p><\/p>\n<\/div>\n<\/div>\n<p><\/p>\n<\/div>\n<\/div>\n<\/div>\n<p><\/p>\n<p><style id=\"kt-blocks_9f01ca-23\" type=\"text\/css\">#kt-layout-id_9f01ca-23 > .kt-row-column-wrap{padding-top:0px;padding-bottom:5px;}<\/style><\/p>\n<div class=\"wp-block-kadence-rowlayout alignnone\">\n<div id=\"kt-layout-id_9f01ca-23\" class=\"kt-row-layout-inner kt-layout-id_9f01ca-23\">\n<div class=\"kt-row-column-wrap kt-has-3-columns kt-gutter-default kt-v-gutter-default kt-row-valign-top kt-row-layout-equal kt-tab-layout-inherit kt-m-colapse-left-to-right kt-mobile-layout-row\">\n<p><\/p>\n<div class=\"wp-block-kadence-column inner-column-1 kadence-column_fea607-9e\">\n<div class=\"kt-inside-inner-col\">\n<p><\/p>\n<figure class=\"wp-block-video aligncenter\"><video src=\"\/agk\/videos\/midia\/MAQCAMPO.mp4\" controls=\"controls\" width=\"300\" height=\"150\"><\/video>\n<p>\u00a0<\/p>\n<figcaption>MAQCAMPO<\/figcaption>\n<\/figure>\n<p><\/p>\n<\/div>\n<\/div>\n<p><\/p>\n<p><\/p>\n<div class=\"wp-block-kadence-column inner-column-2 kadence-column_6fb7fe-9e\">\n<div class=\"kt-inside-inner-col\">\n<p><\/p>\n<figure class=\"wp-block-video aligncenter\"><video src=\"\/agk\/videos\/midia\/PROJETO%20SINCRONIZADO.mp4\" controls=\"controls\" width=\"300\" height=\"150\"><\/video>\n<p>\u00a0<\/p>\n<figcaption>PROJETO SINCRONIZADO<\/figcaption>\n<\/figure>\n<p><\/p>\n<\/div>\n<\/div>\n<p><\/p>\n<p><\/p>\n<div class=\"wp-block-kadence-column inner-column-3 kadence-column_1d9cdc-94\">\n<div class=\"kt-inside-inner-col\">\n<p><\/p>\n<figure class=\"wp-block-video aligncenter\"><video src=\"\/agk\/videos\/midia\/VALTRA%20-%20Farm%20Solutions.mp4\" controls=\"controls\" width=\"300\" height=\"150\"><\/video>\n<p>\u00a0<\/p>\n<figcaption>VALTRA | FARM SOLUTIONS<\/figcaption>\n<\/figure>\n<p><\/p>\n<\/div>\n<\/div>\n<p><\/p>\n<\/div>\n<\/div>\n<\/div>\n<p><\/p>\n<\/div>\n<\/div>\n<\/div>\n<p><\/p>\n<p><\/p>\n<div class=\"wp-block-kadence-pane kt-accordion-pane kt-accordion-pane-3 kt-pane_7c7e88-37\">\n<div class=\"kt-accordion-header-wrap\">\n<div class=\"kt-btn-svg-icon kt-btn-svg-icon-fa_youtube kt-btn-side-left\" style=\"display: inline-flex; justify-content: center; align-items: center;\">\u00a0<\/div>\n<p><span class=\"kt-blocks-accordion-title\"> Comandos y Funciones Espec\u00edficos<\/span><\/p>\n<\/div>\n<div class=\"kt-accordion-panel\">\n<div class=\"kt-accordion-panel-inner\">\n<p><style id=\"kt-blocks_a3b6ae-b5\" type=\"text\/css\">#kt-layout-id_a3b6ae-b5 > .kt-row-column-wrap{padding-bottom:40px;}<\/style><\/p>\n<div class=\"wp-block-kadence-rowlayout alignnone\">\n<div id=\"kt-layout-id_a3b6ae-b5\" class=\"kt-row-layout-inner kt-layout-id_a3b6ae-b5\">\n<div class=\"kt-row-column-wrap kt-has-3-columns kt-gutter-default kt-v-gutter-default kt-row-valign-top kt-row-layout-equal kt-tab-layout-inherit kt-m-colapse-left-to-right kt-mobile-layout-row\">\n<p><\/p>\n<div class=\"wp-block-kadence-column inner-column-1 kadence-column_a88699-6b\">\n<div class=\"kt-inside-inner-col\">\n<p><\/p>\n<figure class=\"wp-block-video aligncenter\"><video src=\"\/agk\/videos\/recursos\/OPERATIONS%20CENTER%20INTEGRATION.mp4\" controls=\"controls\" width=\"300\" height=\"150\"><\/video>\n<p>\u00a0<\/p>\n<figcaption>INTEGRA\u00c7\u00c3O COM OPERATIONS CENTER<\/figcaption>\n<\/figure>\n<p><\/p>\n<\/div>\n<\/div>\n<p><\/p>\n<p><\/p>\n<div class=\"wp-block-kadence-column inner-column-2 kadence-column_0c0387-37\">\n<div class=\"kt-inside-inner-col\">\u00a0<\/div>\n<\/div>\n<p><\/p>\n<p><\/p>\n<div class=\"wp-block-kadence-column inner-column-3 kadence-column_126761-b8\">\n<div class=\"kt-inside-inner-col\">\u00a0<\/div>\n<\/div>\n<p><\/p>\n<\/div>\n<\/div>\n<\/div>\n<p><\/p>\n<\/div>\n<\/div>\n<\/div>\n<p><\/p>\n<\/div>\n<\/div>\n<\/div>\n<p><!-- \/wp:kadence\/accordion --><\/p>\t\t\t\t\t\t\t\t<\/div>\n\t\t\t\t<\/div>\n\t\t\t\t\t<\/div>\n\t\t<\/div>\n\t\t\t\t\t<\/div>\n\t\t<\/section>\n\t\t\t\t<\/div>","protected":false},"excerpt":{"rendered":"","protected":false},"author":3,"featured_media":0,"parent":0,"menu_order":0,"comment_status":"closed","ping_status":"closed","template":"","meta":{"kt_blocks_editor_width":"","_joinchat":[],"footnotes":""},"class_list":["post-5572","page","type-page","status-publish","hentry"],"_links":{"self":[{"href":"https:\/\/tecgraf.com.br\/es\/wp-json\/wp\/v2\/pages\/5572"}],"collection":[{"href":"https:\/\/tecgraf.com.br\/es\/wp-json\/wp\/v2\/pages"}],"about":[{"href":"https:\/\/tecgraf.com.br\/es\/wp-json\/wp\/v2\/types\/page"}],"author":[{"embeddable":true,"href":"https:\/\/tecgraf.com.br\/es\/wp-json\/wp\/v2\/users\/3"}],"replies":[{"embeddable":true,"href":"https:\/\/tecgraf.com.br\/es\/wp-json\/wp\/v2\/comments?post=5572"}],"version-history":[{"count":70,"href":"https:\/\/tecgraf.com.br\/es\/wp-json\/wp\/v2\/pages\/5572\/revisions"}],"predecessor-version":[{"id":8720,"href":"https:\/\/tecgraf.com.br\/es\/wp-json\/wp\/v2\/pages\/5572\/revisions\/8720"}],"wp:attachment":[{"href":"https:\/\/tecgraf.com.br\/es\/wp-json\/wp\/v2\/media?parent=5572"}],"curies":[{"name":"wp","href":"https:\/\/api.w.org\/{rel}","templated":true}]}}