{"id":13172,"date":"2025-08-26T16:18:34","date_gmt":"2025-08-26T19:18:34","guid":{"rendered":"https:\/\/tecgraf.com.br\/?page_id=13172"},"modified":"2025-08-26T16:42:38","modified_gmt":"2025-08-26T19:42:38","slug":"promo-casatoro","status":"publish","type":"page","link":"https:\/\/tecgraf.com.br\/es\/promo-casatoro\/","title":{"rendered":"Promo CasaToro"},"content":{"rendered":"<div data-elementor-type=\"wp-page\" data-elementor-id=\"13172\" class=\"elementor elementor-13172\" data-elementor-post-type=\"page\">\n\t\t\t\t\t\t<section class=\"elementor-section elementor-top-section elementor-element elementor-element-57b4d81 elementor-section-boxed elementor-section-height-default elementor-section-height-default\" data-id=\"57b4d81\" data-element_type=\"section\" data-settings=\"{&quot;background_background&quot;:&quot;classic&quot;}\">\n\t\t\t\t\t\t<div class=\"elementor-container elementor-column-gap-default\">\n\t\t\t\t\t<div class=\"elementor-column elementor-col-100 elementor-top-column elementor-element elementor-element-cf3564d\" data-id=\"cf3564d\" data-element_type=\"column\">\n\t\t\t<div class=\"elementor-widget-wrap elementor-element-populated\">\n\t\t\t\t\t\t<section class=\"elementor-section elementor-inner-section elementor-element elementor-element-3689345 elementor-section-full_width elementor-section-height-default elementor-section-height-default\" data-id=\"3689345\" data-element_type=\"section\" data-settings=\"{&quot;background_background&quot;:&quot;classic&quot;}\">\n\t\t\t\t\t\t<div class=\"elementor-container elementor-column-gap-default\">\n\t\t\t\t\t<div class=\"elementor-column elementor-col-100 elementor-inner-column elementor-element elementor-element-a875510\" data-id=\"a875510\" data-element_type=\"column\">\n\t\t\t<div class=\"elementor-widget-wrap elementor-element-populated\">\n\t\t\t\t\t\t<div class=\"elementor-element elementor-element-a46fc9e elementor-widget elementor-widget-image\" data-id=\"a46fc9e\" data-element_type=\"widget\" data-widget_type=\"image.default\">\n\t\t\t\t<div class=\"elementor-widget-container\">\n\t\t\t\t\t\t\t\t\t\t\t\t\t\t\t<img fetchpriority=\"high\" decoding=\"async\" width=\"2560\" height=\"940\" src=\"https:\/\/tecgraf.com.br\/wp-content\/uploads\/2025\/08\/cabecalho_site-scaled.jpg\" class=\"attachment-full size-full wp-image-13174\" alt=\"\" srcset=\"https:\/\/tecgraf.com.br\/wp-content\/uploads\/2025\/08\/cabecalho_site-scaled.jpg 2560w, https:\/\/tecgraf.com.br\/wp-content\/uploads\/2025\/08\/cabecalho_site-300x110.jpg 300w, https:\/\/tecgraf.com.br\/wp-content\/uploads\/2025\/08\/cabecalho_site-1024x376.jpg 1024w, https:\/\/tecgraf.com.br\/wp-content\/uploads\/2025\/08\/cabecalho_site-768x282.jpg 768w, https:\/\/tecgraf.com.br\/wp-content\/uploads\/2025\/08\/cabecalho_site-1536x564.jpg 1536w, https:\/\/tecgraf.com.br\/wp-content\/uploads\/2025\/08\/cabecalho_site-2048x752.jpg 2048w, https:\/\/tecgraf.com.br\/wp-content\/uploads\/2025\/08\/cabecalho_site-18x7.jpg 18w\" sizes=\"(max-width: 2560px) 100vw, 2560px\" \/>\t\t\t\t\t\t\t\t\t\t\t\t\t\t\t<\/div>\n\t\t\t\t<\/div>\n\t\t\t\t<div class=\"elementor-element elementor-element-7b3c98a elementor-widget elementor-widget-text-editor\" data-id=\"7b3c98a\" data-element_type=\"widget\" data-widget_type=\"text-editor.default\">\n\t\t\t\t<div class=\"elementor-widget-container\">\n\t\t\t\t\t\t\t\t\t<p>TECNOLOG\u00cdA DE GRANDES\u00a0PARA QUIEN COMIENZA PEQUE\u00d1O<\/p>\t\t\t\t\t\t\t\t<\/div>\n\t\t\t\t<\/div>\n\t\t\t\t\t<\/div>\n\t\t<\/div>\n\t\t\t\t\t<\/div>\n\t\t<\/section>\n\t\t\t\t<section class=\"elementor-section elementor-inner-section elementor-element elementor-element-b866be1 elementor-section-boxed elementor-section-height-default elementor-section-height-default\" data-id=\"b866be1\" data-element_type=\"section\" data-settings=\"{&quot;background_background&quot;:&quot;classic&quot;}\">\n\t\t\t\t\t\t<div class=\"elementor-container elementor-column-gap-default\">\n\t\t\t\t\t<div class=\"elementor-column elementor-col-100 elementor-inner-column elementor-element elementor-element-e02fef4\" data-id=\"e02fef4\" data-element_type=\"column\" data-settings=\"{&quot;background_background&quot;:&quot;classic&quot;}\">\n\t\t\t<div class=\"elementor-widget-wrap elementor-element-populated\">\n\t\t\t\t\t\t<div class=\"elementor-element elementor-element-1cbc518 elementor-widget elementor-widget-text-editor\" data-id=\"1cbc518\" data-element_type=\"widget\" data-widget_type=\"text-editor.default\">\n\t\t\t\t<div class=\"elementor-widget-container\">\n\t\t\t\t\t\t\t\t\t<p>TECGRAF AGRO y Casa Toro unieron fuerzas para llevar la tecnolog\u00eda de los grandes para quien comienza peque\u00f1o! En XXXII ISSCT CENTENNIAL CONGRESS CALI- COLOMBIA lanzamos una promoci\u00f3n* exclusiva para usted que busca eficiencia, pero no quiere gastar una fortuna:<\/p>\t\t\t\t\t\t\t\t<\/div>\n\t\t\t\t<\/div>\n\t\t\t\t<div class=\"elementor-element elementor-element-cbdcf1c elementor-align-center elementor-widget elementor-widget-button\" data-id=\"cbdcf1c\" data-element_type=\"widget\" data-widget_type=\"button.default\">\n\t\t\t\t<div class=\"elementor-widget-container\">\n\t\t\t\t\t\t\t\t\t<div class=\"elementor-button-wrapper\">\n\t\t\t\t\t<a class=\"elementor-button elementor-button-link elementor-size-sm\" href=\"https:\/\/shop.tecgraf.com.br\/gofarm?_gl=1*e59eq1*_gcl_au*NTcwOTY5NTM3LjE3NTQzMjQ1OTM.*_ga*MTQ5MjU3MTc4Ny4xNzU0MzI0NTkz*_ga_JJCY6DXWQQ*czE3NTYyMzE4MDIkbzE3JGcxJHQxNzU2MjMzOTk1JGo1NyRsMCRoMA..\" target=\"_blank\">\n\t\t\t\t\t\t<span class=\"elementor-button-content-wrapper\">\n\t\t\t\t\t\t<span class=\"elementor-button-icon\">\n\t\t\t\t<i aria-hidden=\"true\" class=\"far fa-arrow-alt-circle-right\"><\/i>\t\t\t<\/span>\n\t\t\t\t\t\t\t\t\t<span class=\"elementor-button-text\">GoFarm + Kit esencial + AutoTrac: El combo perfecto para las operaciones aut\u00f3nomas!<\/span>\n\t\t\t\t\t<\/span>\n\t\t\t\t\t<\/a>\n\t\t\t\t<\/div>\n\t\t\t\t\t\t\t\t<\/div>\n\t\t\t\t<\/div>\n\t\t\t\t\t<\/div>\n\t\t<\/div>\n\t\t\t\t\t<\/div>\n\t\t<\/section>\n\t\t\t\t<section class=\"elementor-section elementor-inner-section elementor-element elementor-element-0c80dea elementor-section-boxed elementor-section-height-default elementor-section-height-default\" data-id=\"0c80dea\" data-element_type=\"section\" data-settings=\"{&quot;background_background&quot;:&quot;classic&quot;}\">\n\t\t\t\t\t\t<div class=\"elementor-container elementor-column-gap-default\">\n\t\t\t\t\t<div class=\"elementor-column elementor-col-50 elementor-inner-column elementor-element elementor-element-cefd9d3\" data-id=\"cefd9d3\" data-element_type=\"column\">\n\t\t\t<div class=\"elementor-widget-wrap elementor-element-populated\">\n\t\t\t\t\t\t<div class=\"elementor-element elementor-element-2985882 elementor-widget__width-initial elementor-widget elementor-widget-text-editor\" data-id=\"2985882\" data-element_type=\"widget\" data-widget_type=\"text-editor.default\">\n\t\t\t\t<div class=\"elementor-widget-container\">\n\t\t\t\t\t\t\t\t\t<p>\u2705 <strong>Kit esencial + AutoTrac:<\/strong><\/p><ul><li>Starfire 7500<\/li><li>Monitor G5 universal\/G5 plus<\/li><li>M\u00f3dem R\/M (M\u00f3dem y receptor)<\/li><li>AutoTrac<\/li><\/ul>\t\t\t\t\t\t\t\t<\/div>\n\t\t\t\t<\/div>\n\t\t\t\t\t<\/div>\n\t\t<\/div>\n\t\t\t\t<div class=\"elementor-column elementor-col-50 elementor-inner-column elementor-element elementor-element-45bb611\" data-id=\"45bb611\" data-element_type=\"column\">\n\t\t\t<div class=\"elementor-widget-wrap elementor-element-populated\">\n\t\t\t\t\t\t<div class=\"elementor-element elementor-element-0b3346c elementor-widget elementor-widget-text-editor\" data-id=\"0b3346c\" data-element_type=\"widget\" data-widget_type=\"text-editor.default\">\n\t\t\t\t<div class=\"elementor-widget-container\">\n\t\t\t\t\t\t\t\t\t<p>\u2705 <strong>GoFarm (TECGRAF AGRO):<\/strong><\/p><ul><li>90 d\u00edas gratis para probar todas las funcionalidades!<\/li><li>Proyectos de lineas simplificados: Plane\u00e9 rutas, evite sobrepocisiones y aumente la\u00a0productividad<\/li><\/ul>\t\t\t\t\t\t\t\t<\/div>\n\t\t\t\t<\/div>\n\t\t\t\t\t<\/div>\n\t\t<\/div>\n\t\t\t\t\t<\/div>\n\t\t<\/section>\n\t\t\t\t<section class=\"elementor-section elementor-inner-section elementor-element elementor-element-e873f6c elementor-section-full_width elementor-section-height-default elementor-section-height-default\" data-id=\"e873f6c\" data-element_type=\"section\" data-settings=\"{&quot;background_background&quot;:&quot;classic&quot;}\">\n\t\t\t\t\t\t<div class=\"elementor-container elementor-column-gap-default\">\n\t\t\t\t\t<div class=\"elementor-column elementor-col-100 elementor-inner-column elementor-element elementor-element-86a4d09\" data-id=\"86a4d09\" data-element_type=\"column\">\n\t\t\t<div class=\"elementor-widget-wrap elementor-element-populated\">\n\t\t\t\t\t\t<div class=\"elementor-element elementor-element-3c7d606 elementor-widget elementor-widget-text-editor\" data-id=\"3c7d606\" data-element_type=\"widget\" data-widget_type=\"text-editor.default\">\n\t\t\t\t<div class=\"elementor-widget-container\">\n\t\t\t\t\t\t\t\t\t<p>\u00bfC\u00d3MO FUNCIONA?<\/p>\t\t\t\t\t\t\t\t<\/div>\n\t\t\t\t<\/div>\n\t\t\t\t\t<\/div>\n\t\t<\/div>\n\t\t\t\t\t<\/div>\n\t\t<\/section>\n\t\t\t\t<section class=\"elementor-section elementor-inner-section elementor-element elementor-element-b56bce0 elementor-section-content-middle elementor-section-boxed elementor-section-height-default elementor-section-height-default\" data-id=\"b56bce0\" data-element_type=\"section\" data-settings=\"{&quot;background_background&quot;:&quot;classic&quot;}\">\n\t\t\t\t\t\t<div class=\"elementor-container elementor-column-gap-custom\">\n\t\t\t\t\t<div class=\"elementor-column elementor-col-50 elementor-inner-column elementor-element elementor-element-a07d7b5\" data-id=\"a07d7b5\" data-element_type=\"column\">\n\t\t\t<div class=\"elementor-widget-wrap elementor-element-populated\">\n\t\t\t\t\t\t<div class=\"elementor-element elementor-element-ea3e45e elementor-widget elementor-widget-spacer\" data-id=\"ea3e45e\" data-element_type=\"widget\" data-widget_type=\"spacer.default\">\n\t\t\t\t<div class=\"elementor-widget-container\">\n\t\t\t\t\t\t\t<div class=\"elementor-spacer\">\n\t\t\t<div class=\"elementor-spacer-inner\"><\/div>\n\t\t<\/div>\n\t\t\t\t\t\t<\/div>\n\t\t\t\t<\/div>\n\t\t\t\t<div class=\"elementor-element elementor-element-9dc7782 elementor-widget elementor-widget-image\" data-id=\"9dc7782\" data-element_type=\"widget\" data-widget_type=\"image.default\">\n\t\t\t\t<div class=\"elementor-widget-container\">\n\t\t\t\t\t\t\t\t\t\t\t\t\t\t\t<img decoding=\"async\" width=\"233\" height=\"128\" src=\"https:\/\/tecgraf.com.br\/wp-content\/uploads\/2025\/08\/AUTOTRAC.png\" class=\"attachment-large size-large wp-image-13178\" alt=\"\" srcset=\"https:\/\/tecgraf.com.br\/wp-content\/uploads\/2025\/08\/AUTOTRAC.png 233w, https:\/\/tecgraf.com.br\/wp-content\/uploads\/2025\/08\/AUTOTRAC-18x10.png 18w\" sizes=\"(max-width: 233px) 100vw, 233px\" \/>\t\t\t\t\t\t\t\t\t\t\t\t\t\t\t<\/div>\n\t\t\t\t<\/div>\n\t\t\t\t\t<\/div>\n\t\t<\/div>\n\t\t\t\t<div class=\"elementor-column elementor-col-50 elementor-inner-column elementor-element elementor-element-a80435e\" data-id=\"a80435e\" data-element_type=\"column\">\n\t\t\t<div class=\"elementor-widget-wrap elementor-element-populated\">\n\t\t\t\t\t\t<div class=\"elementor-element elementor-element-c8cebe7 elementor-widget elementor-widget-spacer\" data-id=\"c8cebe7\" data-element_type=\"widget\" data-widget_type=\"spacer.default\">\n\t\t\t\t<div class=\"elementor-widget-container\">\n\t\t\t\t\t\t\t<div class=\"elementor-spacer\">\n\t\t\t<div class=\"elementor-spacer-inner\"><\/div>\n\t\t<\/div>\n\t\t\t\t\t\t<\/div>\n\t\t\t\t<\/div>\n\t\t\t\t<div class=\"elementor-element elementor-element-39d9212 elementor-widget elementor-widget-image\" data-id=\"39d9212\" data-element_type=\"widget\" data-widget_type=\"image.default\">\n\t\t\t\t<div class=\"elementor-widget-container\">\n\t\t\t\t\t\t\t\t\t\t\t\t\t\t\t<img decoding=\"async\" width=\"233\" height=\"128\" src=\"https:\/\/tecgraf.com.br\/wp-content\/uploads\/2025\/08\/GOFARM.png\" class=\"attachment-large size-large wp-image-13179\" alt=\"\" srcset=\"https:\/\/tecgraf.com.br\/wp-content\/uploads\/2025\/08\/GOFARM.png 233w, https:\/\/tecgraf.com.br\/wp-content\/uploads\/2025\/08\/GOFARM-18x10.png 18w\" sizes=\"(max-width: 233px) 100vw, 233px\" \/>\t\t\t\t\t\t\t\t\t\t\t\t\t\t\t<\/div>\n\t\t\t\t<\/div>\n\t\t\t\t\t<\/div>\n\t\t<\/div>\n\t\t\t\t\t<\/div>\n\t\t<\/section>\n\t\t\t\t<section class=\"elementor-section elementor-inner-section elementor-element elementor-element-3876337 elementor-section-boxed elementor-section-height-default elementor-section-height-default\" data-id=\"3876337\" data-element_type=\"section\" data-settings=\"{&quot;background_background&quot;:&quot;classic&quot;}\">\n\t\t\t\t\t\t<div class=\"elementor-container elementor-column-gap-default\">\n\t\t\t\t\t<div class=\"elementor-column elementor-col-100 elementor-inner-column elementor-element elementor-element-3a5fb44\" data-id=\"3a5fb44\" data-element_type=\"column\">\n\t\t\t<div class=\"elementor-widget-wrap elementor-element-populated\">\n\t\t\t\t\t\t<div class=\"elementor-element elementor-element-bab4cf6 elementor-widget elementor-widget-text-editor\" data-id=\"bab4cf6\" data-element_type=\"widget\" data-widget_type=\"text-editor.default\">\n\t\t\t\t<div class=\"elementor-widget-container\">\n\t\t\t\t\t\t\t\t\t<p>Las grandes marcas comenzaron como peque\u00f1as empresas.<\/p><p>\u00a1Por eso Tecgraf Agro y Casa Toro quieren darte esta oportunidad a ti que quieres crecer pero a\u00fan sin una inversi\u00f3n muy alta!<\/p><p>\u00a1Ahora el peque\u00f1o productor tambi\u00e9n puede tener tecnolog\u00eda de gran tama\u00f1o para producir m\u00e1s y mejor!<\/p><p>\u00a1Compre Kit Esencial + AutoTrac y obtenga 90 d\u00edas de acceso a GoFarm!<\/p><p>Aprovechar esta oportunidad es muy f\u00e1cil.<\/p><p>P\u00f3ngase en contacto con <span style=\"color: #ffffff;\"><a style=\"color: #ffffff;\" href=\"mailto:david.angel@casatoro.com\" target=\"_blank\" rel=\"noopener\"><strong>david.angel@casatoro.com<\/strong><\/a><\/span> y solicite su cup\u00f3n. Luego acceda <span style=\"color: #ffffff;\"><strong><a style=\"color: #ffffff;\" href=\"https:\/\/shop.tecgraf.com.br\/gofarm?_gl=1*1pajkf8*_gcl_au*NTcwOTY5NTM3LjE3NTQzMjQ1OTM.*_ga*MTQ5MjU3MTc4Ny4xNzU0MzI0NTkz*_ga_JJCY6DXWQQ*czE3NTYyMzE4MDIkbzE3JGcxJHQxNzU2MjM1NzYwJGo1NyRsMCRoMA..\" target=\"_blank\" rel=\"noopener\">shop.tecgraf.com.br<\/a><\/strong><\/span> y comience a usarlo inmediatamente.<\/p>\t\t\t\t\t\t\t\t<\/div>\n\t\t\t\t<\/div>\n\t\t\t\t<div class=\"elementor-element elementor-element-8b55303 elementor-widget__width-inherit elementor-widget elementor-widget-image\" data-id=\"8b55303\" data-element_type=\"widget\" data-widget_type=\"image.default\">\n\t\t\t\t<div class=\"elementor-widget-container\">\n\t\t\t\t\t\t\t\t\t\t\t\t\t\t\t<img loading=\"lazy\" decoding=\"async\" width=\"2560\" height=\"493\" src=\"https:\/\/tecgraf.com.br\/wp-content\/uploads\/2025\/04\/RODAPE_SITE-scaled.jpg\" class=\"attachment-full size-full wp-image-12893\" alt=\"\" srcset=\"https:\/\/tecgraf.com.br\/wp-content\/uploads\/2025\/04\/RODAPE_SITE-scaled.jpg 2560w, https:\/\/tecgraf.com.br\/wp-content\/uploads\/2025\/04\/RODAPE_SITE-300x58.jpg 300w, https:\/\/tecgraf.com.br\/wp-content\/uploads\/2025\/04\/RODAPE_SITE-1024x197.jpg 1024w, https:\/\/tecgraf.com.br\/wp-content\/uploads\/2025\/04\/RODAPE_SITE-768x148.jpg 768w, https:\/\/tecgraf.com.br\/wp-content\/uploads\/2025\/04\/RODAPE_SITE-1536x296.jpg 1536w, https:\/\/tecgraf.com.br\/wp-content\/uploads\/2025\/04\/RODAPE_SITE-2048x395.jpg 2048w, https:\/\/tecgraf.com.br\/wp-content\/uploads\/2025\/04\/RODAPE_SITE-18x3.jpg 18w\" sizes=\"(max-width: 2560px) 100vw, 2560px\" \/>\t\t\t\t\t\t\t\t\t\t\t\t\t\t\t<\/div>\n\t\t\t\t<\/div>\n\t\t\t\t<div class=\"elementor-element elementor-element-e310b2b elementor-widget elementor-widget-text-editor\" data-id=\"e310b2b\" data-element_type=\"widget\" data-widget_type=\"text-editor.default\">\n\t\t\t\t<div class=\"elementor-widget-container\">\n\t\t\t\t\t\t\t\t\t<p>*Promoci\u00f3n v\u00e1lida hasta el 31\/12\/2025.<\/p>\t\t\t\t\t\t\t\t<\/div>\n\t\t\t\t<\/div>\n\t\t\t\t\t<\/div>\n\t\t<\/div>\n\t\t\t\t\t<\/div>\n\t\t<\/section>\n\t\t\t\t<section class=\"elementor-section elementor-inner-section elementor-element elementor-element-a8d7fb4 elementor-section-boxed elementor-section-height-default elementor-section-height-default\" data-id=\"a8d7fb4\" data-element_type=\"section\">\n\t\t\t\t\t\t<div class=\"elementor-container elementor-column-gap-default\">\n\t\t\t\t\t<div class=\"elementor-column elementor-col-50 elementor-inner-column elementor-element elementor-element-a291c5c\" data-id=\"a291c5c\" data-element_type=\"column\">\n\t\t\t<div class=\"elementor-widget-wrap\">\n\t\t\t\t\t\t\t<\/div>\n\t\t<\/div>\n\t\t\t\t<div class=\"elementor-column elementor-col-50 elementor-inner-column elementor-element elementor-element-6055778\" data-id=\"6055778\" data-element_type=\"column\">\n\t\t\t<div class=\"elementor-widget-wrap\">\n\t\t\t\t\t\t\t<\/div>\n\t\t<\/div>\n\t\t\t\t\t<\/div>\n\t\t<\/section>\n\t\t\t\t\t<\/div>\n\t\t<\/div>\n\t\t\t\t\t<\/div>\n\t\t<\/section>\n\t\t\t\t<\/div>","protected":false},"excerpt":{"rendered":"<p>TECNOLOG\u00cdA DE GRANDES\u00a0PARA QUIEN COMIENZA PEQUE\u00d1O TECGRAF AGRO y Casa Toro unieron fuerzas para llevar la tecnolog\u00eda de los grandes para quien comienza peque\u00f1o! En XXXII ISSCT CENTENNIAL CONGRESS CALI- COLOMBIA lanzamos una promoci\u00f3n* exclusiva para usted que busca eficiencia, &hellip; <a href=\"https:\/\/tecgraf.com.br\/es\/promo-casatoro\/\">Continuar<\/a><\/p>","protected":false},"author":2,"featured_media":0,"parent":0,"menu_order":0,"comment_status":"closed","ping_status":"closed","template":"","meta":{"kt_blocks_editor_width":"","_joinchat":[],"footnotes":""},"class_list":["post-13172","page","type-page","status-publish","hentry"],"_links":{"self":[{"href":"https:\/\/tecgraf.com.br\/es\/wp-json\/wp\/v2\/pages\/13172"}],"collection":[{"href":"https:\/\/tecgraf.com.br\/es\/wp-json\/wp\/v2\/pages"}],"about":[{"href":"https:\/\/tecgraf.com.br\/es\/wp-json\/wp\/v2\/types\/page"}],"author":[{"embeddable":true,"href":"https:\/\/tecgraf.com.br\/es\/wp-json\/wp\/v2\/users\/2"}],"replies":[{"embeddable":true,"href":"https:\/\/tecgraf.com.br\/es\/wp-json\/wp\/v2\/comments?post=13172"}],"version-history":[{"count":16,"href":"https:\/\/tecgraf.com.br\/es\/wp-json\/wp\/v2\/pages\/13172\/revisions"}],"predecessor-version":[{"id":13201,"href":"https:\/\/tecgraf.com.br\/es\/wp-json\/wp\/v2\/pages\/13172\/revisions\/13201"}],"wp:attachment":[{"href":"https:\/\/tecgraf.com.br\/es\/wp-json\/wp\/v2\/media?parent=13172"}],"curies":[{"name":"wp","href":"https:\/\/api.w.org\/{rel}","templated":true}]}}