{"id":13161,"date":"2025-08-26T15:30:46","date_gmt":"2025-08-26T18:30:46","guid":{"rendered":"https:\/\/tecgraf.com.br\/?page_id=13161"},"modified":"2025-08-26T16:45:51","modified_gmt":"2025-08-26T19:45:51","slug":"promocao-value-line","status":"publish","type":"page","link":"https:\/\/tecgraf.com.br\/es\/promocao-value-line\/","title":{"rendered":"Promo\u00e7\u00e3o Value Line"},"content":{"rendered":"<div data-elementor-type=\"wp-page\" data-elementor-id=\"13161\" class=\"elementor elementor-13161\" data-elementor-post-type=\"page\">\n\t\t\t\t\t\t<section class=\"elementor-section elementor-top-section elementor-element elementor-element-7269dd1 elementor-section-boxed elementor-section-height-default elementor-section-height-default\" data-id=\"7269dd1\" data-element_type=\"section\" data-settings=\"{&quot;background_background&quot;:&quot;classic&quot;}\">\n\t\t\t\t\t\t<div class=\"elementor-container elementor-column-gap-default\">\n\t\t\t\t\t<div class=\"elementor-column elementor-col-100 elementor-top-column elementor-element elementor-element-befd463\" data-id=\"befd463\" data-element_type=\"column\">\n\t\t\t<div class=\"elementor-widget-wrap elementor-element-populated\">\n\t\t\t\t\t\t<section class=\"elementor-section elementor-inner-section elementor-element elementor-element-a541606 elementor-section-full_width elementor-section-height-default elementor-section-height-default\" data-id=\"a541606\" data-element_type=\"section\" data-settings=\"{&quot;background_background&quot;:&quot;classic&quot;}\">\n\t\t\t\t\t\t<div class=\"elementor-container elementor-column-gap-default\">\n\t\t\t\t\t<div class=\"elementor-column elementor-col-100 elementor-inner-column elementor-element elementor-element-10af4a9\" data-id=\"10af4a9\" data-element_type=\"column\">\n\t\t\t<div class=\"elementor-widget-wrap elementor-element-populated\">\n\t\t\t\t\t\t<div class=\"elementor-element elementor-element-9730633 elementor-widget__width-initial elementor-widget elementor-widget-image\" data-id=\"9730633\" data-element_type=\"widget\" data-widget_type=\"image.default\">\n\t\t\t\t<div class=\"elementor-widget-container\">\n\t\t\t\t\t\t\t\t\t\t\t\t\t\t\t<img fetchpriority=\"high\" decoding=\"async\" width=\"2560\" height=\"940\" src=\"https:\/\/tecgraf.com.br\/wp-content\/uploads\/2025\/04\/cabecalho_site-scaled.jpg\" class=\"attachment-full size-full wp-image-12889\" alt=\"\" srcset=\"https:\/\/tecgraf.com.br\/wp-content\/uploads\/2025\/04\/cabecalho_site-scaled.jpg 2560w, https:\/\/tecgraf.com.br\/wp-content\/uploads\/2025\/04\/cabecalho_site-300x110.jpg 300w, https:\/\/tecgraf.com.br\/wp-content\/uploads\/2025\/04\/cabecalho_site-1024x376.jpg 1024w, https:\/\/tecgraf.com.br\/wp-content\/uploads\/2025\/04\/cabecalho_site-768x282.jpg 768w, https:\/\/tecgraf.com.br\/wp-content\/uploads\/2025\/04\/cabecalho_site-1536x564.jpg 1536w, https:\/\/tecgraf.com.br\/wp-content\/uploads\/2025\/04\/cabecalho_site-2048x752.jpg 2048w, https:\/\/tecgraf.com.br\/wp-content\/uploads\/2025\/04\/cabecalho_site-18x7.jpg 18w\" sizes=\"(max-width: 2560px) 100vw, 2560px\" \/>\t\t\t\t\t\t\t\t\t\t\t\t\t\t\t<\/div>\n\t\t\t\t<\/div>\n\t\t\t\t<div class=\"elementor-element elementor-element-cc0f521 elementor-widget elementor-widget-text-editor\" data-id=\"cc0f521\" data-element_type=\"widget\" data-widget_type=\"text-editor.default\">\n\t\t\t\t<div class=\"elementor-widget-container\">\n\t\t\t\t\t\t\t\t\t<p><strong>TECNOLOGIA DOS GRANDES PARA QUEM COME\u00c7A PEQUENO<\/strong><\/p>\t\t\t\t\t\t\t\t<\/div>\n\t\t\t\t<\/div>\n\t\t\t\t\t<\/div>\n\t\t<\/div>\n\t\t\t\t\t<\/div>\n\t\t<\/section>\n\t\t\t\t<section class=\"elementor-section elementor-inner-section elementor-element elementor-element-57c5ac7 elementor-section-boxed elementor-section-height-default elementor-section-height-default\" data-id=\"57c5ac7\" data-element_type=\"section\" data-settings=\"{&quot;background_background&quot;:&quot;classic&quot;}\">\n\t\t\t\t\t\t<div class=\"elementor-container elementor-column-gap-default\">\n\t\t\t\t\t<div class=\"elementor-column elementor-col-100 elementor-inner-column elementor-element elementor-element-0bd93d3\" data-id=\"0bd93d3\" data-element_type=\"column\">\n\t\t\t<div class=\"elementor-widget-wrap elementor-element-populated\">\n\t\t\t\t\t\t<div class=\"elementor-element elementor-element-fe5460b elementor-widget elementor-widget-text-editor\" data-id=\"fe5460b\" data-element_type=\"widget\" data-widget_type=\"text-editor.default\">\n\t\t\t\t<div class=\"elementor-widget-container\">\n\t\t\t\t\t\t\t\t\t<p>A <b>TECGRAF AGRO<\/b> e a <b>Topcon<\/b> uniram for\u00e7as para levar a <b>tecnologia dos grandes para quem come\u00e7a pequeno<\/b>! Na <strong>Agrishow 2025<\/strong>, lan\u00e7amos uma promo\u00e7\u00e3o exclusiva para voc\u00ea que busca efici\u00eancia, mas n\u00e3o quer gastar fortunas:<\/p>\t\t\t\t\t\t\t\t<\/div>\n\t\t\t\t<\/div>\n\t\t\t\t<div class=\"elementor-element elementor-element-563bf2f elementor-widget elementor-widget-text-editor\" data-id=\"563bf2f\" data-element_type=\"widget\" data-widget_type=\"text-editor.default\">\n\t\t\t\t<div class=\"elementor-widget-container\">\n\t\t\t\t\t\t\t\t\t<p style=\"text-align: center;\"><b>GoFarm + Value Line: O combo perfeito para opera\u00e7\u00f5es aut\u00f4nomas!<\/b><\/p>\t\t\t\t\t\t\t\t<\/div>\n\t\t\t\t<\/div>\n\t\t\t\t\t<\/div>\n\t\t<\/div>\n\t\t\t\t\t<\/div>\n\t\t<\/section>\n\t\t\t\t<section class=\"elementor-section elementor-inner-section elementor-element elementor-element-958a9d5 elementor-section-boxed elementor-section-height-default elementor-section-height-default\" data-id=\"958a9d5\" data-element_type=\"section\" data-settings=\"{&quot;background_background&quot;:&quot;classic&quot;}\">\n\t\t\t\t\t\t<div class=\"elementor-container elementor-column-gap-default\">\n\t\t\t\t\t<div class=\"elementor-column elementor-col-50 elementor-inner-column elementor-element elementor-element-36ff838\" data-id=\"36ff838\" data-element_type=\"column\">\n\t\t\t<div class=\"elementor-widget-wrap elementor-element-populated\">\n\t\t\t\t\t\t<div class=\"elementor-element elementor-element-55371b3 elementor-widget elementor-widget-text-editor\" data-id=\"55371b3\" data-element_type=\"widget\" data-widget_type=\"text-editor.default\">\n\t\t\t\t<div class=\"elementor-widget-container\">\n\t\t\t\t\t\t\t\t\t<p>\u2705 <strong>Piloto Autom\u00e1tico Value Line (Topcon):<\/strong><\/p><ul><li>Hardware acess\u00edvel, feito para pequenas e m\u00e9dias propriedades.<\/li><li>Conectado ao GoFarm, software que permite criar trajet\u00f3rias precisas para m\u00e1quinas agr\u00edcolas.<\/li><\/ul>\t\t\t\t\t\t\t\t<\/div>\n\t\t\t\t<\/div>\n\t\t\t\t\t<\/div>\n\t\t<\/div>\n\t\t\t\t<div class=\"elementor-column elementor-col-50 elementor-inner-column elementor-element elementor-element-ea84a15\" data-id=\"ea84a15\" data-element_type=\"column\">\n\t\t\t<div class=\"elementor-widget-wrap elementor-element-populated\">\n\t\t\t\t\t\t<div class=\"elementor-element elementor-element-311cf36 elementor-widget elementor-widget-text-editor\" data-id=\"311cf36\" data-element_type=\"widget\" data-widget_type=\"text-editor.default\">\n\t\t\t\t<div class=\"elementor-widget-container\">\n\t\t\t\t\t\t\t\t\t<p>\u2705 <strong>GoFarm (TECGRAF AGRO):<\/strong><\/p><ul><li>90 dias gr\u00e1tis para testar todas as funcionalidades!<\/li><li>Projetos de linhas simplificados: planeje rotas, evite sobreposi\u00e7\u00f5es e aumente a produtividade.<\/li><\/ul>\t\t\t\t\t\t\t\t<\/div>\n\t\t\t\t<\/div>\n\t\t\t\t\t<\/div>\n\t\t<\/div>\n\t\t\t\t\t<\/div>\n\t\t<\/section>\n\t\t\t\t<section class=\"elementor-section elementor-inner-section elementor-element elementor-element-3ea0a60 elementor-section-full_width elementor-section-height-default elementor-section-height-default\" data-id=\"3ea0a60\" data-element_type=\"section\" data-settings=\"{&quot;background_background&quot;:&quot;classic&quot;}\">\n\t\t\t\t\t\t<div class=\"elementor-container elementor-column-gap-default\">\n\t\t\t\t\t<div class=\"elementor-column elementor-col-100 elementor-inner-column elementor-element elementor-element-076976e\" data-id=\"076976e\" data-element_type=\"column\">\n\t\t\t<div class=\"elementor-widget-wrap elementor-element-populated\">\n\t\t\t\t\t\t<div class=\"elementor-element elementor-element-ce11f8e elementor-widget elementor-widget-text-editor\" data-id=\"ce11f8e\" data-element_type=\"widget\" data-widget_type=\"text-editor.default\">\n\t\t\t\t<div class=\"elementor-widget-container\">\n\t\t\t\t\t\t\t\t\t<p><b>\u00bfC\u00d3MO FUNCIONA?<\/b><\/p>\t\t\t\t\t\t\t\t<\/div>\n\t\t\t\t<\/div>\n\t\t\t\t\t<\/div>\n\t\t<\/div>\n\t\t\t\t\t<\/div>\n\t\t<\/section>\n\t\t\t\t<section class=\"elementor-section elementor-inner-section elementor-element elementor-element-b8577de elementor-section-content-middle elementor-section-boxed elementor-section-height-default elementor-section-height-default\" data-id=\"b8577de\" data-element_type=\"section\" data-settings=\"{&quot;background_background&quot;:&quot;classic&quot;}\">\n\t\t\t\t\t\t<div class=\"elementor-container elementor-column-gap-custom\">\n\t\t\t\t\t<div class=\"elementor-column elementor-col-50 elementor-inner-column elementor-element elementor-element-10ae1ba\" data-id=\"10ae1ba\" data-element_type=\"column\">\n\t\t\t<div class=\"elementor-widget-wrap elementor-element-populated\">\n\t\t\t\t\t\t<div class=\"elementor-element elementor-element-48991ca elementor-widget elementor-widget-spacer\" data-id=\"48991ca\" data-element_type=\"widget\" data-widget_type=\"spacer.default\">\n\t\t\t\t<div class=\"elementor-widget-container\">\n\t\t\t\t\t\t\t<div class=\"elementor-spacer\">\n\t\t\t<div class=\"elementor-spacer-inner\"><\/div>\n\t\t<\/div>\n\t\t\t\t\t\t<\/div>\n\t\t\t\t<\/div>\n\t\t\t\t<div class=\"elementor-element elementor-element-166702f elementor-widget elementor-widget-image\" data-id=\"166702f\" data-element_type=\"widget\" data-widget_type=\"image.default\">\n\t\t\t\t<div class=\"elementor-widget-container\">\n\t\t\t\t\t\t\t\t\t\t\t\t\t\t\t<img decoding=\"async\" width=\"227\" height=\"128\" src=\"https:\/\/tecgraf.com.br\/wp-content\/uploads\/2025\/04\/Value_Line-1.png\" class=\"attachment-large size-large wp-image-12891\" alt=\"\" srcset=\"https:\/\/tecgraf.com.br\/wp-content\/uploads\/2025\/04\/Value_Line-1.png 227w, https:\/\/tecgraf.com.br\/wp-content\/uploads\/2025\/04\/Value_Line-1-18x10.png 18w\" sizes=\"(max-width: 227px) 100vw, 227px\" \/>\t\t\t\t\t\t\t\t\t\t\t\t\t\t\t<\/div>\n\t\t\t\t<\/div>\n\t\t\t\t\t<\/div>\n\t\t<\/div>\n\t\t\t\t<div class=\"elementor-column elementor-col-50 elementor-inner-column elementor-element elementor-element-95a1c72\" data-id=\"95a1c72\" data-element_type=\"column\">\n\t\t\t<div class=\"elementor-widget-wrap elementor-element-populated\">\n\t\t\t\t\t\t<div class=\"elementor-element elementor-element-eec5d0b elementor-widget elementor-widget-spacer\" data-id=\"eec5d0b\" data-element_type=\"widget\" data-widget_type=\"spacer.default\">\n\t\t\t\t<div class=\"elementor-widget-container\">\n\t\t\t\t\t\t\t<div class=\"elementor-spacer\">\n\t\t\t<div class=\"elementor-spacer-inner\"><\/div>\n\t\t<\/div>\n\t\t\t\t\t\t<\/div>\n\t\t\t\t<\/div>\n\t\t\t\t<div class=\"elementor-element elementor-element-aa42b25 elementor-widget elementor-widget-image\" data-id=\"aa42b25\" data-element_type=\"widget\" data-widget_type=\"image.default\">\n\t\t\t\t<div class=\"elementor-widget-container\">\n\t\t\t\t\t\t\t\t\t\t\t\t\t\t\t<img decoding=\"async\" width=\"233\" height=\"128\" src=\"https:\/\/tecgraf.com.br\/wp-content\/uploads\/2025\/04\/GoFarm.png\" class=\"attachment-large size-large wp-image-12892\" alt=\"\" srcset=\"https:\/\/tecgraf.com.br\/wp-content\/uploads\/2025\/04\/GoFarm.png 233w, https:\/\/tecgraf.com.br\/wp-content\/uploads\/2025\/04\/GoFarm-18x10.png 18w\" sizes=\"(max-width: 233px) 100vw, 233px\" \/>\t\t\t\t\t\t\t\t\t\t\t\t\t\t\t<\/div>\n\t\t\t\t<\/div>\n\t\t\t\t\t<\/div>\n\t\t<\/div>\n\t\t\t\t\t<\/div>\n\t\t<\/section>\n\t\t\t\t<section class=\"elementor-section elementor-inner-section elementor-element elementor-element-f1b4841 elementor-section-boxed elementor-section-height-default elementor-section-height-default\" data-id=\"f1b4841\" data-element_type=\"section\" data-settings=\"{&quot;background_background&quot;:&quot;classic&quot;}\">\n\t\t\t\t\t\t<div class=\"elementor-container elementor-column-gap-default\">\n\t\t\t\t\t<div class=\"elementor-column elementor-col-100 elementor-inner-column elementor-element elementor-element-30f5e6f\" data-id=\"30f5e6f\" data-element_type=\"column\">\n\t\t\t<div class=\"elementor-widget-wrap elementor-element-populated\">\n\t\t\t\t\t\t<div class=\"elementor-element elementor-element-535859b elementor-widget elementor-widget-text-editor\" data-id=\"535859b\" data-element_type=\"widget\" data-widget_type=\"text-editor.default\">\n\t\t\t\t<div class=\"elementor-widget-container\">\n\t\t\t\t\t\t\t\t\t<ol><li><a href=\"https:\/\/www.topconpositioning.com\/br\/pt\/campaigns\/value-line\" target=\"_blank\" rel=\"noopener\"><strong>Compre o Value Line TOPCON<\/strong><\/a>\u00a0e ganhe<strong> um voucher exclusivo<\/strong>.<\/li><li><strong>Acesse o site do GoFarm<\/strong> (tecgrafagro.com.br\/gofarmoficial), clique em <strong>\u201c<a href=\"https:\/\/shop.tecgraf.com.br\/gofarm\" target=\"_blank\" rel=\"noopener\">Quero Comprar<\/a>\u201d<\/strong>, insira o voucher no checkout e <strong>ative 90 dias gr\u00e1tis<\/strong>.<\/li><li><strong>Use o GoFarm sem custo<\/strong> e descubra como criar trajet\u00f3rias eficientes para o seu Value Line.<\/li><li><strong>Prazo para o resgate do voucher \u00e9 at\u00e9 o dia 31\/12\/2025.<\/strong><\/li><li><strong>Importante:<\/strong> Nenhum custo para o GoFarm durante os 90 dias (ap\u00f3s o per\u00edodo, a assinatura \u00e9 renovada caso o usu\u00e1rio n\u00e3o a cancele).<\/li><\/ol>\t\t\t\t\t\t\t\t<\/div>\n\t\t\t\t<\/div>\n\t\t\t\t<div class=\"elementor-element elementor-element-a117277 elementor-widget elementor-widget-text-editor\" data-id=\"a117277\" data-element_type=\"widget\" data-widget_type=\"text-editor.default\">\n\t\t\t\t<div class=\"elementor-widget-container\">\n\t\t\t\t\t\t\t\t\t<p><strong>Por que participar?<\/strong><\/p><ul><li><strong>Custo-benef\u00edcio imbat\u00edvel:<\/strong> Tecnologia de grande porte por um pre\u00e7o acess\u00edvel.<\/li><li><strong>Facilidade:<\/strong> GoFarm \u00e9 intuitivo \u2013 n\u00e3o precisa ser expert em TI para usar.<\/li><li><strong>Sem risco:<\/strong> Experimente por 3 meses e decida depois!<\/li><\/ul>\t\t\t\t\t\t\t\t<\/div>\n\t\t\t\t<\/div>\n\t\t\t\t\t<\/div>\n\t\t<\/div>\n\t\t\t\t\t<\/div>\n\t\t<\/section>\n\t\t\t\t<div class=\"elementor-element elementor-element-9842b5b elementor-widget__width-inherit elementor-widget elementor-widget-image\" data-id=\"9842b5b\" data-element_type=\"widget\" data-widget_type=\"image.default\">\n\t\t\t\t<div class=\"elementor-widget-container\">\n\t\t\t\t\t\t\t\t\t\t\t\t\t\t\t<img loading=\"lazy\" decoding=\"async\" width=\"2560\" height=\"493\" src=\"https:\/\/tecgraf.com.br\/wp-content\/uploads\/2025\/04\/RODAPE_SITE-scaled.jpg\" class=\"attachment-full size-full wp-image-12893\" alt=\"\" srcset=\"https:\/\/tecgraf.com.br\/wp-content\/uploads\/2025\/04\/RODAPE_SITE-scaled.jpg 2560w, https:\/\/tecgraf.com.br\/wp-content\/uploads\/2025\/04\/RODAPE_SITE-300x58.jpg 300w, https:\/\/tecgraf.com.br\/wp-content\/uploads\/2025\/04\/RODAPE_SITE-1024x197.jpg 1024w, https:\/\/tecgraf.com.br\/wp-content\/uploads\/2025\/04\/RODAPE_SITE-768x148.jpg 768w, https:\/\/tecgraf.com.br\/wp-content\/uploads\/2025\/04\/RODAPE_SITE-1536x296.jpg 1536w, https:\/\/tecgraf.com.br\/wp-content\/uploads\/2025\/04\/RODAPE_SITE-2048x395.jpg 2048w, https:\/\/tecgraf.com.br\/wp-content\/uploads\/2025\/04\/RODAPE_SITE-18x3.jpg 18w\" sizes=\"(max-width: 2560px) 100vw, 2560px\" \/>\t\t\t\t\t\t\t\t\t\t\t\t\t\t\t<\/div>\n\t\t\t\t<\/div>\n\t\t\t\t\t<\/div>\n\t\t<\/div>\n\t\t\t\t\t<\/div>\n\t\t<\/section>\n\t\t\t\t<\/div>","protected":false},"excerpt":{"rendered":"<p>TECNOLOGIA DOS GRANDES PARA QUEM COME\u00c7A PEQUENO A TECGRAF AGRO e a Topcon uniram for\u00e7as para levar a tecnologia dos grandes para quem come\u00e7a pequeno! Na Agrishow 2025, lan\u00e7amos uma promo\u00e7\u00e3o exclusiva para voc\u00ea que busca efici\u00eancia, mas n\u00e3o quer &hellip; <a href=\"https:\/\/tecgraf.com.br\/es\/promocao-value-line\/\">Continuar<\/a><\/p>","protected":false},"author":2,"featured_media":0,"parent":0,"menu_order":0,"comment_status":"closed","ping_status":"closed","template":"","meta":{"kt_blocks_editor_width":"","_joinchat":[],"footnotes":""},"class_list":["post-13161","page","type-page","status-publish","hentry"],"_links":{"self":[{"href":"https:\/\/tecgraf.com.br\/es\/wp-json\/wp\/v2\/pages\/13161"}],"collection":[{"href":"https:\/\/tecgraf.com.br\/es\/wp-json\/wp\/v2\/pages"}],"about":[{"href":"https:\/\/tecgraf.com.br\/es\/wp-json\/wp\/v2\/types\/page"}],"author":[{"embeddable":true,"href":"https:\/\/tecgraf.com.br\/es\/wp-json\/wp\/v2\/users\/2"}],"replies":[{"embeddable":true,"href":"https:\/\/tecgraf.com.br\/es\/wp-json\/wp\/v2\/comments?post=13161"}],"version-history":[{"count":13,"href":"https:\/\/tecgraf.com.br\/es\/wp-json\/wp\/v2\/pages\/13161\/revisions"}],"predecessor-version":[{"id":13205,"href":"https:\/\/tecgraf.com.br\/es\/wp-json\/wp\/v2\/pages\/13161\/revisions\/13205"}],"wp:attachment":[{"href":"https:\/\/tecgraf.com.br\/es\/wp-json\/wp\/v2\/media?parent=13161"}],"curies":[{"name":"wp","href":"https:\/\/api.w.org\/{rel}","templated":true}]}}