{"id":10691,"date":"2024-05-15T16:05:02","date_gmt":"2024-05-15T19:05:02","guid":{"rendered":"http:\/\/tecgraf.com.br\/?page_id=10691"},"modified":"2024-08-26T11:26:09","modified_gmt":"2024-08-26T14:26:09","slug":"teste","status":"publish","type":"page","link":"https:\/\/tecgraf.com.br\/es\/teste\/","title":{"rendered":"Teste"},"content":{"rendered":"<div data-elementor-type=\"wp-page\" data-elementor-id=\"10691\" class=\"elementor elementor-10691\" data-elementor-post-type=\"page\">\n\t\t\t\t\t\t<section class=\"elementor-section elementor-top-section elementor-element elementor-element-c918bbe elementor-section-boxed elementor-section-height-default elementor-section-height-default\" data-id=\"c918bbe\" data-element_type=\"section\">\n\t\t\t\t\t\t<div class=\"elementor-container elementor-column-gap-default\">\n\t\t\t\t\t<div class=\"elementor-column elementor-col-100 elementor-top-column elementor-element elementor-element-05e6464\" data-id=\"05e6464\" data-element_type=\"column\">\n\t\t\t<div class=\"elementor-widget-wrap elementor-element-populated\">\n\t\t\t\t\t\t<div class=\"elementor-element elementor-element-5a6fd92 elementor-widget elementor-widget-heading\" data-id=\"5a6fd92\" data-element_type=\"widget\" data-widget_type=\"heading.default\">\n\t\t\t\t<div class=\"elementor-widget-container\">\n\t\t\t\t\t<h2 class=\"elementor-heading-title elementor-size-default\">Quienes somos<\/h2>\t\t\t\t<\/div>\n\t\t\t\t<\/div>\n\t\t\t\t\t<\/div>\n\t\t<\/div>\n\t\t\t\t\t<\/div>\n\t\t<\/section>\n\t\t\t\t<section class=\"elementor-section elementor-top-section elementor-element elementor-element-044634b elementor-section-boxed elementor-section-height-default elementor-section-height-default\" data-id=\"044634b\" data-element_type=\"section\">\n\t\t\t\t\t\t<div class=\"elementor-container elementor-column-gap-default\">\n\t\t\t\t\t<div class=\"elementor-column elementor-col-100 elementor-top-column elementor-element elementor-element-c518e13\" data-id=\"c518e13\" data-element_type=\"column\">\n\t\t\t<div class=\"elementor-widget-wrap elementor-element-populated\">\n\t\t\t\t\t\t<div class=\"elementor-element elementor-element-7a9e097 elementor-widget elementor-widget-text-editor\" data-id=\"7a9e097\" data-element_type=\"widget\" data-widget_type=\"text-editor.default\">\n\t\t\t\t<div class=\"elementor-widget-container\">\n\t\t\t\t\t\t\t\t\t<p class=\" translation-block\">TECGRAF AGRO nace en 1990 con el objetivo de brindar soluciones en tecnolog\u00edas CAD. Hacia el a\u00f1o 2010, en un intento por satisfacer las necesidades de los productores que buscaban adaptarse a las nuevas tecnolog\u00edas en el campo, como la aplicaci\u00f3n de GPS y pilotos autom\u00e1ticos, TECGRAF AGRO comenz\u00f3 a desarrollar soluciones para proyectos agr\u00edcolas avanzados.<\/p><p class=\" translation-block\">Somos pioneros en este tipo de soluciones y nuestro \u00e9xito en el mercado se debe principalmente a nuestra dedicaci\u00f3n por entender a nuestros clientes y desarrollar soluciones que realmente satisfagan sus necesidades en el campo, aumentando la productividad y rentabilidad de sus cultivos.<\/p><p class=\" translation-block\">Estamos presentes en todo Brasil y en otros 17 pa\u00edses de los cinco continentes. Nos basamos en la \u00e9tica, la seriedad, la innovaci\u00f3n y el compromiso con lo que se combina para brindar una experiencia altamente positiva a nuestros clientes en todos los \u00e1mbitos de nuestra empresa.<\/p><p class=\" translation-block\">Guiados por nuestros valores, mantenemos actualizados nuestros productos basados \u200b\u200ben nuevas tecnolog\u00edas vinculadas a las actividades agr\u00edcolas, brindamos capacitaci\u00f3n y soporte t\u00e9cnico de alto nivel, difundimos novedades y mejoramos continuamente el modelo de negocio para que todos los clientes tengan f\u00e1cil acceso a nuestros productos, con condiciones comerciales claras y accesibles.<\/p>\t\t\t\t\t\t\t\t<\/div>\n\t\t\t\t<\/div>\n\t\t\t\t\t<\/div>\n\t\t<\/div>\n\t\t\t\t\t<\/div>\n\t\t<\/section>\n\t\t\t\t<\/div>","protected":false},"excerpt":{"rendered":"<p>Quem Somos A&nbsp;TECGRAF AGRO&nbsp;nasceu em 1990 com o objetivo de fornecer solu\u00e7\u00f5es em tecnologias CAD. Por volta de 2010, em busca de atender as necessidades de produtores que procuravam se adaptar \u00e0s novas tecnologias no campo, como a aplica\u00e7\u00e3o do &hellip; <a href=\"https:\/\/tecgraf.com.br\/es\/teste\/\">Continuar<\/a><\/p>","protected":false},"author":2,"featured_media":0,"parent":0,"menu_order":0,"comment_status":"closed","ping_status":"closed","template":"","meta":{"kt_blocks_editor_width":"","_joinchat":[],"footnotes":""},"class_list":["post-10691","page","type-page","status-publish","hentry"],"_links":{"self":[{"href":"https:\/\/tecgraf.com.br\/es\/wp-json\/wp\/v2\/pages\/10691"}],"collection":[{"href":"https:\/\/tecgraf.com.br\/es\/wp-json\/wp\/v2\/pages"}],"about":[{"href":"https:\/\/tecgraf.com.br\/es\/wp-json\/wp\/v2\/types\/page"}],"author":[{"embeddable":true,"href":"https:\/\/tecgraf.com.br\/es\/wp-json\/wp\/v2\/users\/2"}],"replies":[{"embeddable":true,"href":"https:\/\/tecgraf.com.br\/es\/wp-json\/wp\/v2\/comments?post=10691"}],"version-history":[{"count":44,"href":"https:\/\/tecgraf.com.br\/es\/wp-json\/wp\/v2\/pages\/10691\/revisions"}],"predecessor-version":[{"id":11791,"href":"https:\/\/tecgraf.com.br\/es\/wp-json\/wp\/v2\/pages\/10691\/revisions\/11791"}],"wp:attachment":[{"href":"https:\/\/tecgraf.com.br\/es\/wp-json\/wp\/v2\/media?parent=10691"}],"curies":[{"name":"wp","href":"https:\/\/api.w.org\/{rel}","templated":true}]}}