{"id":10608,"date":"2024-04-25T11:01:38","date_gmt":"2024-04-25T14:01:38","guid":{"rendered":"http:\/\/tecgraf.com.br\/?page_id=10608"},"modified":"2024-04-25T11:06:26","modified_gmt":"2024-04-25T14:06:26","slug":"solicitacao-servico","status":"publish","type":"page","link":"https:\/\/tecgraf.com.br\/es\/solicitacao-servico\/","title":{"rendered":"Solicita\u00e7\u00e3o de Cota\u00e7\u00e3o de Servi\u00e7o"},"content":{"rendered":"<script type=\"text\/javascript\" src=\"https:\/\/form.jotform.com\/jsform\/210580690512652?motivo=Solicitud%20de%20Servicios&amp;origem=SUPORTE&amp;language=es\"><\/script><br \/>","protected":false},"excerpt":{"rendered":"","protected":false},"author":1,"featured_media":0,"parent":0,"menu_order":0,"comment_status":"closed","ping_status":"closed","template":"","meta":{"kt_blocks_editor_width":"","_joinchat":{"message_text":"Precisa de ajuda?","message_send":"Ol\u00e1, Preciso de ajuda"},"footnotes":""},"class_list":["post-10608","page","type-page","status-publish","hentry"],"_links":{"self":[{"href":"https:\/\/tecgraf.com.br\/es\/wp-json\/wp\/v2\/pages\/10608"}],"collection":[{"href":"https:\/\/tecgraf.com.br\/es\/wp-json\/wp\/v2\/pages"}],"about":[{"href":"https:\/\/tecgraf.com.br\/es\/wp-json\/wp\/v2\/types\/page"}],"author":[{"embeddable":true,"href":"https:\/\/tecgraf.com.br\/es\/wp-json\/wp\/v2\/users\/1"}],"replies":[{"embeddable":true,"href":"https:\/\/tecgraf.com.br\/es\/wp-json\/wp\/v2\/comments?post=10608"}],"version-history":[{"count":2,"href":"https:\/\/tecgraf.com.br\/es\/wp-json\/wp\/v2\/pages\/10608\/revisions"}],"predecessor-version":[{"id":10620,"href":"https:\/\/tecgraf.com.br\/es\/wp-json\/wp\/v2\/pages\/10608\/revisions\/10620"}],"wp:attachment":[{"href":"https:\/\/tecgraf.com.br\/es\/wp-json\/wp\/v2\/media?parent=10608"}],"curies":[{"name":"wp","href":"https:\/\/api.w.org\/{rel}","templated":true}]}}