{"id":9979,"date":"2024-01-10T15:12:01","date_gmt":"2024-01-10T18:12:01","guid":{"rendered":"http:\/\/tecgraf.com.br\/?page_id=9979"},"modified":"2024-07-30T15:10:18","modified_gmt":"2024-07-30T18:10:18","slug":"quem-somos","status":"publish","type":"page","link":"https:\/\/tecgraf.com.br\/en\/quem-somos\/","title":{"rendered":"QUEM SOMOS"},"content":{"rendered":"<div data-elementor-type=\"wp-page\" data-elementor-id=\"9979\" class=\"elementor elementor-9979\" data-elementor-post-type=\"page\">\n\t\t\t\t\t\t<section class=\"elementor-section elementor-top-section elementor-element elementor-element-9a696e7 elementor-section-full_width elementor-section-height-default elementor-section-height-default\" data-id=\"9a696e7\" data-element_type=\"section\">\n\t\t\t\t\t\t<div class=\"elementor-container elementor-column-gap-no\">\n\t\t\t\t\t<div class=\"elementor-column elementor-col-100 elementor-top-column elementor-element elementor-element-ff2c729\" data-id=\"ff2c729\" data-element_type=\"column\">\n\t\t\t<div class=\"elementor-widget-wrap elementor-element-populated\">\n\t\t\t\t\t\t<div class=\"elementor-element elementor-element-f1aa872 elementor-widget__width-inherit elementor-widget elementor-widget-image\" data-id=\"f1aa872\" data-element_type=\"widget\" data-widget_type=\"image.default\">\n\t\t\t\t<div class=\"elementor-widget-container\">\n\t\t\t\t\t\t\t\t\t\t\t\t\t\t\t<img fetchpriority=\"high\" decoding=\"async\" width=\"1600\" height=\"530\" src=\"http:\/\/tecgraf.com.br\/wp-content\/uploads\/2025\/02\/cabecalhos_site_english-01.jpg\" class=\"attachment-full size-full wp-image-9985\" alt=\"\" srcset=\"https:\/\/tecgraf.com.br\/wp-content\/uploads\/2025\/02\/cabecalhos_site_english-01.jpg 1600w, https:\/\/tecgraf.com.br\/wp-content\/uploads\/2025\/02\/cabecalhos_site_english-01-300x99.jpg 300w, https:\/\/tecgraf.com.br\/wp-content\/uploads\/2025\/02\/cabecalhos_site_english-01-1024x339.jpg 1024w, https:\/\/tecgraf.com.br\/wp-content\/uploads\/2025\/02\/cabecalhos_site_english-01-768x254.jpg 768w, https:\/\/tecgraf.com.br\/wp-content\/uploads\/2025\/02\/cabecalhos_site_english-01-1536x509.jpg 1536w, https:\/\/tecgraf.com.br\/wp-content\/uploads\/2025\/02\/cabecalhos_site_english-01-18x6.jpg 18w\" sizes=\"(max-width: 1600px) 100vw, 1600px\" \/>\t\t\t\t\t\t\t\t\t\t\t\t\t\t\t<\/div>\n\t\t\t\t<\/div>\n\t\t\t\t\t<\/div>\n\t\t<\/div>\n\t\t\t\t\t<\/div>\n\t\t<\/section>\n\t\t\t\t<section class=\"elementor-section elementor-top-section elementor-element elementor-element-51ca30c elementor-section-boxed elementor-section-height-default elementor-section-height-default\" data-id=\"51ca30c\" data-element_type=\"section\">\n\t\t\t\t\t\t<div class=\"elementor-container elementor-column-gap-default\">\n\t\t\t\t\t<div class=\"elementor-column elementor-col-100 elementor-top-column elementor-element elementor-element-e64f828\" data-id=\"e64f828\" data-element_type=\"column\">\n\t\t\t<div class=\"elementor-widget-wrap elementor-element-populated\">\n\t\t\t\t\t\t<div class=\"elementor-element elementor-element-b0333c0 elementor-widget elementor-widget-spacer\" data-id=\"b0333c0\" data-element_type=\"widget\" data-widget_type=\"spacer.default\">\n\t\t\t\t<div class=\"elementor-widget-container\">\n\t\t\t\t\t\t\t<div class=\"elementor-spacer\">\n\t\t\t<div class=\"elementor-spacer-inner\"><\/div>\n\t\t<\/div>\n\t\t\t\t\t\t<\/div>\n\t\t\t\t<\/div>\n\t\t\t\t\t<\/div>\n\t\t<\/div>\n\t\t\t\t\t<\/div>\n\t\t<\/section>\n\t\t\t\t<section class=\"elementor-section elementor-top-section elementor-element elementor-element-5b93ac4 elementor-section-boxed elementor-section-height-default elementor-section-height-default\" data-id=\"5b93ac4\" data-element_type=\"section\">\n\t\t\t\t\t\t<div class=\"elementor-container elementor-column-gap-default\">\n\t\t\t\t\t<div class=\"elementor-column elementor-col-100 elementor-top-column elementor-element elementor-element-c22024c\" data-id=\"c22024c\" data-element_type=\"column\">\n\t\t\t<div class=\"elementor-widget-wrap elementor-element-populated\">\n\t\t\t\t\t\t<div class=\"elementor-element elementor-element-436eafb elementor-widget elementor-widget-heading\" data-id=\"436eafb\" data-element_type=\"widget\" data-widget_type=\"heading.default\">\n\t\t\t\t<div class=\"elementor-widget-container\">\n\t\t\t\t\t<h2 class=\"elementor-heading-title elementor-size-default\"><span style=\"color: var( --e-global-color-primary )\">Institutional<\/span><\/h2>\t\t\t\t<\/div>\n\t\t\t\t<\/div>\n\t\t\t\t<div class=\"elementor-element elementor-element-d43fb0c elementor-widget elementor-widget-text-editor\" data-id=\"d43fb0c\" data-element_type=\"widget\" data-widget_type=\"text-editor.default\">\n\t\t\t\t<div class=\"elementor-widget-container\">\n\t\t\t\t\t\t\t\t\t<p style=\"color: #000000; font-size: 18px; letter-spacing: 0.5px;\" class=\" translation-block\">TECGRAF AGRO was created in 1990 with the goal of offering solutions in CAD technology. Around 2010, in order to attend to the needs of producers who were trying to adapt to new rural technologies, such as GPS installations and automated pilots, TECGRAF AGRO began working with solutions for advanced agricultural projects.<\/p>\n<p style=\"color: #000000; font-size: 18px; letter-spacing: 0.5px;\" class=\" translation-block\">We are the pioneers in this type of solution, and our market success is based on the efforts we put into understanding our clients and developing solutions that actually attend to your needs in the countryside, increasing productivity and profitability in your plantation.<\/p>\n<p style=\"color: #000000; font-size: 18px; letter-spacing: 0.5px;\" class=\" translation-block\">We perform all over Brazil and in 17 other countries in the five continents. We base off ethics, decency, innovation and in the commitment to what is agreed to offer a highly positive experience to our clients with all of our departments.<\/p>\n<p style=\"color: #000000; font-size: 18px; letter-spacing: 0.5px;\" class=\" translation-block\">Guided by our values, we keep our products updated according to the new agricultural technologies, provide high-level training and technical support, share news, and continuously improve our business model so that our clients have easy access to what we offer, with clear and accessible commercial conditions.<\/p>\t\t\t\t\t\t\t\t<\/div>\n\t\t\t\t<\/div>\n\t\t\t\t\t<\/div>\n\t\t<\/div>\n\t\t\t\t\t<\/div>\n\t\t<\/section>\n\t\t\t\t<section class=\"elementor-section elementor-top-section elementor-element elementor-element-51bea4d elementor-section-boxed elementor-section-height-default elementor-section-height-default\" data-id=\"51bea4d\" data-element_type=\"section\">\n\t\t\t\t\t\t<div class=\"elementor-container elementor-column-gap-default\">\n\t\t\t\t\t<div class=\"elementor-column elementor-col-100 elementor-top-column elementor-element elementor-element-a7a6765\" data-id=\"a7a6765\" data-element_type=\"column\">\n\t\t\t<div class=\"elementor-widget-wrap elementor-element-populated\">\n\t\t\t\t\t\t<div class=\"elementor-element elementor-element-1adc0fd elementor-widget elementor-widget-spacer\" data-id=\"1adc0fd\" data-element_type=\"widget\" data-widget_type=\"spacer.default\">\n\t\t\t\t<div class=\"elementor-widget-container\">\n\t\t\t\t\t\t\t<div class=\"elementor-spacer\">\n\t\t\t<div class=\"elementor-spacer-inner\"><\/div>\n\t\t<\/div>\n\t\t\t\t\t\t<\/div>\n\t\t\t\t<\/div>\n\t\t\t\t\t<\/div>\n\t\t<\/div>\n\t\t\t\t\t<\/div>\n\t\t<\/section>\n\t\t\t\t<\/div>","protected":false},"excerpt":{"rendered":"<p>Institucional A&nbsp;TECGRAF AGRO&nbsp;nasceu em 1990 com o objetivo de fornecer solu\u00e7\u00f5es em tecnologias CAD. Por volta de 2010, em busca de atender as necessidades de produtores que procuravam se adaptar \u00e0s novas tecnologias no campo, como a aplica\u00e7\u00e3o do GPS &hellip; <a href=\"https:\/\/tecgraf.com.br\/en\/quem-somos\/\">Continued<\/a><\/p>","protected":false},"author":2,"featured_media":0,"parent":0,"menu_order":0,"comment_status":"closed","ping_status":"closed","template":"elementor_header_footer","meta":{"kt_blocks_editor_width":"","_joinchat":[],"footnotes":""},"class_list":["post-9979","page","type-page","status-publish","hentry"],"_links":{"self":[{"href":"https:\/\/tecgraf.com.br\/en\/wp-json\/wp\/v2\/pages\/9979"}],"collection":[{"href":"https:\/\/tecgraf.com.br\/en\/wp-json\/wp\/v2\/pages"}],"about":[{"href":"https:\/\/tecgraf.com.br\/en\/wp-json\/wp\/v2\/types\/page"}],"author":[{"embeddable":true,"href":"https:\/\/tecgraf.com.br\/en\/wp-json\/wp\/v2\/users\/2"}],"replies":[{"embeddable":true,"href":"https:\/\/tecgraf.com.br\/en\/wp-json\/wp\/v2\/comments?post=9979"}],"version-history":[{"count":86,"href":"https:\/\/tecgraf.com.br\/en\/wp-json\/wp\/v2\/pages\/9979\/revisions"}],"predecessor-version":[{"id":11463,"href":"https:\/\/tecgraf.com.br\/en\/wp-json\/wp\/v2\/pages\/9979\/revisions\/11463"}],"wp:attachment":[{"href":"https:\/\/tecgraf.com.br\/en\/wp-json\/wp\/v2\/media?parent=9979"}],"curies":[{"name":"wp","href":"https:\/\/api.w.org\/{rel}","templated":true}]}}