{"id":9198,"date":"2023-02-02T14:25:00","date_gmt":"2023-02-02T17:25:00","guid":{"rendered":"https:\/\/tecgraf.com.br\/?page_id=9198"},"modified":"2024-06-26T15:54:28","modified_gmt":"2024-06-26T18:54:28","slug":"treinamento-em-graos-agrocad360","status":"publish","type":"page","link":"https:\/\/tecgraf.com.br\/en\/treinamento-em-graos-agrocad360\/","title":{"rendered":"Treinamento em Gr\u00e3os &#8211; AgroCAD"},"content":{"rendered":"<div data-elementor-type=\"wp-page\" data-elementor-id=\"9198\" class=\"elementor elementor-9198\" data-elementor-post-type=\"page\">\n\t\t\t\t\t\t<section class=\"elementor-section elementor-top-section elementor-element elementor-element-548de23 elementor-section-full_width elementor-section-height-default elementor-section-height-default\" data-id=\"548de23\" data-element_type=\"section\">\n\t\t\t\t\t\t<div class=\"elementor-container elementor-column-gap-default\">\n\t\t\t\t\t<div class=\"elementor-column elementor-col-100 elementor-top-column elementor-element elementor-element-1bb3c40\" data-id=\"1bb3c40\" data-element_type=\"column\">\n\t\t\t<div class=\"elementor-widget-wrap elementor-element-populated\">\n\t\t\t\t\t\t<div class=\"elementor-element elementor-element-4dcf4a0 elementor-widget elementor-widget-image\" data-id=\"4dcf4a0\" data-element_type=\"widget\" data-widget_type=\"image.default\">\n\t\t\t\t<div class=\"elementor-widget-container\">\n\t\t\t\t\t\t\t\t\t\t\t\t\t\t\t<img fetchpriority=\"high\" decoding=\"async\" width=\"2560\" height=\"848\" src=\"https:\/\/tecgraf.com.br\/wp-content\/uploads\/2024\/05\/testeiras_treinamento_1600x5305-scaled.jpg\" class=\"attachment-full size-full wp-image-10885\" alt=\"\" srcset=\"https:\/\/tecgraf.com.br\/wp-content\/uploads\/2024\/05\/testeiras_treinamento_1600x5305-scaled.jpg 2560w, https:\/\/tecgraf.com.br\/wp-content\/uploads\/2024\/05\/testeiras_treinamento_1600x5305-300x99.jpg 300w, https:\/\/tecgraf.com.br\/wp-content\/uploads\/2024\/05\/testeiras_treinamento_1600x5305-1024x339.jpg 1024w, https:\/\/tecgraf.com.br\/wp-content\/uploads\/2024\/05\/testeiras_treinamento_1600x5305-768x254.jpg 768w, https:\/\/tecgraf.com.br\/wp-content\/uploads\/2024\/05\/testeiras_treinamento_1600x5305-1536x509.jpg 1536w, https:\/\/tecgraf.com.br\/wp-content\/uploads\/2024\/05\/testeiras_treinamento_1600x5305-2048x678.jpg 2048w, https:\/\/tecgraf.com.br\/wp-content\/uploads\/2024\/05\/testeiras_treinamento_1600x5305-16x5.jpg 16w\" sizes=\"(max-width: 2560px) 100vw, 2560px\" \/>\t\t\t\t\t\t\t\t\t\t\t\t\t\t\t<\/div>\n\t\t\t\t<\/div>\n\t\t\t\t\t<\/div>\n\t\t<\/div>\n\t\t\t\t\t<\/div>\n\t\t<\/section>\n\t\t\t\t<section class=\"elementor-section elementor-top-section elementor-element elementor-element-f9f2f50 elementor-section-boxed elementor-section-height-default elementor-section-height-default\" data-id=\"f9f2f50\" data-element_type=\"section\">\n\t\t\t\t\t\t<div class=\"elementor-container elementor-column-gap-default\">\n\t\t\t\t\t<div class=\"elementor-column elementor-col-100 elementor-top-column elementor-element elementor-element-9763094\" data-id=\"9763094\" data-element_type=\"column\">\n\t\t\t<div class=\"elementor-widget-wrap elementor-element-populated\">\n\t\t\t\t\t\t<div class=\"elementor-element elementor-element-407c3e5 elementor-widget elementor-widget-spacer\" data-id=\"407c3e5\" data-element_type=\"widget\" data-widget_type=\"spacer.default\">\n\t\t\t\t<div class=\"elementor-widget-container\">\n\t\t\t\t\t\t\t<div class=\"elementor-spacer\">\n\t\t\t<div class=\"elementor-spacer-inner\"><\/div>\n\t\t<\/div>\n\t\t\t\t\t\t<\/div>\n\t\t\t\t<\/div>\n\t\t\t\t\t<\/div>\n\t\t<\/div>\n\t\t\t\t\t<\/div>\n\t\t<\/section>\n\t\t\t\t<section class=\"elementor-section elementor-top-section elementor-element elementor-element-8f01474 elementor-section-boxed elementor-section-height-default elementor-section-height-default\" data-id=\"8f01474\" data-element_type=\"section\">\n\t\t\t\t\t\t<div class=\"elementor-container elementor-column-gap-default\">\n\t\t\t\t\t<div class=\"elementor-column elementor-col-100 elementor-top-column elementor-element elementor-element-9f577c4\" data-id=\"9f577c4\" data-element_type=\"column\">\n\t\t\t<div class=\"elementor-widget-wrap elementor-element-populated\">\n\t\t\t\t\t\t<div class=\"elementor-element elementor-element-10a9c00 elementor-widget elementor-widget-heading\" data-id=\"10a9c00\" data-element_type=\"widget\" data-widget_type=\"heading.default\">\n\t\t\t\t<div class=\"elementor-widget-container\">\n\t\t\t\t\t<h3 class=\"elementor-heading-title elementor-size-default\">Treinamento em Gr\u00e3os<\/h3>\t\t\t\t<\/div>\n\t\t\t\t<\/div>\n\t\t\t\t\t<\/div>\n\t\t<\/div>\n\t\t\t\t\t<\/div>\n\t\t<\/section>\n\t\t\t\t<section class=\"elementor-section elementor-top-section elementor-element elementor-element-2001bd5 elementor-section-boxed elementor-section-height-default elementor-section-height-default\" data-id=\"2001bd5\" data-element_type=\"section\">\n\t\t\t\t\t\t<div class=\"elementor-container elementor-column-gap-default\">\n\t\t\t\t\t<div class=\"elementor-column elementor-col-100 elementor-top-column elementor-element elementor-element-d5b767c\" data-id=\"d5b767c\" data-element_type=\"column\">\n\t\t\t<div class=\"elementor-widget-wrap elementor-element-populated\">\n\t\t\t\t\t\t<div class=\"elementor-element elementor-element-dcc3d65 elementor-widget elementor-widget-text-editor\" data-id=\"dcc3d65\" data-element_type=\"widget\" data-widget_type=\"text-editor.default\">\n\t\t\t\t<div class=\"elementor-widget-container\">\n\t\t\t\t\t\t\t\t\t<p class=\" translation-block\"><b>Objetivos:<\/b> Capacitar Projetistas com conhecimento do AgroCAD\u00ae a criarem projetos avan\u00e7adas de gr\u00e3os<\/p>\n<p class=\" translation-block\"><b>Carga Hor\u00e1ria: <\/b>4 horas<\/p>\n<p class=\" translation-block\"><b>Pr\u00e9-requisitos:<\/b> Ser certificado no treinamento B\u00e1sico em AgroCAD\u00ae<\/p>\t\t\t\t\t\t\t\t<\/div>\n\t\t\t\t<\/div>\n\t\t\t\t\t<\/div>\n\t\t<\/div>\n\t\t\t\t\t<\/div>\n\t\t<\/section>\n\t\t\t\t<section class=\"elementor-section elementor-top-section elementor-element elementor-element-a3867b1 elementor-section-boxed elementor-section-height-default elementor-section-height-default\" data-id=\"a3867b1\" data-element_type=\"section\">\n\t\t\t\t\t\t<div class=\"elementor-container elementor-column-gap-default\">\n\t\t\t\t\t<div class=\"elementor-column elementor-col-100 elementor-top-column elementor-element elementor-element-7cda7c5\" data-id=\"7cda7c5\" data-element_type=\"column\">\n\t\t\t<div class=\"elementor-widget-wrap elementor-element-populated\">\n\t\t\t\t\t\t<div class=\"elementor-element elementor-element-725f335 elementor-widget elementor-widget-text-editor\" data-id=\"725f335\" data-element_type=\"widget\" data-widget_type=\"text-editor.default\">\n\t\t\t\t<div class=\"elementor-widget-container\">\n\t\t\t\t\t\t\t\t\t<h5><span style=\"color: rgb(0, 0, 0);\"><span style=\"font-weight: 700;\">T\u00f3picos Abordados:&nbsp;<\/span><\/span><\/h5>\t\t\t\t\t\t\t\t<\/div>\n\t\t\t\t<\/div>\n\t\t\t\t\t<\/div>\n\t\t<\/div>\n\t\t\t\t\t<\/div>\n\t\t<\/section>\n\t\t\t\t<section class=\"elementor-section elementor-top-section elementor-element elementor-element-3c7e403 elementor-section-boxed elementor-section-height-default elementor-section-height-default\" data-id=\"3c7e403\" data-element_type=\"section\">\n\t\t\t\t\t\t<div class=\"elementor-container elementor-column-gap-default\">\n\t\t\t\t\t<div class=\"elementor-column elementor-col-100 elementor-top-column elementor-element elementor-element-f5679e7\" data-id=\"f5679e7\" data-element_type=\"column\">\n\t\t\t<div class=\"elementor-widget-wrap elementor-element-populated\">\n\t\t\t\t\t\t<div class=\"elementor-element elementor-element-bd989ee elementor-widget elementor-widget-text-editor\" data-id=\"bd989ee\" data-element_type=\"widget\" data-widget_type=\"text-editor.default\">\n\t\t\t\t<div class=\"elementor-widget-container\">\n\t\t\t\t\t\t\t\t\t<p>\u25cf\u00a0Projetos para duas ou mais m\u00e1quinas trabalharem na mesma \u00e1rea de forma\u00a0intercalada<\/p><p>\u25cf Projetos de plantio com desligamento no rastro da pulveriza\u00e7\u00e3o<\/p><p>\u25cf C\u00e1lculo de par\u00e2metros operacionais (n\u00famero de manobras, tempo de execu\u00e7\u00e3o,\u00a0consumo de combust\u00edvel, etc)<\/p><p>\u25cf Manobras autom\u00e1ticas<\/p><p>\u25cf Classifica\u00e7\u00e3o e exporta\u00e7\u00e3o dos projetos<\/p>\t\t\t\t\t\t\t\t<\/div>\n\t\t\t\t<\/div>\n\t\t\t\t\t<\/div>\n\t\t<\/div>\n\t\t\t\t\t<\/div>\n\t\t<\/section>\n\t\t\t\t<section class=\"elementor-section elementor-top-section elementor-element elementor-element-21dabe5 elementor-section-boxed elementor-section-height-default elementor-section-height-default\" data-id=\"21dabe5\" data-element_type=\"section\">\n\t\t\t\t\t\t<div class=\"elementor-container elementor-column-gap-default\">\n\t\t\t\t\t<div class=\"elementor-column elementor-col-100 elementor-top-column elementor-element elementor-element-04311df\" data-id=\"04311df\" data-element_type=\"column\">\n\t\t\t<div class=\"elementor-widget-wrap elementor-element-populated\">\n\t\t\t\t\t\t<div class=\"elementor-element elementor-element-551d660 elementor-widget elementor-widget-spacer\" data-id=\"551d660\" data-element_type=\"widget\" data-widget_type=\"spacer.default\">\n\t\t\t\t<div class=\"elementor-widget-container\">\n\t\t\t\t\t\t\t<div class=\"elementor-spacer\">\n\t\t\t<div class=\"elementor-spacer-inner\"><\/div>\n\t\t<\/div>\n\t\t\t\t\t\t<\/div>\n\t\t\t\t<\/div>\n\t\t\t\t\t<\/div>\n\t\t<\/div>\n\t\t\t\t\t<\/div>\n\t\t<\/section>\n\t\t\t\t<section class=\"elementor-section elementor-top-section elementor-element elementor-element-19decf5 elementor-section-boxed elementor-section-height-default elementor-section-height-default\" data-id=\"19decf5\" data-element_type=\"section\">\n\t\t\t\t\t\t<div class=\"elementor-container elementor-column-gap-default\">\n\t\t\t\t\t<div class=\"elementor-column elementor-col-25 elementor-top-column elementor-element elementor-element-30a5cdd\" data-id=\"30a5cdd\" data-element_type=\"column\">\n\t\t\t<div class=\"elementor-widget-wrap\">\n\t\t\t\t\t\t\t<\/div>\n\t\t<\/div>\n\t\t\t\t<div class=\"elementor-column elementor-col-25 elementor-top-column elementor-element elementor-element-d97d29e\" data-id=\"d97d29e\" data-element_type=\"column\">\n\t\t\t<div class=\"elementor-widget-wrap elementor-element-populated\">\n\t\t\t\t\t\t<div class=\"elementor-element elementor-element-1708f7f elementor-align-center elementor-widget elementor-widget-button\" data-id=\"1708f7f\" data-element_type=\"widget\" data-widget_type=\"button.default\">\n\t\t\t\t<div class=\"elementor-widget-container\">\n\t\t\t\t\t\t\t\t\t<div class=\"elementor-button-wrapper\">\n\t\t\t\t\t<a class=\"elementor-button elementor-button-link elementor-size-lg\" href=\"https:\/\/tecgraf.com.br\/en\/info-treinamentos\/\" target=\"_blank\">\n\t\t\t\t\t\t<span class=\"elementor-button-content-wrapper\">\n\t\t\t\t\t\t\t\t\t<span class=\"elementor-button-text\">Mais informa\u00e7\u00f5es<\/span>\n\t\t\t\t\t<\/span>\n\t\t\t\t\t<\/a>\n\t\t\t\t<\/div>\n\t\t\t\t\t\t\t\t<\/div>\n\t\t\t\t<\/div>\n\t\t\t\t\t<\/div>\n\t\t<\/div>\n\t\t\t\t<div class=\"elementor-column elementor-col-25 elementor-top-column elementor-element elementor-element-0cdc15c\" data-id=\"0cdc15c\" data-element_type=\"column\">\n\t\t\t<div class=\"elementor-widget-wrap elementor-element-populated\">\n\t\t\t\t\t\t<div class=\"elementor-element elementor-element-b2c3872 elementor-align-center elementor-widget elementor-widget-button\" data-id=\"b2c3872\" data-element_type=\"widget\" data-widget_type=\"button.default\">\n\t\t\t\t<div class=\"elementor-widget-container\">\n\t\t\t\t\t\t\t\t\t<div class=\"elementor-button-wrapper\">\n\t\t\t\t\t<a class=\"elementor-button elementor-button-link elementor-size-lg\" href=\"https:\/\/www.sympla.com.br\/produtor\/tecgrafagro\" target=\"_blank\">\n\t\t\t\t\t\t<span class=\"elementor-button-content-wrapper\">\n\t\t\t\t\t\t\t\t\t<span class=\"elementor-button-text\">Matr\u00edcula online<\/span>\n\t\t\t\t\t<\/span>\n\t\t\t\t\t<\/a>\n\t\t\t\t<\/div>\n\t\t\t\t\t\t\t\t<\/div>\n\t\t\t\t<\/div>\n\t\t\t\t\t<\/div>\n\t\t<\/div>\n\t\t\t\t<div class=\"elementor-column elementor-col-25 elementor-top-column elementor-element elementor-element-bf7f90d\" data-id=\"bf7f90d\" data-element_type=\"column\">\n\t\t\t<div class=\"elementor-widget-wrap\">\n\t\t\t\t\t\t\t<\/div>\n\t\t<\/div>\n\t\t\t\t\t<\/div>\n\t\t<\/section>\n\t\t\t\t<section class=\"elementor-section elementor-top-section elementor-element elementor-element-bcbdee1 elementor-section-boxed elementor-section-height-default elementor-section-height-default\" data-id=\"bcbdee1\" data-element_type=\"section\">\n\t\t\t\t\t\t<div class=\"elementor-container elementor-column-gap-default\">\n\t\t\t\t\t<div class=\"elementor-column elementor-col-100 elementor-top-column elementor-element elementor-element-52f440b\" data-id=\"52f440b\" data-element_type=\"column\">\n\t\t\t<div class=\"elementor-widget-wrap elementor-element-populated\">\n\t\t\t\t\t\t<div class=\"elementor-element elementor-element-87d2ebf elementor-widget elementor-widget-spacer\" data-id=\"87d2ebf\" data-element_type=\"widget\" data-widget_type=\"spacer.default\">\n\t\t\t\t<div class=\"elementor-widget-container\">\n\t\t\t\t\t\t\t<div class=\"elementor-spacer\">\n\t\t\t<div class=\"elementor-spacer-inner\"><\/div>\n\t\t<\/div>\n\t\t\t\t\t\t<\/div>\n\t\t\t\t<\/div>\n\t\t\t\t\t<\/div>\n\t\t<\/div>\n\t\t\t\t\t<\/div>\n\t\t<\/section>\n\t\t\t\t<\/div>","protected":false},"excerpt":{"rendered":"<p>Treinamento em Gr\u00e3os Objetivos: Capacitar Projetistas com conhecimento do AgroCAD\u00ae a criarem projetos avan\u00e7adas de gr\u00e3os&nbsp; Carga Hor\u00e1ria: 4 horas&nbsp; Pr\u00e9-requisitos: Ser certificado no treinamento B\u00e1sico em AgroCAD\u00ae T\u00f3picos Abordados:&nbsp; \u25cf&nbsp;Projetos para duas ou mais m\u00e1quinas trabalharem na mesma \u00e1rea &hellip; <a href=\"https:\/\/tecgraf.com.br\/en\/treinamento-em-graos-agrocad360\/\">Continued<\/a><\/p>","protected":false},"author":2,"featured_media":0,"parent":0,"menu_order":0,"comment_status":"closed","ping_status":"closed","template":"elementor_header_footer","meta":{"kt_blocks_editor_width":"","_joinchat":[],"footnotes":""},"class_list":["post-9198","page","type-page","status-publish","hentry"],"_links":{"self":[{"href":"https:\/\/tecgraf.com.br\/en\/wp-json\/wp\/v2\/pages\/9198"}],"collection":[{"href":"https:\/\/tecgraf.com.br\/en\/wp-json\/wp\/v2\/pages"}],"about":[{"href":"https:\/\/tecgraf.com.br\/en\/wp-json\/wp\/v2\/types\/page"}],"author":[{"embeddable":true,"href":"https:\/\/tecgraf.com.br\/en\/wp-json\/wp\/v2\/users\/2"}],"replies":[{"embeddable":true,"href":"https:\/\/tecgraf.com.br\/en\/wp-json\/wp\/v2\/comments?post=9198"}],"version-history":[{"count":44,"href":"https:\/\/tecgraf.com.br\/en\/wp-json\/wp\/v2\/pages\/9198\/revisions"}],"predecessor-version":[{"id":11336,"href":"https:\/\/tecgraf.com.br\/en\/wp-json\/wp\/v2\/pages\/9198\/revisions\/11336"}],"wp:attachment":[{"href":"https:\/\/tecgraf.com.br\/en\/wp-json\/wp\/v2\/media?parent=9198"}],"curies":[{"name":"wp","href":"https:\/\/api.w.org\/{rel}","templated":true}]}}