{"id":9144,"date":"2023-02-02T13:06:51","date_gmt":"2023-02-02T16:06:51","guid":{"rendered":"https:\/\/tecgraf.com.br\/?page_id=9144"},"modified":"2024-06-26T15:53:32","modified_gmt":"2024-06-26T18:53:32","slug":"treinamento-basico-2023","status":"publish","type":"page","link":"https:\/\/tecgraf.com.br\/en\/treinamento-basico-2023\/","title":{"rendered":"Treinamento B\u00e1sico em AgroCAD\u00ae"},"content":{"rendered":"<div data-elementor-type=\"wp-page\" data-elementor-id=\"9144\" class=\"elementor elementor-9144\" data-elementor-post-type=\"page\">\n\t\t\t\t\t\t<section class=\"elementor-section elementor-top-section elementor-element elementor-element-671ccef elementor-section-full_width elementor-section-height-default elementor-section-height-default\" data-id=\"671ccef\" data-element_type=\"section\">\n\t\t\t\t\t\t<div class=\"elementor-container elementor-column-gap-no\">\n\t\t\t\t\t<div class=\"elementor-column elementor-col-100 elementor-top-column elementor-element elementor-element-7aaf5c4\" data-id=\"7aaf5c4\" data-element_type=\"column\">\n\t\t\t<div class=\"elementor-widget-wrap elementor-element-populated\">\n\t\t\t\t\t\t<div class=\"elementor-element elementor-element-019edbe elementor-widget elementor-widget-image\" data-id=\"019edbe\" data-element_type=\"widget\" data-widget_type=\"image.default\">\n\t\t\t\t<div class=\"elementor-widget-container\">\n\t\t\t\t\t\t\t\t\t\t\t\t\t\t\t<img fetchpriority=\"high\" decoding=\"async\" width=\"2560\" height=\"848\" src=\"https:\/\/tecgraf.com.br\/wp-content\/uploads\/2024\/04\/testeiras_treinamento_1600x530-scaled.jpg\" class=\"attachment-full size-full wp-image-10626\" alt=\"\" srcset=\"https:\/\/tecgraf.com.br\/wp-content\/uploads\/2024\/04\/testeiras_treinamento_1600x530-scaled.jpg 2560w, https:\/\/tecgraf.com.br\/wp-content\/uploads\/2024\/04\/testeiras_treinamento_1600x530-300x99.jpg 300w, https:\/\/tecgraf.com.br\/wp-content\/uploads\/2024\/04\/testeiras_treinamento_1600x530-1024x339.jpg 1024w, https:\/\/tecgraf.com.br\/wp-content\/uploads\/2024\/04\/testeiras_treinamento_1600x530-768x254.jpg 768w, https:\/\/tecgraf.com.br\/wp-content\/uploads\/2024\/04\/testeiras_treinamento_1600x530-1536x509.jpg 1536w, https:\/\/tecgraf.com.br\/wp-content\/uploads\/2024\/04\/testeiras_treinamento_1600x530-2048x678.jpg 2048w, https:\/\/tecgraf.com.br\/wp-content\/uploads\/2024\/04\/testeiras_treinamento_1600x530-16x5.jpg 16w\" sizes=\"(max-width: 2560px) 100vw, 2560px\" \/>\t\t\t\t\t\t\t\t\t\t\t\t\t\t\t<\/div>\n\t\t\t\t<\/div>\n\t\t\t\t<div class=\"elementor-element elementor-element-7748d1c elementor-widget elementor-widget-spacer\" data-id=\"7748d1c\" data-element_type=\"widget\" data-widget_type=\"spacer.default\">\n\t\t\t\t<div class=\"elementor-widget-container\">\n\t\t\t\t\t\t\t<div class=\"elementor-spacer\">\n\t\t\t<div class=\"elementor-spacer-inner\"><\/div>\n\t\t<\/div>\n\t\t\t\t\t\t<\/div>\n\t\t\t\t<\/div>\n\t\t\t\t\t<\/div>\n\t\t<\/div>\n\t\t\t\t\t<\/div>\n\t\t<\/section>\n\t\t\t\t<section class=\"elementor-section elementor-top-section elementor-element elementor-element-013ff6f elementor-section-boxed elementor-section-height-default elementor-section-height-default\" data-id=\"013ff6f\" data-element_type=\"section\">\n\t\t\t\t\t\t<div class=\"elementor-container elementor-column-gap-default\">\n\t\t\t\t\t<div class=\"elementor-column elementor-col-100 elementor-top-column elementor-element elementor-element-ff55dc6\" data-id=\"ff55dc6\" data-element_type=\"column\">\n\t\t\t<div class=\"elementor-widget-wrap elementor-element-populated\">\n\t\t\t\t\t\t<div class=\"elementor-element elementor-element-cef9a81 elementor-widget elementor-widget-heading\" data-id=\"cef9a81\" data-element_type=\"widget\" data-widget_type=\"heading.default\">\n\t\t\t\t<div class=\"elementor-widget-container\">\n\t\t\t\t\t<h2 class=\"elementor-heading-title elementor-size-default\">Treinamento B\u00e1sico em AgroCAD\u00ae 15 horas<\/h2>\t\t\t\t<\/div>\n\t\t\t\t<\/div>\n\t\t\t\t<div class=\"elementor-element elementor-element-08341ce elementor-widget elementor-widget-text-editor\" data-id=\"08341ce\" data-element_type=\"widget\" data-widget_type=\"text-editor.default\">\n\t\t\t\t<div class=\"elementor-widget-container\">\n\t\t\t\t\t\t\t\t\t<p class=\" translation-block\"><span style=\"color: #000000;\"><strong>Objetivo:<\/strong>&nbsp;Finalizar o treinamento totalmente apto a criar projetos de sistematiza\u00e7\u00e3o em Agricultura de Precis\u00e3o nas mais diversas culturas existentes no Brasil.<\/span><\/p><p class=\" translation-block\"><b>Pr\u00e9-requisitos:<\/b> No\u00e7\u00f5es b\u00e1sicas computacionais e de projetos agr\u00edcolas.<\/p><p class=\" translation-block\"><span style=\"font-weight: bold;\">Carga hor\u00e1ria<\/span>: 15 horas<\/p>\t\t\t\t\t\t\t\t<\/div>\n\t\t\t\t<\/div>\n\t\t\t\t\t<\/div>\n\t\t<\/div>\n\t\t\t\t\t<\/div>\n\t\t<\/section>\n\t\t\t\t<section class=\"elementor-section elementor-top-section elementor-element elementor-element-54fd648 elementor-section-boxed elementor-section-height-default elementor-section-height-default\" data-id=\"54fd648\" data-element_type=\"section\">\n\t\t\t\t\t\t<div class=\"elementor-container elementor-column-gap-default\">\n\t\t\t\t\t<div class=\"elementor-column elementor-col-100 elementor-top-column elementor-element elementor-element-351dc61\" data-id=\"351dc61\" data-element_type=\"column\">\n\t\t\t<div class=\"elementor-widget-wrap elementor-element-populated\">\n\t\t\t\t\t\t<div class=\"elementor-element elementor-element-95bd87e elementor-widget elementor-widget-text-editor\" data-id=\"95bd87e\" data-element_type=\"widget\" data-widget_type=\"text-editor.default\">\n\t\t\t\t<div class=\"elementor-widget-container\">\n\t\t\t\t\t\t\t\t\t<h5 class=\" translation-block\"><strong>T\u00f3picos Abordados:&nbsp;&nbsp;Estudo preliminar dos <\/strong><b>talh\u00f5es<\/b><\/h5>\t\t\t\t\t\t\t\t<\/div>\n\t\t\t\t<\/div>\n\t\t\t\t\t<\/div>\n\t\t<\/div>\n\t\t\t\t\t<\/div>\n\t\t<\/section>\n\t\t\t\t<section class=\"elementor-section elementor-top-section elementor-element elementor-element-8a033c6 elementor-section-boxed elementor-section-height-default elementor-section-height-default\" data-id=\"8a033c6\" data-element_type=\"section\">\n\t\t\t\t\t\t<div class=\"elementor-container elementor-column-gap-default\">\n\t\t\t\t\t<div class=\"elementor-column elementor-col-100 elementor-top-column elementor-element elementor-element-1ff91fa\" data-id=\"1ff91fa\" data-element_type=\"column\">\n\t\t\t<div class=\"elementor-widget-wrap elementor-element-populated\">\n\t\t\t\t\t\t<div class=\"elementor-element elementor-element-f998b8d elementor-widget elementor-widget-text-editor\" data-id=\"f998b8d\" data-element_type=\"widget\" data-widget_type=\"text-editor.default\">\n\t\t\t\t<div class=\"elementor-widget-container\">\n\t\t\t\t\t\t\t\t\t<p>\u25cf Intera\u00e7\u00e3o com Google Earth<\/p><p>\u25cf An\u00e1lise de escoamento<\/p><p>\u25cf Cria\u00e7\u00e3o de curvas em desn\u00edvel<\/p><p>\u25cf Mapa de potencial de perda de solo<\/p><p>\u25cf Divis\u00e3o de talh\u00f5es<\/p><p>\u25cf Numera\u00e7\u00e3o e codifica\u00e7\u00e3o de talh\u00f5es<\/p><p>Projeto de terra\u00e7os\/curva de n\u00edvel<\/p><p>\u25cf Sugest\u00e3o de espa\u00e7amento vertical entre os terra\u00e7os utilizando a metodologia de<\/p><p>Lombardi Neto<\/p><p>\u25cf C\u00e1lculo da vaz\u00e3o entre os terra\u00e7os<\/p><p>\u25cf C\u00e1lculo de custos para construir, reformar ou remover terra\u00e7os<\/p><p>\u25cf Definir espa\u00e7amento vertical<\/p><p>\u25cf Suaviza\u00e7\u00e3o das curvas<\/p><p>\u25cf An\u00e1lise de desvios horizontais e verticais nas curvas suavizadas<\/p><p>\u25cf Classifica\u00e7\u00e3o e exporta\u00e7\u00e3o<\/p><p>Projeto de curvas paralelas (plantio, pulveriza\u00e7\u00e3o, colheita, etc)<\/p><p>\u25cf Cria\u00e7\u00e3o de linhas de bordadura<\/p><p>\u25cf Otimizador de plantio em linhas retas<\/p><p>\u25cf Suaviza\u00e7\u00e3o de curvas<\/p><p>\u25cf Cria\u00e7\u00e3o das c\u00f3pias paralelas<\/p><p>\u25cf Meiosi (cana-de-a\u00e7\u00facar)<\/p><p>\u25cf An\u00e1lise de angula\u00e7\u00e3o nas curvas projetadas<\/p><p>\u25cf An\u00e1lise de comprimento de curvas<\/p><p>\u25cf An\u00e1lise de declividade longitudinal<\/p><p>\u25cf C\u00e1lculo de par\u00e2metros operacionais (n\u00famero de manobras, tempo de execu\u00e7\u00e3o,<\/p><p>consumo de combust\u00edvel, etc)<\/p><p>\u25cf Manobras autom\u00e1ticas<\/p><p>\u25cf Projeto de plantio com desligamento no rastro da pulveriza\u00e7\u00e3o<\/p><p>\u25cf Classifica\u00e7\u00e3o e exporta\u00e7\u00e3o<\/p><p>An\u00e1lises (ap\u00f3s execu\u00e7\u00e3o do projetado)<\/p><p>\u25cf An\u00e1lise de paralelismo<\/p><p>\u25cf Comparativo entre projetado e executado<\/p><p>\u25cf An\u00e1lise de sobreposi\u00e7\u00e3o<\/p><p>Maps<\/p><p>\u25cf Mapa de taxa recomendada<\/p><p>\u25cf Mapa de taxa aplicada<\/p><p>\u25cf Comparativo entre recomenda\u00e7\u00e3o e aplica\u00e7\u00e3o<\/p>\t\t\t\t\t\t\t\t<\/div>\n\t\t\t\t<\/div>\n\t\t\t\t\t<\/div>\n\t\t<\/div>\n\t\t\t\t\t<\/div>\n\t\t<\/section>\n\t\t\t\t<section class=\"elementor-section elementor-top-section elementor-element elementor-element-12c8b9e elementor-section-boxed elementor-section-height-default elementor-section-height-default\" data-id=\"12c8b9e\" data-element_type=\"section\">\n\t\t\t\t\t\t<div class=\"elementor-container elementor-column-gap-default\">\n\t\t\t\t\t<div class=\"elementor-column elementor-col-100 elementor-top-column elementor-element elementor-element-a59ef89\" data-id=\"a59ef89\" data-element_type=\"column\">\n\t\t\t<div class=\"elementor-widget-wrap elementor-element-populated\">\n\t\t\t\t\t\t<div class=\"elementor-element elementor-element-619bcb3 elementor-widget elementor-widget-text-editor\" data-id=\"619bcb3\" data-element_type=\"widget\" data-widget_type=\"text-editor.default\">\n\t\t\t\t<div class=\"elementor-widget-container\">\n\t\t\t\t\t\t\t\t\t<p style=\"text-align: center;\" class=\" translation-block\"><span style=\"color: #000000;\">*No per\u00edodo do treinamento s\u00e3o reservados momentos para que os projetos possam ser&nbsp;<\/span><span style=\"color: #000000; font-family: var( --e-global-typography-text-font-family ), Sans-serif; font-weight: var( --e-global-typography-text-font-weight );\">feitos em \u00e1reas da empresa\/clientes com assessoria do instrutor.<\/span><\/p>\t\t\t\t\t\t\t\t<\/div>\n\t\t\t\t<\/div>\n\t\t\t\t\t<\/div>\n\t\t<\/div>\n\t\t\t\t\t<\/div>\n\t\t<\/section>\n\t\t\t\t<section class=\"elementor-section elementor-top-section elementor-element elementor-element-a70f7f4 elementor-section-boxed elementor-section-height-default elementor-section-height-default\" data-id=\"a70f7f4\" data-element_type=\"section\">\n\t\t\t\t\t\t<div class=\"elementor-container elementor-column-gap-default\">\n\t\t\t\t\t<div class=\"elementor-column elementor-col-100 elementor-top-column elementor-element elementor-element-5ce38e3\" data-id=\"5ce38e3\" data-element_type=\"column\">\n\t\t\t<div class=\"elementor-widget-wrap elementor-element-populated\">\n\t\t\t\t\t\t<div class=\"elementor-element elementor-element-228889b elementor-widget elementor-widget-spacer\" data-id=\"228889b\" data-element_type=\"widget\" data-widget_type=\"spacer.default\">\n\t\t\t\t<div class=\"elementor-widget-container\">\n\t\t\t\t\t\t\t<div class=\"elementor-spacer\">\n\t\t\t<div class=\"elementor-spacer-inner\"><\/div>\n\t\t<\/div>\n\t\t\t\t\t\t<\/div>\n\t\t\t\t<\/div>\n\t\t\t\t\t<\/div>\n\t\t<\/div>\n\t\t\t\t\t<\/div>\n\t\t<\/section>\n\t\t\t\t<section class=\"elementor-section elementor-top-section elementor-element elementor-element-db8eefd elementor-section-boxed elementor-section-height-default elementor-section-height-default\" data-id=\"db8eefd\" data-element_type=\"section\">\n\t\t\t\t\t\t<div class=\"elementor-container elementor-column-gap-default\">\n\t\t\t\t\t<div class=\"elementor-column elementor-col-25 elementor-top-column elementor-element elementor-element-674540e\" data-id=\"674540e\" data-element_type=\"column\">\n\t\t\t<div class=\"elementor-widget-wrap\">\n\t\t\t\t\t\t\t<\/div>\n\t\t<\/div>\n\t\t\t\t<div class=\"elementor-column elementor-col-25 elementor-top-column elementor-element elementor-element-237b453\" data-id=\"237b453\" data-element_type=\"column\">\n\t\t\t<div class=\"elementor-widget-wrap elementor-element-populated\">\n\t\t\t\t\t\t<div class=\"elementor-element elementor-element-9e4c95c elementor-align-center elementor-widget elementor-widget-button\" data-id=\"9e4c95c\" data-element_type=\"widget\" data-widget_type=\"button.default\">\n\t\t\t\t<div class=\"elementor-widget-container\">\n\t\t\t\t\t\t\t\t\t<div class=\"elementor-button-wrapper\">\n\t\t\t\t\t<a class=\"elementor-button elementor-button-link elementor-size-lg\" href=\"https:\/\/tecgraf.com.br\/en\/info-treinamentos\/\" target=\"_blank\">\n\t\t\t\t\t\t<span class=\"elementor-button-content-wrapper\">\n\t\t\t\t\t\t\t\t\t<span class=\"elementor-button-text\">Mais informa\u00e7\u00f5es<\/span>\n\t\t\t\t\t<\/span>\n\t\t\t\t\t<\/a>\n\t\t\t\t<\/div>\n\t\t\t\t\t\t\t\t<\/div>\n\t\t\t\t<\/div>\n\t\t\t\t\t<\/div>\n\t\t<\/div>\n\t\t\t\t<div class=\"elementor-column elementor-col-25 elementor-top-column elementor-element elementor-element-4085260\" data-id=\"4085260\" data-element_type=\"column\">\n\t\t\t<div class=\"elementor-widget-wrap elementor-element-populated\">\n\t\t\t\t\t\t<div class=\"elementor-element elementor-element-5c8519d elementor-align-center elementor-widget elementor-widget-button\" data-id=\"5c8519d\" data-element_type=\"widget\" data-widget_type=\"button.default\">\n\t\t\t\t<div class=\"elementor-widget-container\">\n\t\t\t\t\t\t\t\t\t<div class=\"elementor-button-wrapper\">\n\t\t\t\t\t<a class=\"elementor-button elementor-button-link elementor-size-lg\" href=\"https:\/\/www.sympla.com.br\/produtor\/tecgrafagro\" target=\"_blank\">\n\t\t\t\t\t\t<span class=\"elementor-button-content-wrapper\">\n\t\t\t\t\t\t\t\t\t<span class=\"elementor-button-text\">Matr\u00edcula Online<\/span>\n\t\t\t\t\t<\/span>\n\t\t\t\t\t<\/a>\n\t\t\t\t<\/div>\n\t\t\t\t\t\t\t\t<\/div>\n\t\t\t\t<\/div>\n\t\t\t\t\t<\/div>\n\t\t<\/div>\n\t\t\t\t<div class=\"elementor-column elementor-col-25 elementor-top-column elementor-element elementor-element-971fb5e\" data-id=\"971fb5e\" data-element_type=\"column\">\n\t\t\t<div class=\"elementor-widget-wrap\">\n\t\t\t\t\t\t\t<\/div>\n\t\t<\/div>\n\t\t\t\t\t<\/div>\n\t\t<\/section>\n\t\t\t\t<section class=\"elementor-section elementor-top-section elementor-element elementor-element-466f53a elementor-section-boxed elementor-section-height-default elementor-section-height-default\" data-id=\"466f53a\" data-element_type=\"section\">\n\t\t\t\t\t\t<div class=\"elementor-container elementor-column-gap-default\">\n\t\t\t\t\t<div class=\"elementor-column elementor-col-100 elementor-top-column elementor-element elementor-element-8bcd501\" data-id=\"8bcd501\" data-element_type=\"column\">\n\t\t\t<div class=\"elementor-widget-wrap elementor-element-populated\">\n\t\t\t\t\t\t<div class=\"elementor-element elementor-element-20bdddd elementor-widget elementor-widget-spacer\" data-id=\"20bdddd\" data-element_type=\"widget\" data-widget_type=\"spacer.default\">\n\t\t\t\t<div class=\"elementor-widget-container\">\n\t\t\t\t\t\t\t<div class=\"elementor-spacer\">\n\t\t\t<div class=\"elementor-spacer-inner\"><\/div>\n\t\t<\/div>\n\t\t\t\t\t\t<\/div>\n\t\t\t\t<\/div>\n\t\t\t\t\t<\/div>\n\t\t<\/div>\n\t\t\t\t\t<\/div>\n\t\t<\/section>\n\t\t\t\t<\/div>","protected":false},"excerpt":{"rendered":"<p>Treinamento B\u00e1sico em AgroCAD\u00ae 15 horas Objetivo:\u00a0Finalizar o treinamento totalmente apto a criar projetos de sistematiza\u00e7\u00e3o em Agricultura de Precis\u00e3o nas mais diversas culturas existentes no Brasil. Pr\u00e9-requisitos: No\u00e7\u00f5es b\u00e1sicas computacionais e de projetos agr\u00edcolas. Carga hor\u00e1ria: 15 horas T\u00f3picos &hellip; <a href=\"https:\/\/tecgraf.com.br\/en\/treinamento-basico-2023\/\">Continued<\/a><\/p>","protected":false},"author":2,"featured_media":9140,"parent":0,"menu_order":0,"comment_status":"closed","ping_status":"closed","template":"elementor_header_footer","meta":{"kt_blocks_editor_width":"","_joinchat":[],"footnotes":""},"class_list":["post-9144","page","type-page","status-publish","has-post-thumbnail","hentry"],"_links":{"self":[{"href":"https:\/\/tecgraf.com.br\/en\/wp-json\/wp\/v2\/pages\/9144"}],"collection":[{"href":"https:\/\/tecgraf.com.br\/en\/wp-json\/wp\/v2\/pages"}],"about":[{"href":"https:\/\/tecgraf.com.br\/en\/wp-json\/wp\/v2\/types\/page"}],"author":[{"embeddable":true,"href":"https:\/\/tecgraf.com.br\/en\/wp-json\/wp\/v2\/users\/2"}],"replies":[{"embeddable":true,"href":"https:\/\/tecgraf.com.br\/en\/wp-json\/wp\/v2\/comments?post=9144"}],"version-history":[{"count":104,"href":"https:\/\/tecgraf.com.br\/en\/wp-json\/wp\/v2\/pages\/9144\/revisions"}],"predecessor-version":[{"id":11335,"href":"https:\/\/tecgraf.com.br\/en\/wp-json\/wp\/v2\/pages\/9144\/revisions\/11335"}],"wp:featuredmedia":[{"embeddable":true,"href":"https:\/\/tecgraf.com.br\/en\/wp-json\/wp\/v2\/media\/9140"}],"wp:attachment":[{"href":"https:\/\/tecgraf.com.br\/en\/wp-json\/wp\/v2\/media?parent=9144"}],"curies":[{"name":"wp","href":"https:\/\/api.w.org\/{rel}","templated":true}]}}