{"id":7165,"date":"2021-09-16T15:48:16","date_gmt":"2021-09-16T18:48:16","guid":{"rendered":"https:\/\/tecgraf.com.br\/?page_id=7165"},"modified":"2026-04-28T16:44:25","modified_gmt":"2026-04-28T19:44:25","slug":"eventos","status":"publish","type":"page","link":"https:\/\/tecgraf.com.br\/en\/eventos\/","title":{"rendered":"Events"},"content":{"rendered":"<div data-elementor-type=\"wp-page\" data-elementor-id=\"7165\" class=\"elementor elementor-7165\" data-elementor-post-type=\"page\">\n\t\t\t\t\t\t<section class=\"elementor-section elementor-top-section elementor-element elementor-element-42f08bb elementor-section-full_width elementor-section-height-default elementor-section-height-default\" data-id=\"42f08bb\" data-element_type=\"section\">\n\t\t\t\t\t\t<div class=\"elementor-container elementor-column-gap-no\">\n\t\t\t\t\t<div class=\"elementor-column elementor-col-100 elementor-top-column elementor-element elementor-element-1f84d54\" data-id=\"1f84d54\" data-element_type=\"column\">\n\t\t\t<div class=\"elementor-widget-wrap elementor-element-populated\">\n\t\t\t\t\t\t<div class=\"elementor-element elementor-element-4436bf2 elementor-widget__width-initial elementor-widget elementor-widget-image\" data-id=\"4436bf2\" data-element_type=\"widget\" data-widget_type=\"image.default\">\n\t\t\t\t<div class=\"elementor-widget-container\">\n\t\t\t\t\t\t\t\t\t\t\t\t\t\t\t<img fetchpriority=\"high\" decoding=\"async\" width=\"1600\" height=\"530\" src=\"http:\/\/tecgraf.com.br\/wp-content\/uploads\/2025\/02\/cabecalhos_site_english-11.jpg\" class=\"attachment-full size-full wp-image-10683\" alt=\"\" srcset=\"https:\/\/tecgraf.com.br\/wp-content\/uploads\/2025\/02\/cabecalhos_site_english-11.jpg 1600w, https:\/\/tecgraf.com.br\/wp-content\/uploads\/2025\/02\/cabecalhos_site_english-11-300x99.jpg 300w, https:\/\/tecgraf.com.br\/wp-content\/uploads\/2025\/02\/cabecalhos_site_english-11-1024x339.jpg 1024w, https:\/\/tecgraf.com.br\/wp-content\/uploads\/2025\/02\/cabecalhos_site_english-11-768x254.jpg 768w, https:\/\/tecgraf.com.br\/wp-content\/uploads\/2025\/02\/cabecalhos_site_english-11-1536x509.jpg 1536w, https:\/\/tecgraf.com.br\/wp-content\/uploads\/2025\/02\/cabecalhos_site_english-11-18x6.jpg 18w\" sizes=\"(max-width: 1600px) 100vw, 1600px\" \/>\t\t\t\t\t\t\t\t\t\t\t\t\t\t\t<\/div>\n\t\t\t\t<\/div>\n\t\t\t\t\t<\/div>\n\t\t<\/div>\n\t\t\t\t\t<\/div>\n\t\t<\/section>\n\t\t\t\t<section class=\"elementor-section elementor-top-section elementor-element elementor-element-06ef078 elementor-section-full_width elementor-section-height-default elementor-section-height-default\" data-id=\"06ef078\" data-element_type=\"section\">\n\t\t\t\t\t\t<div class=\"elementor-container elementor-column-gap-default\">\n\t\t\t\t\t<div class=\"elementor-column elementor-col-100 elementor-top-column elementor-element elementor-element-18655a4\" data-id=\"18655a4\" data-element_type=\"column\">\n\t\t\t<div class=\"elementor-widget-wrap elementor-element-populated\">\n\t\t\t\t\t\t<div class=\"elementor-element elementor-element-58a4586 elementor-widget elementor-widget-text-editor\" data-id=\"58a4586\" data-element_type=\"widget\" data-widget_type=\"text-editor.default\">\n\t\t\t\t<div class=\"elementor-widget-container\">\n\t\t\t\t\t\t\t\t\t<p style=\"text-align: center;\"><span style=\"color: #339966;\"><strong>WEBINAR AGROCAD\u00ae &#8211; MAYO 2026<\/strong><\/span><\/p>\t\t\t\t\t\t\t\t<\/div>\n\t\t\t\t<\/div>\n\t\t\t\t<div class=\"elementor-element elementor-element-b47381e elementor-widget elementor-widget-text-editor\" data-id=\"b47381e\" data-element_type=\"widget\" data-widget_type=\"text-editor.default\">\n\t\t\t\t<div class=\"elementor-widget-container\">\n\t\t\t\t\t\t\t\t\t<p>(evento en espa\u00f1ol dirigido al p\u00fablico latinoamericano)<\/p>\t\t\t\t\t\t\t\t<\/div>\n\t\t\t\t<\/div>\n\t\t\t\t<section class=\"elementor-section elementor-inner-section elementor-element elementor-element-67b02b7 elementor-section-boxed elementor-section-height-default elementor-section-height-default\" data-id=\"67b02b7\" data-element_type=\"section\">\n\t\t\t\t\t\t<div class=\"elementor-container elementor-column-gap-default\">\n\t\t\t\t\t<div class=\"elementor-column elementor-col-66 elementor-inner-column elementor-element elementor-element-240b7a1\" data-id=\"240b7a1\" data-element_type=\"column\">\n\t\t\t<div class=\"elementor-widget-wrap elementor-element-populated\">\n\t\t\t\t\t\t<div class=\"elementor-element elementor-element-567a14f elementor-widget elementor-widget-text-editor\" data-id=\"567a14f\" data-element_type=\"widget\" data-widget_type=\"text-editor.default\">\n\t\t\t\t<div class=\"elementor-widget-container\">\n\t\t\t\t\t\t\t\t\t<p><span style=\"color: #808080;\">Para quienes a\u00fan no son clientes de AgroCAD\u00ae, esta es una oportunidad \u00fanica para descubrir c\u00f3mo nuestra plataforma puede revolucionar su producci\u00f3n. \u00danase a nosotros para obtener m\u00e1s informaci\u00f3n sobre c\u00f3mo producir m\u00e1s y mejor con la ayuda de AgroCAD\u00ae.<\/span><\/p><p><span style=\"color: #339966;\"><b>Descubra algunas de las ventajas de AgroCAD\u00ae:<\/b><\/span><\/p><ul><li><p>Simule diversas posibilidades de plantaci\u00f3n y utilice la opci\u00f3n m\u00e1s econ\u00f3mica<\/p><\/li><li><p>Ahorre en suministros, planifique las aplicaciones con un sistema piloto y evite el desperdicio.<\/p><\/li><li><p>Env\u00edo y recepci\u00f3n de datos de los principales sistemas de piloto autom\u00e1tico del mercado.<\/p><\/li><li><p>Simule la escorrent\u00eda y estime la p\u00e9rdida de suelo.<\/p><\/li><\/ul><p>\u00bfQuieres saber c\u00f3mo aumentar la producci\u00f3n y producir en menos tiempo?<\/p><p><span style=\"color: #339966;\"><strong>\u00danase a nuestro pr\u00f3ximo seminario web gratuito sobre AgroCAD\u00ae.<\/strong><\/span><\/p><p><b>Fecha:<\/b> 14 de mayo<br \/><b>Hora:<\/b> 16h (hora de Brasil)<br \/><b>Medio:<\/b>\u00a0Google Meet<\/p>\t\t\t\t\t\t\t\t<\/div>\n\t\t\t\t<\/div>\n\t\t\t\t\t<\/div>\n\t\t<\/div>\n\t\t\t\t<div class=\"elementor-column elementor-col-33 elementor-inner-column elementor-element elementor-element-3906263\" data-id=\"3906263\" data-element_type=\"column\">\n\t\t\t<div class=\"elementor-widget-wrap elementor-element-populated\">\n\t\t\t\t\t\t<div class=\"elementor-element elementor-element-560d5ab elementor-widget elementor-widget-image\" data-id=\"560d5ab\" data-element_type=\"widget\" data-widget_type=\"image.default\">\n\t\t\t\t<div class=\"elementor-widget-container\">\n\t\t\t\t\t\t\t\t\t\t\t\t\t\t\t<img decoding=\"async\" width=\"1024\" height=\"1024\" src=\"https:\/\/tecgraf.com.br\/wp-content\/uploads\/2026\/04\/05_webinar_maio_1080x1080-1024x1024.jpg\" class=\"attachment-large size-large wp-image-13836\" alt=\"\" srcset=\"https:\/\/tecgraf.com.br\/wp-content\/uploads\/2026\/04\/05_webinar_maio_1080x1080-1024x1024.jpg 1024w, https:\/\/tecgraf.com.br\/wp-content\/uploads\/2026\/04\/05_webinar_maio_1080x1080-300x300.jpg 300w, https:\/\/tecgraf.com.br\/wp-content\/uploads\/2026\/04\/05_webinar_maio_1080x1080-150x150.jpg 150w, https:\/\/tecgraf.com.br\/wp-content\/uploads\/2026\/04\/05_webinar_maio_1080x1080-768x768.jpg 768w, https:\/\/tecgraf.com.br\/wp-content\/uploads\/2026\/04\/05_webinar_maio_1080x1080-12x12.jpg 12w, https:\/\/tecgraf.com.br\/wp-content\/uploads\/2026\/04\/05_webinar_maio_1080x1080.jpg 1080w\" sizes=\"(max-width: 1024px) 100vw, 1024px\" \/>\t\t\t\t\t\t\t\t\t\t\t\t\t\t\t<\/div>\n\t\t\t\t<\/div>\n\t\t\t\t\t<\/div>\n\t\t<\/div>\n\t\t\t\t\t<\/div>\n\t\t<\/section>\n\t\t\t\t\t<\/div>\n\t\t<\/div>\n\t\t\t\t\t<\/div>\n\t\t<\/section>\n\t\t\t\t<section class=\"elementor-section elementor-top-section elementor-element elementor-element-971b895 elementor-section-full_width elementor-section-height-default elementor-section-height-default\" data-id=\"971b895\" data-element_type=\"section\">\n\t\t\t\t\t\t<div class=\"elementor-container elementor-column-gap-default\">\n\t\t\t\t\t<div class=\"elementor-column elementor-col-100 elementor-top-column elementor-element elementor-element-55505de\" data-id=\"55505de\" data-element_type=\"column\">\n\t\t\t<div class=\"elementor-widget-wrap elementor-element-populated\">\n\t\t\t\t\t\t<div class=\"elementor-element elementor-element-3d00dc0 elementor-align-center elementor-widget elementor-widget-button\" data-id=\"3d00dc0\" data-element_type=\"widget\" data-widget_type=\"button.default\">\n\t\t\t\t<div class=\"elementor-widget-container\">\n\t\t\t\t\t\t\t\t\t<div class=\"elementor-button-wrapper\">\n\t\t\t\t\t<a class=\"elementor-button elementor-button-link elementor-size-sm\" href=\"https:\/\/forms.office.com\/r\/SQGPhEYAXX\" target=\"_blank\">\n\t\t\t\t\t\t<span class=\"elementor-button-content-wrapper\">\n\t\t\t\t\t\t<span class=\"elementor-button-icon\">\n\t\t\t\t<i aria-hidden=\"true\" class=\"far fa-arrow-alt-circle-right\"><\/i>\t\t\t<\/span>\n\t\t\t\t\t\t\t\t\t<span class=\"elementor-button-text\"> REG\u00cdSTRESE AQU\u00cd PARA EL WEBINAR DE AGROCAD<\/span>\n\t\t\t\t\t<\/span>\n\t\t\t\t\t<\/a>\n\t\t\t\t<\/div>\n\t\t\t\t\t\t\t\t<\/div>\n\t\t\t\t<\/div>\n\t\t\t\t<div class=\"elementor-element elementor-element-8027558 elementor-widget-divider--view-line elementor-widget elementor-widget-divider\" data-id=\"8027558\" data-element_type=\"widget\" data-widget_type=\"divider.default\">\n\t\t\t\t<div class=\"elementor-widget-container\">\n\t\t\t\t\t\t\t<div class=\"elementor-divider\">\n\t\t\t<span class=\"elementor-divider-separator\">\n\t\t\t\t\t\t<\/span>\n\t\t<\/div>\n\t\t\t\t\t\t<\/div>\n\t\t\t\t<\/div>\n\t\t\t\t\t<\/div>\n\t\t<\/div>\n\t\t\t\t\t<\/div>\n\t\t<\/section>\n\t\t\t\t<section class=\"elementor-section elementor-top-section elementor-element elementor-element-5635c0d elementor-section-full_width elementor-section-height-default elementor-section-height-default\" data-id=\"5635c0d\" data-element_type=\"section\">\n\t\t\t\t\t\t<div class=\"elementor-container elementor-column-gap-default\">\n\t\t\t\t\t<div class=\"elementor-column elementor-col-100 elementor-top-column elementor-element elementor-element-2747476\" data-id=\"2747476\" data-element_type=\"column\">\n\t\t\t<div class=\"elementor-widget-wrap elementor-element-populated\">\n\t\t\t\t\t\t<div class=\"elementor-element elementor-element-ea553a2 elementor-widget elementor-widget-text-editor\" data-id=\"ea553a2\" data-element_type=\"widget\" data-widget_type=\"text-editor.default\">\n\t\t\t\t<div class=\"elementor-widget-container\">\n\t\t\t\t\t\t\t\t\t<p style=\"text-align: center;\"><span style=\"color: #339966;\"><strong>WEBINAR AGROCAD\u00ae &#8211; MAI<\/strong><\/span><span style=\"color: #339966;\"><strong>O 2026<\/strong><\/span><\/p>\t\t\t\t\t\t\t\t<\/div>\n\t\t\t\t<\/div>\n\t\t\t\t<div class=\"elementor-element elementor-element-240b4cb elementor-widget elementor-widget-text-editor\" data-id=\"240b4cb\" data-element_type=\"widget\" data-widget_type=\"text-editor.default\">\n\t\t\t\t<div class=\"elementor-widget-container\">\n\t\t\t\t\t\t\t\t\t<p>(evento em portugu\u00eas para o p\u00fablico brasileiro)<\/p>\t\t\t\t\t\t\t\t<\/div>\n\t\t\t\t<\/div>\n\t\t\t\t<section class=\"elementor-section elementor-inner-section elementor-element elementor-element-eb88051 elementor-section-boxed elementor-section-height-default elementor-section-height-default\" data-id=\"eb88051\" data-element_type=\"section\">\n\t\t\t\t\t\t<div class=\"elementor-container elementor-column-gap-default\">\n\t\t\t\t\t<div class=\"elementor-column elementor-col-66 elementor-inner-column elementor-element elementor-element-14a94c5\" data-id=\"14a94c5\" data-element_type=\"column\">\n\t\t\t<div class=\"elementor-widget-wrap elementor-element-populated\">\n\t\t\t\t\t\t<div class=\"elementor-element elementor-element-12b4be3 elementor-widget elementor-widget-text-editor\" data-id=\"12b4be3\" data-element_type=\"widget\" data-widget_type=\"text-editor.default\">\n\t\t\t\t<div class=\"elementor-widget-container\">\n\t\t\t\t\t\t\t\t\t<p><span style=\"color: #808080;\">Para voc\u00ea que ainda n\u00e3o \u00e9 um cliente AgroCAD\u00ae, esta \u00e9 uma oportunidade \u00fanica de conhecer como nossa plataforma pode revolucionar sua produ\u00e7\u00e3o. Junte-se a n\u00f3s para aprender mais sobre como voc\u00ea pode produzir mais e melhor com a ajuda do AgroCAD\u00ae.<\/span><\/p><p><span style=\"color: #339966;\"><b>Conhe\u00e7a alguns benef\u00edcios do AgroCAD<\/b><b>\u00ae<\/b><b>:<\/b><\/span><\/p><ul><li><span style=\"color: #808080;\">Simule v\u00e1rias possibilidades de plantio e use a op\u00e7\u00e3o mais rent\u00e1vel;<\/span><\/li><li><span style=\"color: #808080;\">Economize insumos, projete a aplica\u00e7\u00e3o com piloto e evite desperd\u00edcios;<\/span><\/li><li><span style=\"color: #808080;\">Envie e receba dados de todos os principais pilotos autom\u00e1ticos do mercado;<\/span><\/li><li><span style=\"color: #808080;\">Simule enxurradas e fa\u00e7a estimativas de perdas de solo.<\/span><\/li><\/ul><p>Quer saber como aumentar a produ\u00e7\u00e3o e produzir em menor espa\u00e7o de tempo?<\/p><p><a href=\"https:\/\/www.sympla.com.br\/evento-online\/webinar-agrocad-r-novembro\/3184091\" target=\"_blank\" rel=\"noopener\"><span style=\"color: #339966;\"><strong>Participe do nosso pr\u00f3ximo Webinar AgroCAD\u00ae de forma online e gratuita.<\/strong><\/span><\/a><\/p><p><b>Date:<\/b> 21 de maio<br \/><b>Hora:<\/b> 10h<br \/><b>Local<\/b> Microsoft Teams<\/p>\t\t\t\t\t\t\t\t<\/div>\n\t\t\t\t<\/div>\n\t\t\t\t\t<\/div>\n\t\t<\/div>\n\t\t\t\t<div class=\"elementor-column elementor-col-33 elementor-inner-column elementor-element elementor-element-b1929ce\" data-id=\"b1929ce\" data-element_type=\"column\">\n\t\t\t<div class=\"elementor-widget-wrap elementor-element-populated\">\n\t\t\t\t\t\t<div class=\"elementor-element elementor-element-2235728 elementor-widget elementor-widget-image\" data-id=\"2235728\" data-element_type=\"widget\" data-widget_type=\"image.default\">\n\t\t\t\t<div class=\"elementor-widget-container\">\n\t\t\t\t\t\t\t\t\t\t\t\t\t\t\t<img decoding=\"async\" width=\"1024\" height=\"1024\" src=\"https:\/\/tecgraf.com.br\/wp-content\/uploads\/2026\/04\/03_Webinar_maio_whatsapp-1024x1024.jpg\" class=\"attachment-large size-large wp-image-13828\" alt=\"\" srcset=\"https:\/\/tecgraf.com.br\/wp-content\/uploads\/2026\/04\/03_Webinar_maio_whatsapp-1024x1024.jpg 1024w, https:\/\/tecgraf.com.br\/wp-content\/uploads\/2026\/04\/03_Webinar_maio_whatsapp-300x300.jpg 300w, https:\/\/tecgraf.com.br\/wp-content\/uploads\/2026\/04\/03_Webinar_maio_whatsapp-150x150.jpg 150w, https:\/\/tecgraf.com.br\/wp-content\/uploads\/2026\/04\/03_Webinar_maio_whatsapp-768x768.jpg 768w, https:\/\/tecgraf.com.br\/wp-content\/uploads\/2026\/04\/03_Webinar_maio_whatsapp-12x12.jpg 12w, https:\/\/tecgraf.com.br\/wp-content\/uploads\/2026\/04\/03_Webinar_maio_whatsapp.jpg 1080w\" sizes=\"(max-width: 1024px) 100vw, 1024px\" \/>\t\t\t\t\t\t\t\t\t\t\t\t\t\t\t<\/div>\n\t\t\t\t<\/div>\n\t\t\t\t\t<\/div>\n\t\t<\/div>\n\t\t\t\t\t<\/div>\n\t\t<\/section>\n\t\t\t\t<div class=\"elementor-element elementor-element-3b58736 elementor-align-center elementor-widget elementor-widget-button\" data-id=\"3b58736\" data-element_type=\"widget\" data-widget_type=\"button.default\">\n\t\t\t\t<div class=\"elementor-widget-container\">\n\t\t\t\t\t\t\t\t\t<div class=\"elementor-button-wrapper\">\n\t\t\t\t\t<a class=\"elementor-button elementor-size-sm\" role=\"button\">\n\t\t\t\t\t\t<span class=\"elementor-button-content-wrapper\">\n\t\t\t\t\t\t<span class=\"elementor-button-icon\">\n\t\t\t\t<i aria-hidden=\"true\" class=\"far fa-arrow-alt-circle-right\"><\/i>\t\t\t<\/span>\n\t\t\t\t\t\t\t\t\t<span class=\"elementor-button-text\">EM BREVE LINK DE INSCRI\u00c7\u00c3O PARA O WEBINAR AGROCAD<\/span>\n\t\t\t\t\t<\/span>\n\t\t\t\t\t<\/a>\n\t\t\t\t<\/div>\n\t\t\t\t\t\t\t\t<\/div>\n\t\t\t\t<\/div>\n\t\t\t\t\t<\/div>\n\t\t<\/div>\n\t\t\t\t\t<\/div>\n\t\t<\/section>\n\t\t\t\t<\/div>","protected":false},"excerpt":{"rendered":"<p>WEBINAR AGROCAD\u00ae &#8211; MAYO 2026 (evento en espa\u00f1ol dirigido al p\u00fablico latinoamericano) Para quienes a\u00fan no son clientes de AgroCAD\u00ae, esta es una oportunidad \u00fanica para descubrir c\u00f3mo nuestra plataforma puede revolucionar su producci\u00f3n. \u00danase a nosotros para obtener m\u00e1s &hellip; <a href=\"https:\/\/tecgraf.com.br\/en\/eventos\/\">Continued<\/a><\/p>","protected":false},"author":2,"featured_media":0,"parent":0,"menu_order":0,"comment_status":"closed","ping_status":"closed","template":"elementor_header_footer","meta":{"kt_blocks_editor_width":"","_joinchat":{"telephone":"+5519994431497","message_text":"Quer saber mais sobre nossos eventos e treinamentos?","message_send":"Quero saber mais sobre os eventos e treinamentos!"},"footnotes":""},"class_list":["post-7165","page","type-page","status-publish","hentry"],"_links":{"self":[{"href":"https:\/\/tecgraf.com.br\/en\/wp-json\/wp\/v2\/pages\/7165"}],"collection":[{"href":"https:\/\/tecgraf.com.br\/en\/wp-json\/wp\/v2\/pages"}],"about":[{"href":"https:\/\/tecgraf.com.br\/en\/wp-json\/wp\/v2\/types\/page"}],"author":[{"embeddable":true,"href":"https:\/\/tecgraf.com.br\/en\/wp-json\/wp\/v2\/users\/2"}],"replies":[{"embeddable":true,"href":"https:\/\/tecgraf.com.br\/en\/wp-json\/wp\/v2\/comments?post=7165"}],"version-history":[{"count":1327,"href":"https:\/\/tecgraf.com.br\/en\/wp-json\/wp\/v2\/pages\/7165\/revisions"}],"predecessor-version":[{"id":13839,"href":"https:\/\/tecgraf.com.br\/en\/wp-json\/wp\/v2\/pages\/7165\/revisions\/13839"}],"wp:attachment":[{"href":"https:\/\/tecgraf.com.br\/en\/wp-json\/wp\/v2\/media?parent=7165"}],"curies":[{"name":"wp","href":"https:\/\/api.w.org\/{rel}","templated":true}]}}