{"id":10783,"date":"2024-05-08T15:26:29","date_gmt":"2024-05-08T18:26:29","guid":{"rendered":"http:\/\/tecgraf.com.br\/?page_id=10783"},"modified":"2024-05-08T15:45:37","modified_gmt":"2024-05-08T18:45:37","slug":"banco-de-especialistas","status":"publish","type":"page","link":"https:\/\/tecgraf.com.br\/en\/banco-de-especialistas\/","title":{"rendered":"Specialists Database"},"content":{"rendered":"<div data-elementor-type=\"wp-page\" data-elementor-id=\"10783\" class=\"elementor elementor-10783\" data-elementor-post-type=\"page\">\n\t\t\t\t\t\t<section class=\"elementor-section elementor-top-section elementor-element elementor-element-ad4c404 elementor-section-full_width elementor-section-height-default elementor-section-height-default\" data-id=\"ad4c404\" data-element_type=\"section\">\n\t\t\t\t\t\t<div class=\"elementor-container elementor-column-gap-no\">\n\t\t\t\t\t<div class=\"elementor-column elementor-col-100 elementor-top-column elementor-element elementor-element-e4166fa\" data-id=\"e4166fa\" data-element_type=\"column\">\n\t\t\t<div class=\"elementor-widget-wrap elementor-element-populated\">\n\t\t\t\t\t\t<div class=\"elementor-element elementor-element-ddd86d2 elementor-widget elementor-widget-image\" data-id=\"ddd86d2\" data-element_type=\"widget\" data-widget_type=\"image.default\">\n\t\t\t\t<div class=\"elementor-widget-container\">\n\t\t\t\t\t\t\t\t\t\t\t\t\t\t\t<img fetchpriority=\"high\" decoding=\"async\" width=\"1600\" height=\"530\" src=\"http:\/\/tecgraf.com.br\/wp-content\/uploads\/2025\/02\/cabecalhos_site_english-12.jpg\" class=\"attachment-full size-full wp-image-10383\" alt=\"\" srcset=\"https:\/\/tecgraf.com.br\/wp-content\/uploads\/2025\/02\/cabecalhos_site_english-12.jpg 1600w, https:\/\/tecgraf.com.br\/wp-content\/uploads\/2025\/02\/cabecalhos_site_english-12-300x99.jpg 300w, https:\/\/tecgraf.com.br\/wp-content\/uploads\/2025\/02\/cabecalhos_site_english-12-1024x339.jpg 1024w, https:\/\/tecgraf.com.br\/wp-content\/uploads\/2025\/02\/cabecalhos_site_english-12-768x254.jpg 768w, https:\/\/tecgraf.com.br\/wp-content\/uploads\/2025\/02\/cabecalhos_site_english-12-1536x509.jpg 1536w, https:\/\/tecgraf.com.br\/wp-content\/uploads\/2025\/02\/cabecalhos_site_english-12-18x6.jpg 18w\" sizes=\"(max-width: 1600px) 100vw, 1600px\" \/>\t\t\t\t\t\t\t\t\t\t\t\t\t\t\t<\/div>\n\t\t\t\t<\/div>\n\t\t\t\t<div class=\"elementor-element elementor-element-c47feed elementor-widget elementor-widget-spacer\" data-id=\"c47feed\" data-element_type=\"widget\" data-widget_type=\"spacer.default\">\n\t\t\t\t<div class=\"elementor-widget-container\">\n\t\t\t\t\t\t\t<div class=\"elementor-spacer\">\n\t\t\t<div class=\"elementor-spacer-inner\"><\/div>\n\t\t<\/div>\n\t\t\t\t\t\t<\/div>\n\t\t\t\t<\/div>\n\t\t\t\t\t<\/div>\n\t\t<\/div>\n\t\t\t\t\t<\/div>\n\t\t<\/section>\n\t\t\t\t<section class=\"elementor-section elementor-top-section elementor-element elementor-element-4708995 elementor-section-boxed elementor-section-height-default elementor-section-height-default\" data-id=\"4708995\" data-element_type=\"section\">\n\t\t\t\t\t\t<div class=\"elementor-container elementor-column-gap-default\">\n\t\t\t\t\t<div class=\"elementor-column elementor-col-100 elementor-top-column elementor-element elementor-element-a59aeba\" data-id=\"a59aeba\" data-element_type=\"column\">\n\t\t\t<div class=\"elementor-widget-wrap elementor-element-populated\">\n\t\t\t\t\t\t<div class=\"elementor-element elementor-element-604a5b0 elementor-widget elementor-widget-heading\" data-id=\"604a5b0\" data-element_type=\"widget\" data-widget_type=\"heading.default\">\n\t\t\t\t<div class=\"elementor-widget-container\">\n\t\t\t\t\t<h2 class=\"elementor-heading-title elementor-size-default\">Specialists Database<\/h2>\t\t\t\t<\/div>\n\t\t\t\t<\/div>\n\t\t\t\t\t<\/div>\n\t\t<\/div>\n\t\t\t\t\t<\/div>\n\t\t<\/section>\n\t\t\t\t<section class=\"elementor-section elementor-top-section elementor-element elementor-element-0d99929 elementor-section-boxed elementor-section-height-default elementor-section-height-default\" data-id=\"0d99929\" data-element_type=\"section\">\n\t\t\t\t\t\t<div class=\"elementor-container elementor-column-gap-default\">\n\t\t\t\t\t<div class=\"elementor-column elementor-col-100 elementor-top-column elementor-element elementor-element-56c10dc\" data-id=\"56c10dc\" data-element_type=\"column\">\n\t\t\t<div class=\"elementor-widget-wrap elementor-element-populated\">\n\t\t\t\t\t\t<div class=\"elementor-element elementor-element-9faafe3 elementor-widget elementor-widget-text-editor\" data-id=\"9faafe3\" data-element_type=\"widget\" data-widget_type=\"text-editor.default\">\n\t\t\t\t<div class=\"elementor-widget-container\">\n\t\t\t\t\t\t\t\t\t<p>Our specialists talk about:<\/p><p>Technology, Precision Agriculture, Planning, Agribusiness, Software, Agriculture Innovation, Automated Pilot, Autonomous Farm Vehicles.<\/p>\t\t\t\t\t\t\t\t<\/div>\n\t\t\t\t<\/div>\n\t\t\t\t<div class=\"elementor-element elementor-element-d6c4711 elementor-position-left elementor-vertical-align-top elementor-widget elementor-widget-image-box\" data-id=\"d6c4711\" data-element_type=\"widget\" data-widget_type=\"image-box.default\">\n\t\t\t\t<div class=\"elementor-widget-container\">\n\t\t\t\t\t<div class=\"elementor-image-box-wrapper\"><figure class=\"elementor-image-box-img\"><img decoding=\"async\" width=\"150\" height=\"150\" src=\"https:\/\/tecgraf.com.br\/wp-content\/uploads\/2024\/05\/foto.jpeg-150x150.jpg\" class=\"attachment-thumbnail size-thumbnail wp-image-10801\" alt=\"\" srcset=\"https:\/\/tecgraf.com.br\/wp-content\/uploads\/2024\/05\/foto.jpeg-150x150.jpg 150w, https:\/\/tecgraf.com.br\/wp-content\/uploads\/2024\/05\/foto.jpeg-300x300.jpg 300w, https:\/\/tecgraf.com.br\/wp-content\/uploads\/2024\/05\/foto.jpeg-12x12.jpg 12w, https:\/\/tecgraf.com.br\/wp-content\/uploads\/2024\/05\/foto.jpeg.jpg 575w\" sizes=\"(max-width: 150px) 100vw, 150px\" \/><\/figure><div class=\"elementor-image-box-content\"><h3 class=\"elementor-image-box-title\">Gustavo Bosch Petini<\/h3><p class=\"elementor-image-box-description\">Desenvolvedor na Tecgraf Agro, onde trabalha h\u00e1 23 anos, est\u00e1 na equipe que desenvolve o AgroCAD 360, software de agricultura digital focado na gera\u00e7\u00e3o de trajet\u00f3rias para ve\u00edculos agr\u00edcolas equipados com Pilotos Autom\u00e1ticos dos mais diferentes fabricantes.\n\nRespons\u00e1vel pelo desenvolvimento e manuten\u00e7\u00e3o das interfaces de comunica\u00e7\u00e3o com os Pilotos Autom\u00e1ticos, tamb\u00e9m j\u00e1 desenvolveu outras diversas aplica\u00e7\u00f5es em AutoCAD voltadas para as \u00e1reas de Eng. Civil e Arquitetura, Eng. Mec\u00e2nica, entre outras.\n\nAl\u00e9m de desenvolvedor, Gustavo Bosch Petini tamb\u00e9m \u00e9 s\u00f3cio propriet\u00e1rio da Tecgraf Agro.<\/p><\/div><\/div>\t\t\t\t<\/div>\n\t\t\t\t<\/div>\n\t\t\t\t\t<\/div>\n\t\t<\/div>\n\t\t\t\t\t<\/div>\n\t\t<\/section>\n\t\t\t\t<section class=\"elementor-section elementor-top-section elementor-element elementor-element-628e07c elementor-section-boxed elementor-section-height-default elementor-section-height-default\" data-id=\"628e07c\" data-element_type=\"section\">\n\t\t\t\t\t\t<div class=\"elementor-container elementor-column-gap-default\">\n\t\t\t\t\t<div class=\"elementor-column elementor-col-100 elementor-top-column elementor-element elementor-element-8e649a5\" data-id=\"8e649a5\" data-element_type=\"column\">\n\t\t\t<div class=\"elementor-widget-wrap elementor-element-populated\">\n\t\t\t\t\t\t<div class=\"elementor-element elementor-element-b97b3ca elementor-position-left elementor-vertical-align-top elementor-widget elementor-widget-image-box\" data-id=\"b97b3ca\" data-element_type=\"widget\" data-widget_type=\"image-box.default\">\n\t\t\t\t<div class=\"elementor-widget-container\">\n\t\t\t\t\t<div class=\"elementor-image-box-wrapper\"><figure class=\"elementor-image-box-img\"><img decoding=\"async\" width=\"150\" height=\"150\" src=\"https:\/\/tecgraf.com.br\/wp-content\/uploads\/2023\/07\/joao_camelini-e1689820256566-150x150.png\" class=\"attachment-thumbnail size-thumbnail wp-image-9644\" alt=\"\" srcset=\"https:\/\/tecgraf.com.br\/wp-content\/uploads\/2023\/07\/joao_camelini-e1689820256566-150x150.png 150w, https:\/\/tecgraf.com.br\/wp-content\/uploads\/2023\/07\/joao_camelini-e1689820256566-12x12.png 12w\" sizes=\"(max-width: 150px) 100vw, 150px\" \/><\/figure><div class=\"elementor-image-box-content\"><h3 class=\"elementor-image-box-title\">Jo\u00e3o Camelini<\/h3><p class=\"elementor-image-box-description\">Formado em Geografia, Mestre em An\u00e1lise Ambiental e Din\u00e2mica Territorial pela Universidade Estadual de Campinas (UNICAMP), Jo\u00e3o Camelini tamb\u00e9m \u00e9 T\u00e9cnico em Programa\u00e7\u00e3o, especializado em aplica\u00e7\u00f5es gr\u00e1ficas.\n\nNa Tecgraf Agro, onde trabalha h\u00e1 23 anos, \u00e9 Coordenador T\u00e9cnico da equipe que desenvolve o AgroCAD\u00ae, software de agricultura digital focado na gera\u00e7\u00e3o de trajet\u00f3rias para ve\u00edculos agr\u00edcolas equipados com Pilotos Autom\u00e1ticos dos mais diferentes fabricantes.\n\nAl\u00e9m de coordenar a equipe que continuamente aprimora o AgroCAD\u00ae com base nas demandas dos clientes, Jo\u00e3o Camelini tamb\u00e9m faz o trabalho de pr\u00e9-vendas, atrav\u00e9s de apresenta\u00e7\u00f5es peri\u00f3dicas do produto aos mais diferentes p\u00fablicos.<\/p><\/div><\/div>\t\t\t\t<\/div>\n\t\t\t\t<\/div>\n\t\t\t\t\t<\/div>\n\t\t<\/div>\n\t\t\t\t\t<\/div>\n\t\t<\/section>\n\t\t\t\t<section class=\"elementor-section elementor-top-section elementor-element elementor-element-f3ec8ee elementor-section-boxed elementor-section-height-default elementor-section-height-default\" data-id=\"f3ec8ee\" data-element_type=\"section\">\n\t\t\t\t\t\t<div class=\"elementor-container elementor-column-gap-default\">\n\t\t\t\t\t<div class=\"elementor-column elementor-col-100 elementor-top-column elementor-element elementor-element-26ad27a\" data-id=\"26ad27a\" data-element_type=\"column\">\n\t\t\t<div class=\"elementor-widget-wrap elementor-element-populated\">\n\t\t\t\t\t\t<div class=\"elementor-element elementor-element-81a4a6a elementor-widget elementor-widget-text-editor\" data-id=\"81a4a6a\" data-element_type=\"widget\" data-widget_type=\"text-editor.default\">\n\t\t\t\t<div class=\"elementor-widget-container\">\n\t\t\t\t\t\t\t\t\t<p><strong>Contato para solicitar entrevistas:<\/strong><\/p><p>Journalist: Anna Bonin<br \/>E-mail Address: anna@tecgraf.com.br<\/p><p>Working Hours: from 08AM to 05PM (BRT),<br \/>from Mondays to Fridays<\/p>\t\t\t\t\t\t\t\t<\/div>\n\t\t\t\t<\/div>\n\t\t\t\t\t<\/div>\n\t\t<\/div>\n\t\t\t\t\t<\/div>\n\t\t<\/section>\n\t\t\t\t<\/div>","protected":false},"excerpt":{"rendered":"<p>Banco de Especialistas Nossos especialistas falam sobre: Tecnologia, Agricultura de Precis\u00e3o, Planejamento, Agroneg\u00f3cio, Software, Inova\u00e7\u00e3o no Agro, Piloto Autom\u00e1tico, Ve\u00edculos Agr\u00edcolas Aut\u00f4nomos. Gustavo Bosch Petini Desenvolvedor na Tecgraf Agro, onde trabalha h\u00e1 23 anos, est\u00e1 na equipe que desenvolve o &hellip; <a href=\"https:\/\/tecgraf.com.br\/en\/banco-de-especialistas\/\">Continued<\/a><\/p>","protected":false},"author":2,"featured_media":0,"parent":0,"menu_order":0,"comment_status":"closed","ping_status":"closed","template":"elementor_header_footer","meta":{"kt_blocks_editor_width":"","_joinchat":[],"footnotes":""},"class_list":["post-10783","page","type-page","status-publish","hentry"],"_links":{"self":[{"href":"https:\/\/tecgraf.com.br\/en\/wp-json\/wp\/v2\/pages\/10783"}],"collection":[{"href":"https:\/\/tecgraf.com.br\/en\/wp-json\/wp\/v2\/pages"}],"about":[{"href":"https:\/\/tecgraf.com.br\/en\/wp-json\/wp\/v2\/types\/page"}],"author":[{"embeddable":true,"href":"https:\/\/tecgraf.com.br\/en\/wp-json\/wp\/v2\/users\/2"}],"replies":[{"embeddable":true,"href":"https:\/\/tecgraf.com.br\/en\/wp-json\/wp\/v2\/comments?post=10783"}],"version-history":[{"count":18,"href":"https:\/\/tecgraf.com.br\/en\/wp-json\/wp\/v2\/pages\/10783\/revisions"}],"predecessor-version":[{"id":10808,"href":"https:\/\/tecgraf.com.br\/en\/wp-json\/wp\/v2\/pages\/10783\/revisions\/10808"}],"wp:attachment":[{"href":"https:\/\/tecgraf.com.br\/en\/wp-json\/wp\/v2\/media?parent=10783"}],"curies":[{"name":"wp","href":"https:\/\/api.w.org\/{rel}","templated":true}]}}