{"id":10691,"date":"2024-05-15T16:05:02","date_gmt":"2024-05-15T19:05:02","guid":{"rendered":"http:\/\/tecgraf.com.br\/?page_id=10691"},"modified":"2024-08-26T11:26:09","modified_gmt":"2024-08-26T14:26:09","slug":"teste","status":"publish","type":"page","link":"https:\/\/tecgraf.com.br\/en\/teste\/","title":{"rendered":"Teste"},"content":{"rendered":"<div data-elementor-type=\"wp-page\" data-elementor-id=\"10691\" class=\"elementor elementor-10691\" data-elementor-post-type=\"page\">\n\t\t\t\t\t\t<section class=\"elementor-section elementor-top-section elementor-element elementor-element-c918bbe elementor-section-boxed elementor-section-height-default elementor-section-height-default\" data-id=\"c918bbe\" data-element_type=\"section\">\n\t\t\t\t\t\t<div class=\"elementor-container elementor-column-gap-default\">\n\t\t\t\t\t<div class=\"elementor-column elementor-col-100 elementor-top-column elementor-element elementor-element-05e6464\" data-id=\"05e6464\" data-element_type=\"column\">\n\t\t\t<div class=\"elementor-widget-wrap elementor-element-populated\">\n\t\t\t\t\t\t<div class=\"elementor-element elementor-element-5a6fd92 elementor-widget elementor-widget-heading\" data-id=\"5a6fd92\" data-element_type=\"widget\" data-widget_type=\"heading.default\">\n\t\t\t\t<div class=\"elementor-widget-container\">\n\t\t\t\t\t<h2 class=\"elementor-heading-title elementor-size-default\">About Us<\/h2>\t\t\t\t<\/div>\n\t\t\t\t<\/div>\n\t\t\t\t\t<\/div>\n\t\t<\/div>\n\t\t\t\t\t<\/div>\n\t\t<\/section>\n\t\t\t\t<section class=\"elementor-section elementor-top-section elementor-element elementor-element-044634b elementor-section-boxed elementor-section-height-default elementor-section-height-default\" data-id=\"044634b\" data-element_type=\"section\">\n\t\t\t\t\t\t<div class=\"elementor-container elementor-column-gap-default\">\n\t\t\t\t\t<div class=\"elementor-column elementor-col-100 elementor-top-column elementor-element elementor-element-c518e13\" data-id=\"c518e13\" data-element_type=\"column\">\n\t\t\t<div class=\"elementor-widget-wrap elementor-element-populated\">\n\t\t\t\t\t\t<div class=\"elementor-element elementor-element-7a9e097 elementor-widget elementor-widget-text-editor\" data-id=\"7a9e097\" data-element_type=\"widget\" data-widget_type=\"text-editor.default\">\n\t\t\t\t<div class=\"elementor-widget-container\">\n\t\t\t\t\t\t\t\t\t<p class=\" translation-block\">TECGRAF AGRO was created in 1990 with the goal of offering solutions in CAD technology. Around 2010, in order to attend to the needs of producers who were trying to adapt to new rural technologies, such as GPS installations and automated pilots, TECGRAF AGRO began working with solutions for advanced agricultural projects.<\/p><p class=\" translation-block\">We are the pioneers in this type of solution, and our market success is based on the efforts we put into understanding our clients and developing solutions that actually attend to your needs in the countryside, increasing productivity and profitability in your plantation.<\/p><p class=\" translation-block\">We perform all over Brazil and in 17 other countries in the five continents. We base off ethics, decency, innovation and in the commitment to what is agreed to offer a highly positive experience to our clients with all of our departments.<\/p><p class=\" translation-block\">Guided by our values, we keep our products updated according to the new agricultural technologies, provide high-level training and technical support, share news, and continuously improve our business model so that our clients have easy access to what we offer, with clear and accessible commercial conditions.<\/p>\t\t\t\t\t\t\t\t<\/div>\n\t\t\t\t<\/div>\n\t\t\t\t\t<\/div>\n\t\t<\/div>\n\t\t\t\t\t<\/div>\n\t\t<\/section>\n\t\t\t\t<\/div>","protected":false},"excerpt":{"rendered":"<p>Quem Somos A&nbsp;TECGRAF AGRO&nbsp;nasceu em 1990 com o objetivo de fornecer solu\u00e7\u00f5es em tecnologias CAD. Por volta de 2010, em busca de atender as necessidades de produtores que procuravam se adaptar \u00e0s novas tecnologias no campo, como a aplica\u00e7\u00e3o do &hellip; <a href=\"https:\/\/tecgraf.com.br\/en\/teste\/\">Continued<\/a><\/p>","protected":false},"author":2,"featured_media":0,"parent":0,"menu_order":0,"comment_status":"closed","ping_status":"closed","template":"","meta":{"kt_blocks_editor_width":"","_joinchat":[],"footnotes":""},"class_list":["post-10691","page","type-page","status-publish","hentry"],"_links":{"self":[{"href":"https:\/\/tecgraf.com.br\/en\/wp-json\/wp\/v2\/pages\/10691"}],"collection":[{"href":"https:\/\/tecgraf.com.br\/en\/wp-json\/wp\/v2\/pages"}],"about":[{"href":"https:\/\/tecgraf.com.br\/en\/wp-json\/wp\/v2\/types\/page"}],"author":[{"embeddable":true,"href":"https:\/\/tecgraf.com.br\/en\/wp-json\/wp\/v2\/users\/2"}],"replies":[{"embeddable":true,"href":"https:\/\/tecgraf.com.br\/en\/wp-json\/wp\/v2\/comments?post=10691"}],"version-history":[{"count":44,"href":"https:\/\/tecgraf.com.br\/en\/wp-json\/wp\/v2\/pages\/10691\/revisions"}],"predecessor-version":[{"id":11791,"href":"https:\/\/tecgraf.com.br\/en\/wp-json\/wp\/v2\/pages\/10691\/revisions\/11791"}],"wp:attachment":[{"href":"https:\/\/tecgraf.com.br\/en\/wp-json\/wp\/v2\/media?parent=10691"}],"curies":[{"name":"wp","href":"https:\/\/api.w.org\/{rel}","templated":true}]}}